{"id":41240,"date":"2024-05-07T21:37:33","date_gmt":"2024-05-07T19:37:33","guid":{"rendered":"https:\/\/beckertoys.com\/cookie-policy\/"},"modified":"2026-05-13T22:58:17","modified_gmt":"2026-05-13T20:58:17","slug":"cookie-policy","status":"publish","type":"page","link":"https:\/\/beckertoys.com\/en\/cookie-policy\/","title":{"rendered":"Cookie Policy"},"content":{"rendered":"\t\t<div data-elementor-type=\"wp-page\" data-elementor-id=\"41240\" class=\"elementor elementor-41240 elementor-2390\" data-elementor-post-type=\"page\">\n\t\t\t\t<div class=\"elementor-element elementor-element-a179064 e-flex e-con-boxed e-con e-parent\" data-id=\"a179064\" data-element_type=\"container\" data-e-type=\"container\" data-settings=\"{&quot;jet_parallax_layout_list&quot;:[]}\">\n\t\t\t\t\t<div class=\"e-con-inner\">\n\t\t\t\t<div class=\"elementor-element elementor-element-6af012b elementor-widget elementor-widget-heading\" data-id=\"6af012b\" data-element_type=\"widget\" data-e-type=\"widget\" data-widget_type=\"heading.default\">\n\t\t\t\t<div class=\"elementor-widget-container\">\n\t\t\t\t\t<h2 class=\"elementor-heading-title elementor-size-default\">Cookie Policy<\/h2>\t\t\t\t<\/div>\n\t\t\t\t<\/div>\n\t\t\t\t\t<\/div>\n\t\t\t\t<\/div>\n\t\t<div class=\"elementor-element elementor-element-0cade2a e-flex e-con-boxed e-con e-parent\" data-id=\"0cade2a\" data-element_type=\"container\" data-e-type=\"container\" data-settings=\"{&quot;jet_parallax_layout_list&quot;:[]}\">\n\t\t\t\t\t<div class=\"e-con-inner\">\n\t\t\t\t<div class=\"elementor-element elementor-element-dc4c56c elementor-widget elementor-widget-text-editor\" data-id=\"dc4c56c\" data-element_type=\"widget\" data-e-type=\"widget\" data-widget_type=\"text-editor.default\">\n\t\t\t\t<div class=\"elementor-widget-container\">\n\t\t\t\t\t\t\t\t\t<p><strong>Cookie Policy<\/strong><\/p><p><strong>Fecha de \u00faltima actualizaci\u00f3n: [08\/05\/2024]<\/strong><\/p><p><strong>1. Introducci\u00f3n<\/strong><\/p><p>Esta Cookie Policy explica c\u00f3mo Becker Toys utiliza cookies y tecnolog\u00edas similares cuando visitas nuestro sitio web beckertoys.com.<\/p><p><strong>2. \u00bfQu\u00e9 son las cookies?<\/strong><\/p><p>The cookies son peque\u00f1os archivos de texto que se almacenan en tu dispositivo (ordenador, smartphone, tableta, etc.) cuando visitas ciertos sitios web. The cookies permiten que un sitio web reconozca tu dispositivo y recopile informaci\u00f3n sobre tu navegaci\u00f3n y preferencias en l\u00ednea.<\/p><p><strong>3. Tipos de cookies que utilizamos<\/strong><\/p><p><strong>Cookies de sesi\u00f3n:<\/strong> Estas cookies son temporales y se eliminan cuando cierras tu navegador. Nos ayudan a mejorar tu experiencia de navegaci\u00f3n mientras visitas nuestro sitio web.<\/p><p><strong>Cookies persistentes:<\/strong> Estas cookies permanecen en tu dispositivo despu\u00e9s de cerrar tu navegador y nos permiten reconocerte cuando vuelves a visitar nuestro sitio web. Estas cookies nos ayudan a recordar tus preferencias y personalizar tu experiencia en l\u00ednea.<\/p><p><strong>Cookies de rendimiento:<\/strong> Utilizamos estas cookies para recopilar informaci\u00f3n sobre c\u00f3mo utilizas nuestro sitio web, como las p\u00e1ginas que visitas y los enlaces en los que haces clic. Esta informaci\u00f3n nos ayuda a mejorar el rendimiento de nuestro sitio web y a proporcionarte una mejor experiencia de usuario.<\/p><p><strong>Cookies de funcionalidad:<\/strong> Estas cookies nos permiten recordar tus preferencias y personalizar tu experiencia en l\u00ednea. Por ejemplo, podemos utilizar cookies de funcionalidad para recordar tu idioma preferido o la regi\u00f3n en la que te encuentras.<\/p><p><strong>Cookies de terceros:<\/strong> Utilizamos cookies de terceros, como Google Analytics, para recopilar informaci\u00f3n sobre tu navegaci\u00f3n en nuestro sitio web con fines de an\u00e1lisis y publicidad. Estas cookies son gestionadas por terceros y est\u00e1n sujetas a sus propias pol\u00edticas de privacidad.<\/p><p><strong>4. Control de cookies<\/strong><\/p><p>Puedes gestionar tus preferencias de cookies a trav\u00e9s de la configuraci\u00f3n de tu navegador. Sin embargo, ten en cuenta que deshabilitar ciertas cookies puede afectar la funcionalidad de nuestro sitio web.<\/p><p><strong>5. Cambios en nuestra pol\u00edtica de cookies<\/strong><\/p><p>Nos reservamos el derecho de actualizar esta Cookie Policy en cualquier momento. Te recomendamos que revises esta p\u00e1gina peri\u00f3dicamente para estar al tanto de cualquier cambio.<\/p><p><strong>6. Contacto<\/strong><\/p><p>Si tienes alguna pregunta sobre nuestra Cookie Policy, no dudes en ponerte en contacto con nosotros en info@beckertoys.com.<\/p><p><strong>7. Aceptaci\u00f3n de cookies<\/strong><\/p><p>Al continuar utilizando nuestro sitio web, aceptas el uso de cookies de acuerdo con esta Cookie Policy.<\/p>\t\t\t\t\t\t\t\t<\/div>\n\t\t\t\t<\/div>\n\t\t\t\t\t<\/div>\n\t\t\t\t<\/div>\n\t\t\t\t<\/div>\n\t\t","protected":false},"excerpt":{"rendered":"<p>Cookie Policy Cookie Policy Fecha de \u00faltima actualizaci\u00f3n: [08\/05\/2024] 1. Introducci\u00f3n Esta Cookie Policy explica c\u00f3mo Becker Toys utiliza cookies y tecnolog\u00edas similares cuando visitas nuestro sitio web beckertoys.com. 2. \u00bfQu\u00e9 son las cookies? The cookies son peque\u00f1os archivos de texto que se almacenan en tu dispositivo (ordenador, smartphone, tableta, etc.) cuando visitas ciertos sitios &#8230; <a title=\"Cookie Policy\" class=\"read-more\" href=\"https:\/\/beckertoys.com\/en\/cookie-policy\/\" aria-label=\"Read more about Cookie Policy\">Read more<\/a><\/p>\n","protected":false},"author":1,"featured_media":0,"parent":0,"menu_order":0,"comment_status":"closed","ping_status":"closed","template":"elementor_header_footer","meta":{"_acf_changed":false,"_jet_sm_ready_style":"","_jet_sm_style":"","_jet_sm_controls_values":"","_jet_sm_fonts_collection":"","_jet_sm_fonts_links":"","footnotes":""},"class_list":["post-41240","page","type-page","status-publish"],"acf":[],"_links":{"self":[{"href":"https:\/\/beckertoys.com\/en\/wp-json\/wp\/v2\/pages\/41240","targetHints":{"allow":["GET"]}}],"collection":[{"href":"https:\/\/beckertoys.com\/en\/wp-json\/wp\/v2\/pages"}],"about":[{"href":"https:\/\/beckertoys.com\/en\/wp-json\/wp\/v2\/types\/page"}],"author":[{"embeddable":true,"href":"https:\/\/beckertoys.com\/en\/wp-json\/wp\/v2\/users\/1"}],"replies":[{"embeddable":true,"href":"https:\/\/beckertoys.com\/en\/wp-json\/wp\/v2\/comments?post=41240"}],"version-history":[{"count":8,"href":"https:\/\/beckertoys.com\/en\/wp-json\/wp\/v2\/pages\/41240\/revisions"}],"predecessor-version":[{"id":43044,"href":"https:\/\/beckertoys.com\/en\/wp-json\/wp\/v2\/pages\/41240\/revisions\/43044"}],"wp:attachment":[{"href":"https:\/\/beckertoys.com\/en\/wp-json\/wp\/v2\/media?parent=41240"}],"curies":[{"name":"wp","href":"https:\/\/api.w.org\/{rel}","templated":true}]}}