{"id":44224,"date":"2026-04-22T10:48:37","date_gmt":"2026-04-22T08:48:37","guid":{"rendered":"https:\/\/beckertoys.com\/producto\/masters-of-the-universe-cartoon-shadow-weaver\/"},"modified":"2026-05-15T12:00:47","modified_gmt":"2026-05-15T10:00:47","slug":"masters-of-the-universe-cartoon-shadow-weaver","status":"publish","type":"product","link":"https:\/\/beckertoys.com\/en\/mattel\/masters-of-the-universe-cartoon-shadow-weaver\/","title":{"rendered":"Masters of the Universe Cartoon Shadow Weaver"},"content":{"rendered":"<p data-start=\"0\" data-end=\"81\"><strong data-start=\"0\" data-end=\"81\">Masters of the Universe Origins Figura Cartoon Collection Shadow Weaver 14 cm<\/strong><\/p>\n<p data-start=\"83\" data-end=\"496\">Incorpora a tu collection a <strong data-start=\"110\" data-end=\"127\">Shadow Weaver<\/strong>, una de las villanas m\u00e1s emblem\u00e1ticas del universo de <strong data-start=\"182\" data-end=\"224\">He-Man and the Masters of the Universe<\/strong>, con esta figura de la l\u00ednea <strong data-start=\"254\" data-end=\"276\">Cartoon Collection<\/strong> de <strong data-start=\"280\" data-end=\"315\">Masters of the Universe Origins<\/strong>. Inspirada en su apariencia en la serie de animaci\u00f3n cl\u00e1sica, esta versi\u00f3n recrea con gran fidelidad su inconfundible t\u00fanica, su face oculto en sombras y su aura de magia oscura.<\/p>\n<p data-start=\"498\" data-end=\"853\">Como una de las hechiceras m\u00e1s temidas de Eternia, Shadow Weaver es un personaje imprescindible para completar el bando de los villanos en cualquier collection de MOTU. Esta figura combina el estilo retro de la l\u00ednea Origins con un acabado fiel al dise\u00f1o del dibujo animado, convirti\u00e9ndola en una pieza ideal para collectors y fans de la serie cl\u00e1sica.<\/p>\n<p data-start=\"855\" data-end=\"1014\">Includes accessories inspirados en el personaje, perfects para exposici\u00f3n o para ampliar tu collection de <strong data-start=\"959\" data-end=\"1013\">Masters of the Universe Origins Cartoon Collection<\/strong>.<\/p>\n<p data-start=\"1016\" data-end=\"1036\"><strong data-start=\"1016\" data-end=\"1036\">Features:<\/strong><\/p>\n<ul data-start=\"1038\" data-end=\"1316\" data-is-last-node=\"\" data-is-only-node=\"\">\n<li data-section-id=\"1lfcu17\" data-start=\"1038\" data-end=\"1055\">Brand: Mattel<\/li>\n<li data-section-id=\"1w38nvm\" data-start=\"1056\" data-end=\"1121\">Collection: Masters of the Universe Origins Cartoon Collection<\/li>\n<li data-section-id=\"1djtebh\" data-start=\"1122\" data-end=\"1150\">Character: Shadow Weaver<\/li>\n<li data-section-id=\"1kxdpwe\" data-start=\"1151\" data-end=\"1203\">Licence: He-Man and the Masters of the Universe<\/li>\n<li data-section-id=\"4pzz4i\" data-start=\"1204\" data-end=\"1232\">Approximate height: 14 cm<\/li>\n<li data-section-id=\"ti093q\" data-start=\"1233\" data-end=\"1255\">Includes accessories<\/li>\n<li data-section-id=\"19tgii2\" data-start=\"1256\" data-end=\"1300\">Presentation: illustrated original blister pack<\/li>\n<li data-section-id=\"1it70f1\" data-start=\"1301\" data-end=\"1316\" data-is-last-node=\"\">Condition: New<\/li>\n<\/ul>\n","protected":false},"excerpt":{"rendered":"<p><span data-sheets-root=\"1\">Masters of the Universe Origins Figura Cartoon Collection: Shadow Weaver 14 cm<\/span><\/p>\n","protected":false},"featured_media":44226,"template":"","meta":{"_acf_changed":false,"_jet_sm_ready_style":"","_jet_sm_style":"","_jet_sm_controls_values":"","_jet_sm_fonts_collection":"","_jet_sm_fonts_links":""},"product_brand":[244],"product_cat":[245,246],"product_tag":[],"class_list":{"0":"post-44224","1":"product","2":"type-product","3":"status-publish","4":"has-post-thumbnail","6":"product_brand-mattel","7":"product_cat-collectible-toys","8":"product_cat-master-of-universe-he-man","9":"sales-flash-overlay","10":"woocommerce-text-align-center","11":"woocommerce-image-align-center","12":"do-quantity-buttons","13":"wc-has-gallery","15":"first","16":"instock","17":"shipping-taxable","18":"purchasable","19":"product-type-simple"},"acf":[],"_links":{"self":[{"href":"https:\/\/beckertoys.com\/en\/wp-json\/wp\/v2\/product\/44224","targetHints":{"allow":["GET"]}}],"collection":[{"href":"https:\/\/beckertoys.com\/en\/wp-json\/wp\/v2\/product"}],"about":[{"href":"https:\/\/beckertoys.com\/en\/wp-json\/wp\/v2\/types\/product"}],"version-history":[{"count":2,"href":"https:\/\/beckertoys.com\/en\/wp-json\/wp\/v2\/product\/44224\/revisions"}],"predecessor-version":[{"id":47885,"href":"https:\/\/beckertoys.com\/en\/wp-json\/wp\/v2\/product\/44224\/revisions\/47885"}],"wp:featuredmedia":[{"embeddable":true,"href":"https:\/\/beckertoys.com\/en\/wp-json\/wp\/v2\/media\/44226"}],"wp:attachment":[{"href":"https:\/\/beckertoys.com\/en\/wp-json\/wp\/v2\/media?parent=44224"}],"wp:term":[{"taxonomy":"product_brand","embeddable":true,"href":"https:\/\/beckertoys.com\/en\/wp-json\/wp\/v2\/product_brand?post=44224"},{"taxonomy":"product_cat","embeddable":true,"href":"https:\/\/beckertoys.com\/en\/wp-json\/wp\/v2\/product_cat?post=44224"},{"taxonomy":"product_tag","embeddable":true,"href":"https:\/\/beckertoys.com\/en\/wp-json\/wp\/v2\/product_tag?post=44224"}],"curies":[{"name":"wp","href":"https:\/\/api.w.org\/{rel}","templated":true}]}}