{"id":44399,"date":"2026-04-22T11:08:27","date_gmt":"2026-04-22T09:08:27","guid":{"rendered":"https:\/\/beckertoys.com\/producto\/masters-of-the-universe-x-transformers-megatron-armor-skeletor\/"},"modified":"2026-05-15T12:01:12","modified_gmt":"2026-05-15T10:01:12","slug":"masters-of-the-universe-x-transformers-megatron-armor-skeletor","status":"publish","type":"product","link":"https:\/\/beckertoys.com\/en\/mattel\/masters-of-the-universe-x-transformers-megatron-armor-skeletor\/","title":{"rendered":"Masters of the Universe x Transformers Megatron Armor Skeletor"},"content":{"rendered":"<p data-start=\"0\" data-end=\"98\"><strong data-start=\"0\" data-end=\"98\">Masters of the Universe x Transformers Figura Megatron Armor Skeletor European Exclusive 14 cm<\/strong><\/p>\n<p data-start=\"100\" data-end=\"496\">Discover una de las colaboraciones m\u00e1s sorprendentes del coleccionismo con esta figura de <strong data-start=\"190\" data-end=\"217\">Megatron Armor Skeletor<\/strong>, perteneciente al crossover entre <strong data-start=\"252\" data-end=\"279\">Masters of the Universe<\/strong> y <strong data-start=\"282\" data-end=\"298\">Transformers<\/strong>. Esta edition especial fusiona a Skeletor, el gran villano de Eternia, con la est\u00e9tica y el poder de Megatron, l\u00edder de los Decepticons, dando como resultado una figura espectacular y muy original.<\/p>\n<p data-start=\"498\" data-end=\"855\">Con una combinaci\u00f3n de colores inspirada en Megatron y varios accessories incluidos, esta figura de <strong data-start=\"597\" data-end=\"606\">14 cm<\/strong> es perfecta for fans de ambas franquicias y para collectors que buscan piezas exclusive y diferentes. Su dise\u00f1o mezcla a la perfecci\u00f3n el universo cl\u00e1sico de <strong data-start=\"771\" data-end=\"798\">Masters of the Universe<\/strong> con la esencia rob\u00f3tica y futurista de <strong data-start=\"838\" data-end=\"854\">Transformers<\/strong>.<\/p>\n<p data-start=\"857\" data-end=\"1009\">Una pieza ideal para exposici\u00f3n, para completar una collection tem\u00e1tica de crossovers o para regalar a amantes de la cultura pop y las action figures.<\/p>\n<p data-start=\"1011\" data-end=\"1031\"><strong data-start=\"1011\" data-end=\"1031\">Features:<\/strong><\/p>\n<ul data-start=\"1033\" data-end=\"1338\" data-is-last-node=\"\" data-is-only-node=\"\">\n<li data-section-id=\"1lfcu17\" data-start=\"1033\" data-end=\"1050\">Brand: Mattel<\/li>\n<li data-section-id=\"16ixyvd\" data-start=\"1051\" data-end=\"1104\">Collection: Masters of the Universe x Transformers<\/li>\n<li data-section-id=\"160u82m\" data-start=\"1105\" data-end=\"1143\">Character: Megatron Armor Skeletor<\/li>\n<li data-section-id=\"3s0nih\" data-start=\"1144\" data-end=\"1196\">Licence: Masters of the Universe \/ Transformers<\/li>\n<li data-section-id=\"4pzz4i\" data-start=\"1197\" data-end=\"1225\">Approximate height: 14 cm<\/li>\n<li data-section-id=\"113xvys\" data-start=\"1226\" data-end=\"1257\">Edici\u00f3n: European Exclusive<\/li>\n<li data-section-id=\"ti093q\" data-start=\"1258\" data-end=\"1280\">Includes accessories<\/li>\n<li data-section-id=\"1x1x466\" data-start=\"1281\" data-end=\"1322\">Presentation: Box original ilustrada<\/li>\n<li data-section-id=\"1it70f1\" data-start=\"1323\" data-end=\"1338\" data-is-last-node=\"\">Condition: New<\/li>\n<\/ul>\n","protected":false},"excerpt":{"rendered":"<p><span data-sheets-root=\"1\">Masters of the Universe x Transformers Figura Megatron Armor Skeletor HEO European Exclusive 14 cm<\/span><\/p>\n","protected":false},"featured_media":44401,"template":"","meta":{"_acf_changed":false,"_jet_sm_ready_style":"","_jet_sm_style":"","_jet_sm_controls_values":"","_jet_sm_fonts_collection":"","_jet_sm_fonts_links":""},"product_brand":[244],"product_cat":[245,246,271],"product_tag":[],"class_list":{"0":"post-44399","1":"product","2":"type-product","3":"status-publish","4":"has-post-thumbnail","6":"product_brand-mattel","7":"product_cat-collectible-toys","8":"product_cat-master-of-universe-he-man","9":"product_cat-transformers","10":"sales-flash-overlay","11":"woocommerce-text-align-center","12":"woocommerce-image-align-center","13":"do-quantity-buttons","14":"wc-has-gallery","16":"first","17":"instock","18":"shipping-taxable","19":"purchasable","20":"product-type-simple"},"acf":[],"_links":{"self":[{"href":"https:\/\/beckertoys.com\/en\/wp-json\/wp\/v2\/product\/44399","targetHints":{"allow":["GET"]}}],"collection":[{"href":"https:\/\/beckertoys.com\/en\/wp-json\/wp\/v2\/product"}],"about":[{"href":"https:\/\/beckertoys.com\/en\/wp-json\/wp\/v2\/types\/product"}],"version-history":[{"count":2,"href":"https:\/\/beckertoys.com\/en\/wp-json\/wp\/v2\/product\/44399\/revisions"}],"predecessor-version":[{"id":47975,"href":"https:\/\/beckertoys.com\/en\/wp-json\/wp\/v2\/product\/44399\/revisions\/47975"}],"wp:featuredmedia":[{"embeddable":true,"href":"https:\/\/beckertoys.com\/en\/wp-json\/wp\/v2\/media\/44401"}],"wp:attachment":[{"href":"https:\/\/beckertoys.com\/en\/wp-json\/wp\/v2\/media?parent=44399"}],"wp:term":[{"taxonomy":"product_brand","embeddable":true,"href":"https:\/\/beckertoys.com\/en\/wp-json\/wp\/v2\/product_brand?post=44399"},{"taxonomy":"product_cat","embeddable":true,"href":"https:\/\/beckertoys.com\/en\/wp-json\/wp\/v2\/product_cat?post=44399"},{"taxonomy":"product_tag","embeddable":true,"href":"https:\/\/beckertoys.com\/en\/wp-json\/wp\/v2\/product_tag?post=44399"}],"curies":[{"name":"wp","href":"https:\/\/api.w.org\/{rel}","templated":true}]}}