{"id":45179,"date":"2026-05-11T19:59:42","date_gmt":"2026-05-11T17:59:42","guid":{"rendered":"https:\/\/beckertoys.com\/producto\/barbie-russian-suelta-de-1996\/"},"modified":"2026-05-15T12:03:05","modified_gmt":"2026-05-15T10:03:05","slug":"barbie-russian-suelta-de-1996","status":"publish","type":"product","link":"https:\/\/beckertoys.com\/en\/mattel\/barbie-russian-suelta-de-1996\/","title":{"rendered":"Barbie Russian Suelta de 1996"},"content":{"rendered":"<p><strong>Barbie Russian Dolls of the World Collector Edition<\/strong> from 1996 es una figura ic\u00f3nica de la collection Barbie. Esta versi\u00f3n de Barbie presenta a la famosa doll con un <strong>traje tradicional ruso<\/strong> que podr\u00eda ser usado durante un festival o una boda.<\/p>\n<p>Barbie tiene una t\u00fanica roja adornada con cintas doradas y lleva una blusa blanca debajo. Su falda tambi\u00e9n est\u00e1 decorada con cintas multicolores en el centro y cintas doradas alrededor del borde. Su peinado includes una corona roja y dorada sobre su cabello rubio, que est\u00e1 trenzado en una larga y gruesa trenza. Adem\u00e1s, lleva botas rojas y pendientes dorados para completar su atuendo.<\/p>\n<p>Esta Barbie es una pieza especial para cualquier collection de Barbie vintage y es muy valorada por su dise\u00f1o detallado y autenticidad cultural.<\/p>\n","protected":false},"excerpt":{"rendered":"<p>Collectible doll Dolls of the World &#8211; Barbie Russian Loose from 1996. Never played with. En perfect condition. Damaged box.<\/p>\n<p>Second-hand item.<\/p>\n","protected":false},"featured_media":45185,"template":"","meta":{"_acf_changed":false,"_jet_sm_ready_style":"","_jet_sm_style":"","_jet_sm_controls_values":"","_jet_sm_fonts_collection":"","_jet_sm_fonts_links":""},"product_brand":[244],"product_cat":[284,289,317],"product_tag":[],"class_list":{"0":"post-45179","1":"product","2":"type-product","3":"status-publish","4":"has-post-thumbnail","6":"product_brand-mattel","7":"product_cat-barbie-dolls","8":"product_cat-barbie-outlet","9":"product_cat-cheap-barbie-dolls","10":"sales-flash-overlay","11":"woocommerce-text-align-center","12":"woocommerce-image-align-center","13":"do-quantity-buttons","14":"wc-has-gallery","16":"first","17":"instock","18":"sale","19":"shipping-taxable","20":"purchasable","21":"product-type-simple"},"acf":[],"_links":{"self":[{"href":"https:\/\/beckertoys.com\/en\/wp-json\/wp\/v2\/product\/45179","targetHints":{"allow":["GET"]}}],"collection":[{"href":"https:\/\/beckertoys.com\/en\/wp-json\/wp\/v2\/product"}],"about":[{"href":"https:\/\/beckertoys.com\/en\/wp-json\/wp\/v2\/types\/product"}],"version-history":[{"count":1,"href":"https:\/\/beckertoys.com\/en\/wp-json\/wp\/v2\/product\/45179\/revisions"}],"predecessor-version":[{"id":48230,"href":"https:\/\/beckertoys.com\/en\/wp-json\/wp\/v2\/product\/45179\/revisions\/48230"}],"wp:featuredmedia":[{"embeddable":true,"href":"https:\/\/beckertoys.com\/en\/wp-json\/wp\/v2\/media\/45185"}],"wp:attachment":[{"href":"https:\/\/beckertoys.com\/en\/wp-json\/wp\/v2\/media?parent=45179"}],"wp:term":[{"taxonomy":"product_brand","embeddable":true,"href":"https:\/\/beckertoys.com\/en\/wp-json\/wp\/v2\/product_brand?post=45179"},{"taxonomy":"product_cat","embeddable":true,"href":"https:\/\/beckertoys.com\/en\/wp-json\/wp\/v2\/product_cat?post=45179"},{"taxonomy":"product_tag","embeddable":true,"href":"https:\/\/beckertoys.com\/en\/wp-json\/wp\/v2\/product_tag?post=45179"}],"curies":[{"name":"wp","href":"https:\/\/api.w.org\/{rel}","templated":true}]}}