{"id":45318,"date":"2026-05-13T09:59:30","date_gmt":"2026-05-13T07:59:30","guid":{"rendered":"https:\/\/beckertoys.com\/producto\/barbie-hbc-stripes-limited-edition-de-2019\/"},"modified":"2026-05-15T12:03:22","modified_gmt":"2026-05-15T10:03:22","slug":"barbie-hbc-stripes-limited-edition-de-2019","status":"publish","type":"product","link":"https:\/\/beckertoys.com\/en\/mattel\/barbie-hbc-stripes-limited-edition-de-2019\/","title":{"rendered":"Barbie HBC Stripes Limited Edition de 2019"},"content":{"rendered":"<p data-start=\"0\" data-end=\"403\"><strong data-start=\"3\" data-end=\"46\">Barbie HBC Stripes Limited Edition 2019<\/strong> es una edition especial de <strong data-start=\"74\" data-end=\"94\">Barbie Signature<\/strong> creada para conmemorar los <strong data-start=\"122\" data-end=\"176\">350 a\u00f1os de aventura de Hudson\u2019s Bay Company (HBC)<\/strong>. Inspirada en la belleza de las <strong data-start=\"209\" data-end=\"241\">Monta\u00f1as Rocosas canadienses<\/strong> y en el esp\u00edritu explorador de la firma, esta doll luce un estilo outdoor muy reconocible, protagonizado por la ic\u00f3nica combinaci\u00f3n de colores <strong data-start=\"387\" data-end=\"402\">HBC Stripes<\/strong>.<\/p>\n<p data-start=\"405\" data-end=\"742\">Su look includes una llamativa <strong data-start=\"435\" data-end=\"468\">chaqueta acolchada multicolor<\/strong>, camisa vaquera, pantal\u00f3n de aventura, ri\u00f1onera a juego y un accesorio en forma de <strong data-start=\"552\" data-end=\"560\">remo<\/strong>, reforzando su est\u00e9tica viajera y coleccionable. Una pieza muy original para quienes buscan una Barbie diferente, moderna y ligada a la historia de una gran compa\u00f1\u00eda norteamericana.<\/p>\n<p data-start=\"744\" data-end=\"776\"><strong data-start=\"744\" data-end=\"776\">Caracter\u00edsticas principales:<\/strong><\/p>\n<ul data-start=\"777\" data-end=\"1202\">\n<li data-section-id=\"1mivd22\" data-start=\"777\" data-end=\"813\"><strong data-start=\"779\" data-end=\"792\">Product:<\/strong> Barbie HBC Stripes<\/li>\n<li data-section-id=\"6mcp0n\" data-start=\"814\" data-end=\"831\"><strong data-start=\"816\" data-end=\"824\">A\u00f1o:<\/strong> 2019<\/li>\n<li data-section-id=\"1bdjda0\" data-start=\"832\" data-end=\"867\"><strong data-start=\"834\" data-end=\"848\">Collection:<\/strong> Barbie Signature<\/li>\n<li data-section-id=\"cka4od\" data-start=\"868\" data-end=\"900\"><strong data-start=\"870\" data-end=\"882\">Edici\u00f3n:<\/strong> Limited Edition<\/li>\n<li data-section-id=\"a14a9\" data-start=\"901\" data-end=\"961\"><strong data-start=\"903\" data-end=\"919\">Inspiraci\u00f3n:<\/strong> 350 aniversario de Hudson\u2019s Bay Company<\/li>\n<li data-section-id=\"1nid1uf\" data-start=\"962\" data-end=\"1014\"><strong data-start=\"964\" data-end=\"975\">Estilo:<\/strong> aventurero \/ outdoor \/ collector<\/li>\n<li data-section-id=\"rzvilc\" data-start=\"1015\" data-end=\"1083\"><strong data-start=\"1017\" data-end=\"1043\">Accesorios destacados:<\/strong> chaqueta HBC Stripes, ri\u00f1onera y remo<\/li>\n<li data-section-id=\"1jg3y65\" data-start=\"1084\" data-end=\"1124\"><strong data-start=\"1086\" data-end=\"1103\">Presentation:<\/strong> en box expositora<\/li>\n<li data-section-id=\"1w4n08v\" data-start=\"1125\" data-end=\"1202\"><strong data-start=\"1127\" data-end=\"1155\">Tirada indicada en box:<\/strong> no m\u00e1s de <strong data-start=\"1166\" data-end=\"1202\">20.000 unidades en todo el mundo<\/strong><\/li>\n<\/ul>\n","protected":false},"excerpt":{"rendered":"<p>Collectible doll Limited Edition &#8211; Barbie HBC Stripes Limited Edition from 2019. New, never removed from the box. Damaged box.<\/p>\n","protected":false},"featured_media":45319,"template":"","meta":{"_acf_changed":false,"_jet_sm_ready_style":"","_jet_sm_style":"","_jet_sm_controls_values":"","_jet_sm_fonts_collection":"","_jet_sm_fonts_links":""},"product_brand":[244],"product_cat":[284,285],"product_tag":[],"class_list":{"0":"post-45318","1":"product","2":"type-product","3":"status-publish","4":"has-post-thumbnail","6":"product_brand-mattel","7":"product_cat-barbie-dolls","8":"product_cat-collectible-barbie","9":"sales-flash-overlay","10":"woocommerce-text-align-center","11":"woocommerce-image-align-center","12":"do-quantity-buttons","13":"wc-has-gallery","15":"first","16":"instock","17":"shipping-taxable","18":"purchasable","19":"product-type-simple"},"acf":[],"_links":{"self":[{"href":"https:\/\/beckertoys.com\/en\/wp-json\/wp\/v2\/product\/45318","targetHints":{"allow":["GET"]}}],"collection":[{"href":"https:\/\/beckertoys.com\/en\/wp-json\/wp\/v2\/product"}],"about":[{"href":"https:\/\/beckertoys.com\/en\/wp-json\/wp\/v2\/types\/product"}],"version-history":[{"count":1,"href":"https:\/\/beckertoys.com\/en\/wp-json\/wp\/v2\/product\/45318\/revisions"}],"predecessor-version":[{"id":48263,"href":"https:\/\/beckertoys.com\/en\/wp-json\/wp\/v2\/product\/45318\/revisions\/48263"}],"wp:featuredmedia":[{"embeddable":true,"href":"https:\/\/beckertoys.com\/en\/wp-json\/wp\/v2\/media\/45319"}],"wp:attachment":[{"href":"https:\/\/beckertoys.com\/en\/wp-json\/wp\/v2\/media?parent=45318"}],"wp:term":[{"taxonomy":"product_brand","embeddable":true,"href":"https:\/\/beckertoys.com\/en\/wp-json\/wp\/v2\/product_brand?post=45318"},{"taxonomy":"product_cat","embeddable":true,"href":"https:\/\/beckertoys.com\/en\/wp-json\/wp\/v2\/product_cat?post=45318"},{"taxonomy":"product_tag","embeddable":true,"href":"https:\/\/beckertoys.com\/en\/wp-json\/wp\/v2\/product_tag?post=45318"}],"curies":[{"name":"wp","href":"https:\/\/api.w.org\/{rel}","templated":true}]}}