{"id":45524,"date":"2026-05-02T16:59:39","date_gmt":"2026-05-02T14:59:39","guid":{"rendered":"https:\/\/beckertoys.com\/producto\/barbie-happy-holidays-de-1997\/"},"modified":"2026-05-15T12:01:38","modified_gmt":"2026-05-15T10:01:38","slug":"barbie-happy-holidays-de-1997","status":"publish","type":"product","link":"https:\/\/beckertoys.com\/en\/mattel\/barbie-happy-holidays-de-1997\/","title":{"rendered":"Barbie Happy Holidays de 1997"},"content":{"rendered":"<p>La\u00a0<strong>Barbie Holiday from 1997<\/strong>\u00a0marc\u00f3 el\u00a0<strong>d\u00e9cimo aniversario<\/strong>\u00a0de la serie Happy Holidays. Esta fue la \u00fanica Barbie morena en la serie. La doll rubia estaba disponible como una edition muy limited para los miembros del\u00a0<strong>Barbie Collector Club<\/strong>\u00a0y es mucho m\u00e1s rara y valiosa que la morena. Barbie lleva un vestido en tonos de\u00a0<strong>rojo, blanco y dorado<\/strong>. Los acentos rojos en los hombros parecen alas de \u00e1ngel. Adem\u00e1s, lleva una\u00a0<strong>tiara dorada con piedras rojas<\/strong>\u00a0y un collar y aretes dorados tambi\u00e9n con piedras rojas. Tambi\u00e9n existe una versi\u00f3n\u00a0<strong>afroamericana<\/strong> de esta doll.\u00a0\u00a1Una verdadera joya para celebrar la Christmas!<\/p>\n","protected":false},"excerpt":{"rendered":"<p>Collectible doll Holiday &#8211; Barbie Happy Holidays from 1997. New. Never removed from the box. Damaged box.<\/p>\n<p>Second-hand item.<\/p>\n","protected":false},"featured_media":45564,"template":"","meta":{"_acf_changed":false,"_jet_sm_ready_style":"","_jet_sm_style":"","_jet_sm_controls_values":"","_jet_sm_fonts_collection":"","_jet_sm_fonts_links":""},"product_brand":[244],"product_cat":[284,306,285],"product_tag":[],"class_list":{"0":"post-45524","1":"product","2":"type-product","3":"status-publish","4":"has-post-thumbnail","6":"product_brand-mattel","7":"product_cat-barbie-dolls","8":"product_cat-christmas-special","9":"product_cat-collectible-barbie","10":"sales-flash-overlay","11":"woocommerce-text-align-center","12":"woocommerce-image-align-center","13":"do-quantity-buttons","14":"wc-has-gallery","16":"first","17":"outofstock","18":"sale","19":"sold-individually","20":"shipping-taxable","21":"purchasable","22":"product-type-simple"},"acf":[],"_links":{"self":[{"href":"https:\/\/beckertoys.com\/en\/wp-json\/wp\/v2\/product\/45524","targetHints":{"allow":["GET"]}}],"collection":[{"href":"https:\/\/beckertoys.com\/en\/wp-json\/wp\/v2\/product"}],"about":[{"href":"https:\/\/beckertoys.com\/en\/wp-json\/wp\/v2\/types\/product"}],"version-history":[{"count":1,"href":"https:\/\/beckertoys.com\/en\/wp-json\/wp\/v2\/product\/45524\/revisions"}],"predecessor-version":[{"id":48039,"href":"https:\/\/beckertoys.com\/en\/wp-json\/wp\/v2\/product\/45524\/revisions\/48039"}],"wp:featuredmedia":[{"embeddable":true,"href":"https:\/\/beckertoys.com\/en\/wp-json\/wp\/v2\/media\/45564"}],"wp:attachment":[{"href":"https:\/\/beckertoys.com\/en\/wp-json\/wp\/v2\/media?parent=45524"}],"wp:term":[{"taxonomy":"product_brand","embeddable":true,"href":"https:\/\/beckertoys.com\/en\/wp-json\/wp\/v2\/product_brand?post=45524"},{"taxonomy":"product_cat","embeddable":true,"href":"https:\/\/beckertoys.com\/en\/wp-json\/wp\/v2\/product_cat?post=45524"},{"taxonomy":"product_tag","embeddable":true,"href":"https:\/\/beckertoys.com\/en\/wp-json\/wp\/v2\/product_tag?post=45524"}],"curies":[{"name":"wp","href":"https:\/\/api.w.org\/{rel}","templated":true}]}}