{"id":46288,"date":"2026-05-07T11:37:28","date_gmt":"2026-05-07T09:37:28","guid":{"rendered":"https:\/\/beckertoys.com\/producto\/transformers-beast-alliance-arcee-cheetor\/"},"modified":"2026-05-15T12:02:23","modified_gmt":"2026-05-15T10:02:23","slug":"transformers-beast-alliance-arcee-cheetor","status":"publish","type":"product","link":"https:\/\/beckertoys.com\/en\/hasbro\/transformers-beast-alliance-arcee-cheetor\/","title":{"rendered":"Transformers Beast Alliance Arcee &#038; Cheetor"},"content":{"rendered":"<p>Transformers Beast Alliance Arcee &amp; Cheetor es un pack doble de la l\u00ednea Beast Weaponizers, inspirado en la pel\u00edcula Transformers: Rise of the Beasts. Este set includes:<\/p>\n<p>Arcee, que se transforma de robot a motocicleta en 9 pasos.<\/p>\n<p>Cheetor, que se convierte de guepardo a hoja de garra en 4 pasos y puede acoplarse a Arcee como arma.<\/p>\n<p>Las figuras est\u00e1n dise\u00f1adas para ofrecer una experiencia de juego din\u00e1mica, combinando robots cl\u00e1sicos con bestias en una \u00e9pica alianza. Es un set ideal para los fan\u00e1ticos de Transformers y los collectors.<\/p>\n","protected":false},"excerpt":{"rendered":"<p>Transformers Beast Alliance Arcee &amp; Cheetor de Hasbro<\/p>\n","protected":false},"featured_media":46292,"template":"","meta":{"_acf_changed":false,"_jet_sm_ready_style":"","_jet_sm_style":"","_jet_sm_controls_values":"","_jet_sm_fonts_collection":"","_jet_sm_fonts_links":""},"product_brand":[337],"product_cat":[245,271],"product_tag":[],"class_list":{"0":"post-46288","1":"product","2":"type-product","3":"status-publish","4":"has-post-thumbnail","6":"product_brand-hasbro","7":"product_cat-collectible-toys","8":"product_cat-transformers","9":"sales-flash-overlay","10":"woocommerce-text-align-center","11":"woocommerce-image-align-center","12":"do-quantity-buttons","13":"wc-has-gallery","15":"first","16":"instock","17":"shipping-taxable","18":"purchasable","19":"product-type-simple"},"acf":[],"_links":{"self":[{"href":"https:\/\/beckertoys.com\/en\/wp-json\/wp\/v2\/product\/46288","targetHints":{"allow":["GET"]}}],"collection":[{"href":"https:\/\/beckertoys.com\/en\/wp-json\/wp\/v2\/product"}],"about":[{"href":"https:\/\/beckertoys.com\/en\/wp-json\/wp\/v2\/types\/product"}],"version-history":[{"count":1,"href":"https:\/\/beckertoys.com\/en\/wp-json\/wp\/v2\/product\/46288\/revisions"}],"predecessor-version":[{"id":48128,"href":"https:\/\/beckertoys.com\/en\/wp-json\/wp\/v2\/product\/46288\/revisions\/48128"}],"wp:featuredmedia":[{"embeddable":true,"href":"https:\/\/beckertoys.com\/en\/wp-json\/wp\/v2\/media\/46292"}],"wp:attachment":[{"href":"https:\/\/beckertoys.com\/en\/wp-json\/wp\/v2\/media?parent=46288"}],"wp:term":[{"taxonomy":"product_brand","embeddable":true,"href":"https:\/\/beckertoys.com\/en\/wp-json\/wp\/v2\/product_brand?post=46288"},{"taxonomy":"product_cat","embeddable":true,"href":"https:\/\/beckertoys.com\/en\/wp-json\/wp\/v2\/product_cat?post=46288"},{"taxonomy":"product_tag","embeddable":true,"href":"https:\/\/beckertoys.com\/en\/wp-json\/wp\/v2\/product_tag?post=46288"}],"curies":[{"name":"wp","href":"https:\/\/api.w.org\/{rel}","templated":true}]}}