{"id":46373,"date":"2026-05-07T19:59:44","date_gmt":"2026-05-07T17:59:44","guid":{"rendered":"https:\/\/beckertoys.com\/producto\/barbie-solo-in-the-spotlight-brunette-de-1994\/"},"modified":"2026-05-15T12:02:27","modified_gmt":"2026-05-15T10:02:27","slug":"barbie-solo-in-the-spotlight-brunette-de-1994","status":"publish","type":"product","link":"https:\/\/beckertoys.com\/en\/mattel\/barbie-solo-in-the-spotlight-brunette-de-1994\/","title":{"rendered":"Barbie Solo in the Spotlight Brunette de 1994"},"content":{"rendered":"<p><strong>Barbie &#8220;Solo in the Spotlight&#8221;<\/strong> from 1994 es una edition especial que rinde homenaje al glamour cl\u00e1sico de los a\u00f1os 60. Esta doll presenta un <strong>vestido negro ajustado con un acabado brillante<\/strong>, acompa\u00f1ado de un pa\u00f1uelo de gasa, guantes largos, un collar y pendientes elegantes. Includes un micr\u00f3fono vintage y un soporte para la doll, lo que refuerza su tem\u00e1tica de estrella en el escenario. Es una pieza collectible muy buscada por los amantes de Barbie y los entusiastas de los art\u00edculos retro<\/p>\n","protected":false},"excerpt":{"rendered":"<p>Collectible doll Reproducciones &#8211; Barbie Solo in the Spotlight Brunette from 1994. New. Never removed from the box. Damaged box.<\/p>\n<p>Second-hand item.<\/p>\n","protected":false},"featured_media":36119,"template":"","meta":{"_acf_changed":false,"_jet_sm_ready_style":"","_jet_sm_style":"","_jet_sm_controls_values":"","_jet_sm_fonts_collection":"","_jet_sm_fonts_links":""},"product_brand":[244],"product_cat":[284,285],"product_tag":[],"class_list":{"0":"post-46373","1":"product","2":"type-product","3":"status-publish","4":"has-post-thumbnail","6":"product_brand-mattel","7":"product_cat-barbie-dolls","8":"product_cat-collectible-barbie","9":"sales-flash-overlay","10":"woocommerce-text-align-center","11":"woocommerce-image-align-center","12":"do-quantity-buttons","13":"wc-has-gallery","15":"first","16":"instock","17":"sale","18":"shipping-taxable","19":"purchasable","20":"product-type-simple"},"acf":[],"_links":{"self":[{"href":"https:\/\/beckertoys.com\/en\/wp-json\/wp\/v2\/product\/46373","targetHints":{"allow":["GET"]}}],"collection":[{"href":"https:\/\/beckertoys.com\/en\/wp-json\/wp\/v2\/product"}],"about":[{"href":"https:\/\/beckertoys.com\/en\/wp-json\/wp\/v2\/types\/product"}],"version-history":[{"count":1,"href":"https:\/\/beckertoys.com\/en\/wp-json\/wp\/v2\/product\/46373\/revisions"}],"predecessor-version":[{"id":48136,"href":"https:\/\/beckertoys.com\/en\/wp-json\/wp\/v2\/product\/46373\/revisions\/48136"}],"wp:featuredmedia":[{"embeddable":true,"href":"https:\/\/beckertoys.com\/en\/wp-json\/wp\/v2\/media\/36119"}],"wp:attachment":[{"href":"https:\/\/beckertoys.com\/en\/wp-json\/wp\/v2\/media?parent=46373"}],"wp:term":[{"taxonomy":"product_brand","embeddable":true,"href":"https:\/\/beckertoys.com\/en\/wp-json\/wp\/v2\/product_brand?post=46373"},{"taxonomy":"product_cat","embeddable":true,"href":"https:\/\/beckertoys.com\/en\/wp-json\/wp\/v2\/product_cat?post=46373"},{"taxonomy":"product_tag","embeddable":true,"href":"https:\/\/beckertoys.com\/en\/wp-json\/wp\/v2\/product_tag?post=46373"}],"curies":[{"name":"wp","href":"https:\/\/api.w.org\/{rel}","templated":true}]}}