{"id":46685,"date":"2026-04-25T16:59:06","date_gmt":"2026-04-25T14:59:06","guid":{"rendered":"https:\/\/beckertoys.com\/producto\/barbie-pioneer-second-edition-lechera-de-1995\/"},"modified":"2026-05-15T12:00:26","modified_gmt":"2026-05-15T10:00:26","slug":"barbie-pioneer-second-edition-lechera-de-1995","status":"publish","type":"product","link":"https:\/\/beckertoys.com\/en\/mattel\/barbie-pioneer-second-edition-lechera-de-1995\/","title":{"rendered":"Barbie Pioneer Second Edition Lechera de 1995"},"content":{"rendered":"<p><strong>Barbie Pioneer Second Edition<\/strong> from 1995, tambi\u00e9n conocida como &#8220;Milkmaid&#8221;, es una mu\u00f1eca especial de la collection &#8220;<strong>American Stories<\/strong>&#8220;. Esta edici\u00f3n presenta a Barbie vestida con un traje t\u00edpico de una lechera del siglo XIX, includesndo un delantal, sombrero y un anillo. Su atuendo refleja la vida en el campo y la importancia de la ganader\u00eda en la historia estadounidense.<\/p>\n<p>Esta mu\u00f1eca es ideal para collectors que aprecian la autenticidad y el detalle hist\u00f3rico. Es una pieza que evoca la nostalgia de una \u00e9poca pasada y celebra las tradiciones y el trabajo duro de las mujeres pioneras.<\/p>\n","protected":false},"excerpt":{"rendered":"<p>Collectible doll American Stories &#8211; Barbie Pioneer Second Edition (Milkmaid) from 1995. New, never removed from the box. Damaged box.<\/p>\n<p>Second-hand item.<\/p>\n","protected":false},"featured_media":46706,"template":"","meta":{"_acf_changed":false,"_jet_sm_ready_style":"","_jet_sm_style":"","_jet_sm_controls_values":"","_jet_sm_fonts_collection":"","_jet_sm_fonts_links":""},"product_brand":[244],"product_cat":[284,285],"product_tag":[],"class_list":{"0":"post-46685","1":"product","2":"type-product","3":"status-publish","4":"has-post-thumbnail","6":"product_brand-mattel","7":"product_cat-barbie-dolls","8":"product_cat-collectible-barbie","9":"sales-flash-overlay","10":"woocommerce-text-align-center","11":"woocommerce-image-align-center","12":"do-quantity-buttons","13":"wc-has-gallery","15":"first","16":"instock","17":"shipping-taxable","18":"purchasable","19":"product-type-simple"},"acf":[],"_links":{"self":[{"href":"https:\/\/beckertoys.com\/en\/wp-json\/wp\/v2\/product\/46685","targetHints":{"allow":["GET"]}}],"collection":[{"href":"https:\/\/beckertoys.com\/en\/wp-json\/wp\/v2\/product"}],"about":[{"href":"https:\/\/beckertoys.com\/en\/wp-json\/wp\/v2\/types\/product"}],"version-history":[{"count":1,"href":"https:\/\/beckertoys.com\/en\/wp-json\/wp\/v2\/product\/46685\/revisions"}],"predecessor-version":[{"id":47743,"href":"https:\/\/beckertoys.com\/en\/wp-json\/wp\/v2\/product\/46685\/revisions\/47743"}],"wp:featuredmedia":[{"embeddable":true,"href":"https:\/\/beckertoys.com\/en\/wp-json\/wp\/v2\/media\/46706"}],"wp:attachment":[{"href":"https:\/\/beckertoys.com\/en\/wp-json\/wp\/v2\/media?parent=46685"}],"wp:term":[{"taxonomy":"product_brand","embeddable":true,"href":"https:\/\/beckertoys.com\/en\/wp-json\/wp\/v2\/product_brand?post=46685"},{"taxonomy":"product_cat","embeddable":true,"href":"https:\/\/beckertoys.com\/en\/wp-json\/wp\/v2\/product_cat?post=46685"},{"taxonomy":"product_tag","embeddable":true,"href":"https:\/\/beckertoys.com\/en\/wp-json\/wp\/v2\/product_tag?post=46685"}],"curies":[{"name":"wp","href":"https:\/\/api.w.org\/{rel}","templated":true}]}}