{"id":46933,"date":"2026-04-27T19:59:16","date_gmt":"2026-04-27T17:59:16","guid":{"rendered":"https:\/\/beckertoys.com\/producto\/barbie-millennium-princess-de-1999\/"},"modified":"2026-05-15T12:00:38","modified_gmt":"2026-05-15T10:00:38","slug":"barbie-millennium-princess-de-1999","status":"publish","type":"product","link":"https:\/\/beckertoys.com\/en\/mattel\/barbie-millennium-princess-de-1999\/","title":{"rendered":"Barbie Millennium Princess de 1999"},"content":{"rendered":"<p>La\u00a0<strong>Barbie Millennium Princess<\/strong>\u00a0del a\u00f1o 1999 es una mu\u00f1eca de edici\u00f3n especial lanzada para celebrar el cambio de milenio. Esta Barbie est\u00e1 vestida con un\u00a0<strong>elegante vestido de terciopelo azul real<\/strong>, adornado con\u00a0<strong>organza brillante<\/strong>\u00a0y\u00a0<strong>encaje plateado<\/strong>\u00a0que cae en cascada por el frente del vestido.\u00a0Como accessories, lleva una\u00a0<strong>tiara hermosa<\/strong>, un\u00a0<strong>collar resplandeciente<\/strong>\u00a0y un\u00a0<strong>adorno de recuerdo<\/strong>\u00a0en forma de bola de \u201ccristal\u201d, simbolizando la entrada al a\u00f1o 2000.<\/p>\n<p>El vestido de la mu\u00f1eca refleja la grandiosidad y la esperanza asociadas con la llegada del nuevo milenio, y su dise\u00f1o ha capturado la atenci\u00f3n de collectors y aficionados de Barbie.\u00a0La\u00a0<strong>Millennium Princess Barbie<\/strong>\u00a0no es solo una mu\u00f1eca, sino tambi\u00e9n un s\u00edmbolo de la \u00e9poca y un art\u00edculo collectible que muchos buscan para a\u00f1adir a sus colecciones.<\/p>\n","protected":false},"excerpt":{"rendered":"<p>Collectible doll Holiday &#8211; Barbie Millennium Princess from 1999. New. Never removed from the box. Damaged box.<\/p>\n<p>Second-hand item.<\/p>\n","protected":false},"featured_media":46968,"template":"","meta":{"_acf_changed":false,"_jet_sm_ready_style":"","_jet_sm_style":"","_jet_sm_controls_values":"","_jet_sm_fonts_collection":"","_jet_sm_fonts_links":""},"product_brand":[244],"product_cat":[284,306,285],"product_tag":[],"class_list":{"0":"post-46933","1":"product","2":"type-product","3":"status-publish","4":"has-post-thumbnail","6":"product_brand-mattel","7":"product_cat-barbie-dolls","8":"product_cat-christmas-special","9":"product_cat-collectible-barbie","10":"sales-flash-overlay","11":"woocommerce-text-align-center","12":"woocommerce-image-align-center","13":"do-quantity-buttons","14":"wc-has-gallery","16":"first","17":"instock","18":"sold-individually","19":"shipping-taxable","20":"purchasable","21":"product-type-simple"},"acf":[],"_links":{"self":[{"href":"https:\/\/beckertoys.com\/en\/wp-json\/wp\/v2\/product\/46933","targetHints":{"allow":["GET"]}}],"collection":[{"href":"https:\/\/beckertoys.com\/en\/wp-json\/wp\/v2\/product"}],"about":[{"href":"https:\/\/beckertoys.com\/en\/wp-json\/wp\/v2\/types\/product"}],"version-history":[{"count":1,"href":"https:\/\/beckertoys.com\/en\/wp-json\/wp\/v2\/product\/46933\/revisions"}],"predecessor-version":[{"id":47851,"href":"https:\/\/beckertoys.com\/en\/wp-json\/wp\/v2\/product\/46933\/revisions\/47851"}],"wp:featuredmedia":[{"embeddable":true,"href":"https:\/\/beckertoys.com\/en\/wp-json\/wp\/v2\/media\/46968"}],"wp:attachment":[{"href":"https:\/\/beckertoys.com\/en\/wp-json\/wp\/v2\/media?parent=46933"}],"wp:term":[{"taxonomy":"product_brand","embeddable":true,"href":"https:\/\/beckertoys.com\/en\/wp-json\/wp\/v2\/product_brand?post=46933"},{"taxonomy":"product_cat","embeddable":true,"href":"https:\/\/beckertoys.com\/en\/wp-json\/wp\/v2\/product_cat?post=46933"},{"taxonomy":"product_tag","embeddable":true,"href":"https:\/\/beckertoys.com\/en\/wp-json\/wp\/v2\/product_tag?post=46933"}],"curies":[{"name":"wp","href":"https:\/\/api.w.org\/{rel}","templated":true}]}}