{"id":41246,"date":"2024-05-09T20:08:04","date_gmt":"2024-05-09T18:08:04","guid":{"rendered":"https:\/\/beckertoys.com\/aviso-legal\/"},"modified":"2026-05-13T22:58:17","modified_gmt":"2026-05-13T20:58:17","slug":"aviso-legal","status":"publish","type":"page","link":"https:\/\/beckertoys.com\/fr\/aviso-legal\/","title":{"rendered":"Mentions l\u00e9gales"},"content":{"rendered":"\t\t<div data-elementor-type=\"wp-page\" data-elementor-id=\"41246\" class=\"elementor elementor-41246 elementor-2638\" data-elementor-post-type=\"page\">\n\t\t\t\t<div class=\"elementor-element elementor-element-580a253 e-flex e-con-boxed e-con e-parent\" data-id=\"580a253\" data-element_type=\"container\" data-e-type=\"container\" data-settings=\"{&quot;jet_parallax_layout_list&quot;:[]}\">\n\t\t\t\t\t<div class=\"e-con-inner\">\n\t\t\t\t<div class=\"elementor-element elementor-element-711bff6 elementor-widget elementor-widget-heading\" data-id=\"711bff6\" data-element_type=\"widget\" data-e-type=\"widget\" data-widget_type=\"heading.default\">\n\t\t\t\t<div class=\"elementor-widget-container\">\n\t\t\t\t\t<h2 class=\"elementor-heading-title elementor-size-default\">Mentions l\u00e9gales<\/h2>\t\t\t\t<\/div>\n\t\t\t\t<\/div>\n\t\t\t\t\t<\/div>\n\t\t\t\t<\/div>\n\t\t<div class=\"elementor-element elementor-element-d7d80ea e-flex e-con-boxed e-con e-parent\" data-id=\"d7d80ea\" data-element_type=\"container\" data-e-type=\"container\" data-settings=\"{&quot;jet_parallax_layout_list&quot;:[]}\">\n\t\t\t\t\t<div class=\"e-con-inner\">\n\t\t\t\t<div class=\"elementor-element elementor-element-60362b4 elementor-widget elementor-widget-text-editor\" data-id=\"60362b4\" data-element_type=\"widget\" data-e-type=\"widget\" data-widget_type=\"text-editor.default\">\n\t\t\t\t<div class=\"elementor-widget-container\">\n\t\t\t\t\t\t\t\t\t<p data-start=\"318\" data-end=\"345\">Bienvenue chez Becker Toys.<\/p><p data-start=\"347\" data-end=\"634\">Veuillez lire attentivement este aviso legal avant d\u2019utiliser ce site web. Al acceder y utilizar ce site web, aceptas los t\u00e9rminos y condiciones de uso que se detallan a continuaci\u00f3n. Si no est\u00e1s de acuerdo con estos t\u00e9rminos y condiciones, por favor, no utilices ce site web.<\/p><h3 data-start=\"636\" data-end=\"670\">1. Titularit\u00e9 du site web<\/h3><p data-start=\"671\" data-end=\"796\">Mario Gonz\u00e1lez Escribano es el titular de ce site web, con domicilio en Avda. Virgen de las Angustias 29, y NIF 45741056J.<\/p><h3 data-start=\"798\" data-end=\"841\">2. Propri\u00e9t\u00e9 intellectuelle et industrielle<\/h3><p data-start=\"842\" data-end=\"1180\">Todos los derechos de propiedad intelectual e industrial del sitio web y de su contenido (textos, im\u00e1genes, logotipos, v\u00eddeos, etc.) son propiedad de Mario Gonz\u00e1lez Escribano o de terceros autorizados. Queda prohibida cualquier reproducci\u00f3n, distribuci\u00f3n, comunicaci\u00f3n p\u00fablica o transformaci\u00f3n de dichos elementos sin autorizaci\u00f3n previa.<\/p><h3 data-start=\"1182\" data-end=\"1208\">3. Uso del sitio web<\/h3><p data-start=\"1209\" data-end=\"1476\">El usuario se compromete a hacer un uso adecuado y l\u00edcito del sitio web, de conformidad con la legislaci\u00f3n aplicable y los presentes t\u00e9rminos y condiciones. Queda prohibido cualquier uso que pueda causar da\u00f1os o perjuicios al sitio web, a otros usuarios o a terceros.<\/p><h3 data-start=\"1478\" data-end=\"1530\">4. Informaci\u00f3n fiscal, impuestos y facturaci\u00f3n<\/h3><p data-start=\"1531\" data-end=\"2095\"><strong data-start=\"1531\" data-end=\"1574\">4.1. R\u00e9gimen de Recargo de Equivalencia<\/strong><br data-start=\"1574\" data-end=\"1577\" \/>El titular de ce site web se encuentra acogido al <strong data-start=\"1630\" data-end=\"1678\">r\u00e9gimen especial del recargo de equivalencia<\/strong>. En consecuencia, <strong data-start=\"1697\" data-end=\"1837\">los precios mostrados en la web incluyen los impuestos indirectos que correspondan (IVA, cuando proceda) conforme a la normativa vigente<\/strong>.<br data-start=\"1838\" data-end=\"1841\" \/>El <strong data-start=\"1844\" data-end=\"1871\">recargo de equivalencia<\/strong> es un recargo que el minorista <strong data-start=\"1903\" data-end=\"1943\">soporta en sus achats a proveedores<\/strong> y <strong data-start=\"1946\" data-end=\"2005\">no se repercute al achatdor como un concepto adicional<\/strong>, por lo que <strong data-start=\"2018\" data-end=\"2045\">no aparecer\u00e1 desglosado<\/strong> como cargo independiente en el proceso de achat.<\/p><p data-start=\"2097\" data-end=\"2299\"><strong data-start=\"2097\" data-end=\"2146\">4.2. Art\u00edculos de segunda mano \u2013 R\u00e9gimen REBU<\/strong><br data-start=\"2146\" data-end=\"2149\" \/>Los <strong data-start=\"2153\" data-end=\"2182\">art\u00edculos de segunda mano<\/strong> ofrecidos en ce site web pueden estar acogidos al <strong data-start=\"2236\" data-end=\"2280\">R\u00e9gimen Especial de Bienes Usados (REBU)<\/strong>. En estos casos:<\/p><ul data-start=\"2300\" data-end=\"2724\"><li data-start=\"2300\" data-end=\"2423\"><p data-start=\"2302\" data-end=\"2423\">El <strong data-start=\"2305\" data-end=\"2363\">IVA, cuando proceda, se entiende incluido en el precio<\/strong>, pero <strong data-start=\"2370\" data-end=\"2388\">no se desglosa<\/strong> de forma separada en la factura.<\/p><\/li><li data-start=\"2424\" data-end=\"2575\"><p data-start=\"2426\" data-end=\"2575\">Por la naturaleza de este r\u00e9gimen, <strong data-start=\"2461\" data-end=\"2501\">el achatdor no podr\u00e1 deducir el IVA<\/strong> de estas operaciones (en caso de adquirir como empresario\/profesional).<\/p><\/li><li data-start=\"2576\" data-end=\"2724\"><p data-start=\"2578\" data-end=\"2724\">Los productos vendidos bajo REBU ser\u00e1n identificados como <strong data-start=\"2636\" data-end=\"2665\">art\u00edculos de segunda mano<\/strong> en su correspondiente ficha o descripci\u00f3n, cuando aplique.<\/p><\/li><\/ul><h3 data-start=\"2726\" data-end=\"2764\">5. Limitaci\u00f3n de responsabilidad<\/h3><p data-start=\"2765\" data-end=\"3004\">Mario Gonz\u00e1lez Escribano no se hace responsable de los da\u00f1os o perjuicios que puedan derivarse del uso del sitio web, ni de la falta de disponibilidad o continuidad del mismo. El usuario utiliza el sitio web bajo su propia responsabilidad.<\/p><h3 data-start=\"3006\" data-end=\"3034\">6. Pol\u00edtica de enlaces<\/h3><p data-start=\"3035\" data-end=\"3343\">El sitio web puede contener enlaces a sitios web de terceros. Mario Gonz\u00e1lez Escribano no asume ninguna responsabilidad por el contenido, la exactitud o la legalidad de dichos sitios web. La inclusi\u00f3n de estos enlaces no implica ning\u00fan tipo de asociaci\u00f3n, fusi\u00f3n o participaci\u00f3n con las entidades vinculadas.<\/p><h3 data-start=\"3345\" data-end=\"3368\">7. Modificaciones<\/h3><p data-start=\"3369\" data-end=\"3573\">Mario Gonz\u00e1lez Escribano se reserva el derecho de modificar en cualquier momento los t\u00e9rminos y condiciones de este aviso legal. Dichas modificaciones ser\u00e1n efectivas desde su publicaci\u00f3n en el sitio web.<\/p><h3 data-start=\"3575\" data-end=\"3620\">8. Legislaci\u00f3n aplicable y jurisdicci\u00f3n<\/h3><p data-start=\"3621\" data-end=\"3830\">Este aviso legal se rige por la legislaci\u00f3n espa\u00f1ola. Para cualquier controversia que pueda surgir en relaci\u00f3n con el sitio web, las partes se someten a la jurisdicci\u00f3n de los juzgados y tribunales de C\u00f3rdoba.<\/p><p><strong>Contacto<\/strong><\/p><p>Si tienes alguna pregunta sobre este aviso legal, por favor, ponte en contacto con nosotros a trav\u00e9s de info@beckertoys.<\/p><p>\u00a0<\/p>\t\t\t\t\t\t\t\t<\/div>\n\t\t\t\t<\/div>\n\t\t\t\t\t<\/div>\n\t\t\t\t<\/div>\n\t\t\t\t<\/div>\n\t\t","protected":false},"excerpt":{"rendered":"<p>Mentions l\u00e9gales Bienvenue chez Becker Toys. Veuillez lire attentivement este aviso legal avant d\u2019utiliser ce site web. Al acceder y utilizar ce site web, aceptas los t\u00e9rminos y condiciones de uso que se detallan a continuaci\u00f3n. Si no est\u00e1s de acuerdo con estos t\u00e9rminos y condiciones, por favor, no utilices ce site web. 1. Titularit\u00e9 &#8230; <a title=\"Mentions l\u00e9gales\" class=\"read-more\" href=\"https:\/\/beckertoys.com\/fr\/aviso-legal\/\" aria-label=\"En savoir plus sur Mentions l\u00e9gales\">Lire la suite<\/a><\/p>\n","protected":false},"author":1,"featured_media":0,"parent":0,"menu_order":0,"comment_status":"closed","ping_status":"closed","template":"elementor_header_footer","meta":{"_acf_changed":false,"_jet_sm_ready_style":"","_jet_sm_style":"","_jet_sm_controls_values":"","_jet_sm_fonts_collection":"","_jet_sm_fonts_links":"","footnotes":""},"class_list":["post-41246","page","type-page","status-publish"],"acf":[],"_links":{"self":[{"href":"https:\/\/beckertoys.com\/fr\/wp-json\/wp\/v2\/pages\/41246","targetHints":{"allow":["GET"]}}],"collection":[{"href":"https:\/\/beckertoys.com\/fr\/wp-json\/wp\/v2\/pages"}],"about":[{"href":"https:\/\/beckertoys.com\/fr\/wp-json\/wp\/v2\/types\/page"}],"author":[{"embeddable":true,"href":"https:\/\/beckertoys.com\/fr\/wp-json\/wp\/v2\/users\/1"}],"replies":[{"embeddable":true,"href":"https:\/\/beckertoys.com\/fr\/wp-json\/wp\/v2\/comments?post=41246"}],"version-history":[{"count":8,"href":"https:\/\/beckertoys.com\/fr\/wp-json\/wp\/v2\/pages\/41246\/revisions"}],"predecessor-version":[{"id":43050,"href":"https:\/\/beckertoys.com\/fr\/wp-json\/wp\/v2\/pages\/41246\/revisions\/43050"}],"wp:attachment":[{"href":"https:\/\/beckertoys.com\/fr\/wp-json\/wp\/v2\/media?parent=41246"}],"curies":[{"name":"wp","href":"https:\/\/api.w.org\/{rel}","templated":true}]}}