{"id":44975,"date":"2026-05-11T10:59:08","date_gmt":"2026-05-11T08:59:08","guid":{"rendered":"https:\/\/beckertoys.com\/producto\/barbie-as-little-bo-peep-de-1995\/"},"modified":"2026-05-15T12:02:48","modified_gmt":"2026-05-15T10:02:48","slug":"barbie-as-little-bo-peep-de-1995","status":"publish","type":"product","link":"https:\/\/beckertoys.com\/fr\/mattel\/barbie-as-little-bo-peep-de-1995\/","title":{"rendered":"Barbie as Little Bo Peep de 1995"},"content":{"rendered":"<p><strong>Barbie Little Bo Peep<\/strong> del a\u00f1o 1995.:<\/p>\n<ul>\n<li><strong>Description<\/strong>: Barbie se presenta como\u00a0<strong>Little Bo Peep<\/strong>\u00a0en un dulce vestido rosa con una falda brillante de capullos de rosa y enredaderas.\u00a0Los pantalones rosados con volantes asoman por debajo de su falda, mientras que un gigantesco gorro rosa, tambi\u00e9n adornado con encaje, sostiene sus largos y hermosos rizos en su lugar<\/li>\n<\/ul>\n<p>\u00a1Una encantadora representaci\u00f3n de\u00a0<strong>Little Bo Peep<\/strong> que captura la esencia de este personaje de cuento de hadas!<\/p>\n","protected":false},"excerpt":{"rendered":"<p>Poup\u00e9e de collection Barbie as Little Bo Peep de 1995. Neuve, jamais sortie de la bo\u00eete. Bo\u00eete ab\u00eem\u00e9e.<\/p>\n<p>Article d\u2019occasion.<\/p>\n","protected":false},"featured_media":44988,"template":"","meta":{"_acf_changed":false,"_jet_sm_ready_style":"","_jet_sm_style":"","_jet_sm_controls_values":"","_jet_sm_fonts_collection":"","_jet_sm_fonts_links":""},"product_brand":[241],"product_cat":[283,282],"product_tag":[],"class_list":{"0":"post-44975","1":"product","2":"type-product","3":"status-publish","4":"has-post-thumbnail","6":"product_brand-mattel","7":"product_cat-barbie-de-collection","8":"product_cat-poupees-barbie","9":"sales-flash-overlay","10":"woocommerce-text-align-center","11":"woocommerce-image-align-center","12":"do-quantity-buttons","13":"wc-has-gallery","15":"first","16":"outofstock","17":"sale","18":"sold-individually","19":"shipping-taxable","20":"purchasable","21":"product-type-simple"},"acf":[],"_links":{"self":[{"href":"https:\/\/beckertoys.com\/fr\/wp-json\/wp\/v2\/product\/44975","targetHints":{"allow":["GET"]}}],"collection":[{"href":"https:\/\/beckertoys.com\/fr\/wp-json\/wp\/v2\/product"}],"about":[{"href":"https:\/\/beckertoys.com\/fr\/wp-json\/wp\/v2\/types\/product"}],"version-history":[{"count":1,"href":"https:\/\/beckertoys.com\/fr\/wp-json\/wp\/v2\/product\/44975\/revisions"}],"predecessor-version":[{"id":48196,"href":"https:\/\/beckertoys.com\/fr\/wp-json\/wp\/v2\/product\/44975\/revisions\/48196"}],"wp:featuredmedia":[{"embeddable":true,"href":"https:\/\/beckertoys.com\/fr\/wp-json\/wp\/v2\/media\/44988"}],"wp:attachment":[{"href":"https:\/\/beckertoys.com\/fr\/wp-json\/wp\/v2\/media?parent=44975"}],"wp:term":[{"taxonomy":"product_brand","embeddable":true,"href":"https:\/\/beckertoys.com\/fr\/wp-json\/wp\/v2\/product_brand?post=44975"},{"taxonomy":"product_cat","embeddable":true,"href":"https:\/\/beckertoys.com\/fr\/wp-json\/wp\/v2\/product_cat?post=44975"},{"taxonomy":"product_tag","embeddable":true,"href":"https:\/\/beckertoys.com\/fr\/wp-json\/wp\/v2\/product_tag?post=44975"}],"curies":[{"name":"wp","href":"https:\/\/api.w.org\/{rel}","templated":true}]}}