{"id":45053,"date":"2026-05-11T12:15:28","date_gmt":"2026-05-11T10:15:28","guid":{"rendered":"https:\/\/beckertoys.com\/producto\/barbie-ken-the-waltz-de-2003\/"},"modified":"2026-05-15T12:02:53","modified_gmt":"2026-05-15T10:02:53","slug":"barbie-ken-the-waltz-de-2003","status":"publish","type":"product","link":"https:\/\/beckertoys.com\/fr\/mattel\/barbie-ken-the-waltz-de-2003\/","title":{"rendered":"Barbie &#038; Ken The Waltz de 2003"},"content":{"rendered":"<h4 data-section-id=\"1apqdyp\" data-start=\"0\" data-end=\"33\">Barbie &amp; Ken The Waltz de 2003<\/h4>\n<p data-start=\"35\" data-end=\"356\"><strong data-start=\"35\" data-end=\"61\">Barbie &amp; Ken The Waltz<\/strong> de <strong data-start=\"65\" data-end=\"73\">2003<\/strong> es un elegante set de collection que captura toda la magia de un gran baile de gala. Presentados en una escena de danza cl\u00e1sica, Barbie y Ken lucen una puesta en escena sofisticada y rom\u00e1ntica, id\u00e9al para collectionneurs que buscan piezas dobles con una est\u00e9tica refinada y atemporal.<\/p>\n<p data-start=\"358\" data-end=\"777\">Barbie deslumbra con un espectacular vestido rosa de inspiraci\u00f3n formal, acompa\u00f1ado de largos guantes y una capa vaporosa que aporta movimiento y dramatismo al conjunto. Ken, por su parte, viste un impecable frac negro con detalles blancos, completando una imagen de pareja perfectamente coordinada. El resultado es una \u00e9dition muy vistosa, pensada para destacar tanto por su elegancia como por su presencia en vitrina.<\/p>\n<p data-start=\"779\" data-end=\"1124\">Esta \u00e9dition limit\u00e9e es una pieza muy atractiva dentro del universo <strong data-start=\"848\" data-end=\"868\">Barbie Collector<\/strong>, especialmente para quienes disfrutan de sets tem\u00e1ticos de pareja, escenas de baile y poup\u00e9es con un acabado cl\u00e1sico y distinguido. Su presentaci\u00f3n en bo\u00eete convierte adem\u00e1s este conjunto en una opci\u00f3n especialmente interesante para exposici\u00f3n y collection.<\/p>\n<h3 data-section-id=\"zmewqp\" data-start=\"1126\" data-end=\"1157\">Caracter\u00edsticas principales<\/h3>\n<ul data-start=\"1158\" data-end=\"1416\">\n<li data-section-id=\"jm44rm\" data-start=\"1158\" data-end=\"1198\"><strong data-start=\"1160\" data-end=\"1173\">Produit:<\/strong> Barbie &amp; Ken The Waltz<\/li>\n<li data-section-id=\"6mc2a4\" data-start=\"1199\" data-end=\"1216\"><strong data-start=\"1201\" data-end=\"1209\">A\u00f1o:<\/strong> 2003<\/li>\n<li data-section-id=\"1lw9iiz\" data-start=\"1217\" data-end=\"1238\"><strong data-start=\"1219\" data-end=\"1229\">Marque :<\/strong> Mattel<\/li>\n<li data-section-id=\"1udnkf9\" data-start=\"1239\" data-end=\"1270\"><strong data-start=\"1241\" data-end=\"1251\">L\u00ednea:<\/strong> Barbie Collector<\/li>\n<li data-section-id=\"cka4od\" data-start=\"1271\" data-end=\"1303\"><strong data-start=\"1273\" data-end=\"1285\">Edici\u00f3n:<\/strong> Limited Edition<\/li>\n<li data-section-id=\"cjmza\" data-start=\"1304\" data-end=\"1339\"><strong data-start=\"1306\" data-end=\"1318\">Formato:<\/strong> set de dos mu\u00f1ecos<\/li>\n<li data-section-id=\"qyt48u\" data-start=\"1340\" data-end=\"1378\"><strong data-start=\"1342\" data-end=\"1355\">Tem\u00e1tica:<\/strong> baile de gala \/ vals<\/li>\n<li data-section-id=\"y8e9r0\" data-start=\"1379\" data-end=\"1416\"><strong data-start=\"1381\" data-end=\"1398\">Pr\u00e9sentation :<\/strong> en bo\u00eete expositor<\/li>\n<\/ul>\n","protected":false},"excerpt":{"rendered":"<p>Coffret de collection Barbie &amp; Ken The Waltz de 2003. Neufs, jamais sortis de la bo\u00eete. Bo\u00eete ab\u00eem\u00e9e.<\/p>\n<p>Article d\u2019occasion.<\/p>\n","protected":false},"featured_media":45057,"template":"","meta":{"_acf_changed":false,"_jet_sm_ready_style":"","_jet_sm_style":"","_jet_sm_controls_values":"","_jet_sm_fonts_collection":"","_jet_sm_fonts_links":""},"product_brand":[241],"product_cat":[283,282],"product_tag":[],"class_list":{"0":"post-45053","1":"product","2":"type-product","3":"status-publish","4":"has-post-thumbnail","6":"product_brand-mattel","7":"product_cat-barbie-de-collection","8":"product_cat-poupees-barbie","9":"sales-flash-overlay","10":"woocommerce-text-align-center","11":"woocommerce-image-align-center","12":"do-quantity-buttons","13":"wc-has-gallery","15":"first","16":"instock","17":"shipping-taxable","18":"purchasable","19":"product-type-simple"},"acf":[],"_links":{"self":[{"href":"https:\/\/beckertoys.com\/fr\/wp-json\/wp\/v2\/product\/45053","targetHints":{"allow":["GET"]}}],"collection":[{"href":"https:\/\/beckertoys.com\/fr\/wp-json\/wp\/v2\/product"}],"about":[{"href":"https:\/\/beckertoys.com\/fr\/wp-json\/wp\/v2\/types\/product"}],"version-history":[{"count":1,"href":"https:\/\/beckertoys.com\/fr\/wp-json\/wp\/v2\/product\/45053\/revisions"}],"predecessor-version":[{"id":48208,"href":"https:\/\/beckertoys.com\/fr\/wp-json\/wp\/v2\/product\/45053\/revisions\/48208"}],"wp:featuredmedia":[{"embeddable":true,"href":"https:\/\/beckertoys.com\/fr\/wp-json\/wp\/v2\/media\/45057"}],"wp:attachment":[{"href":"https:\/\/beckertoys.com\/fr\/wp-json\/wp\/v2\/media?parent=45053"}],"wp:term":[{"taxonomy":"product_brand","embeddable":true,"href":"https:\/\/beckertoys.com\/fr\/wp-json\/wp\/v2\/product_brand?post=45053"},{"taxonomy":"product_cat","embeddable":true,"href":"https:\/\/beckertoys.com\/fr\/wp-json\/wp\/v2\/product_cat?post=45053"},{"taxonomy":"product_tag","embeddable":true,"href":"https:\/\/beckertoys.com\/fr\/wp-json\/wp\/v2\/product_tag?post=45053"}],"curies":[{"name":"wp","href":"https:\/\/api.w.org\/{rel}","templated":true}]}}