{"id":45079,"date":"2026-05-11T19:59:01","date_gmt":"2026-05-11T17:59:01","guid":{"rendered":"https:\/\/beckertoys.com\/producto\/barbie-chilean-de-1997\/"},"modified":"2026-05-15T12:02:55","modified_gmt":"2026-05-15T10:02:55","slug":"barbie-chilean-de-1997","status":"publish","type":"product","link":"https:\/\/beckertoys.com\/fr\/mattel\/barbie-chilean-de-1997\/","title":{"rendered":"Barbie Chilean de 1997"},"content":{"rendered":"<p><strong>Barbie Chilean 1997<\/strong> es parte de la collection <strong>Dolls of the World<\/strong> de Mattel y representa la cultura chilena con un atuendo inspirado en el <strong>huaso<\/strong>, el tradicional vaquero chileno.<\/p>\n<p>Su vestimenta comprend un sombrero negro con cinta, una chaqueta negra, una blusa blanca con detalles de encaje, y una falda larga negra con ribetes de encaje blanco. Adem\u00e1s, lleva un cintur\u00f3n con cintas en rojo, blanco y azul, evocando los colores de la bandera chilena.<\/p>\n<p>Este dise\u00f1o representa una versi\u00f3n m\u00e1s elegante y tradicional de la vestimenta chilena, destacando la influencia cultural en la collection Dolls of the World de Mattel.<\/p>\n","protected":false},"excerpt":{"rendered":"<p>Poup\u00e9e de collection Dolls of the World &#8211; Barbie Chilean de 1997. Neuve, jamais sortie de la bo\u00eete. Bo\u00eete en bon \u00e9tat, peut pr\u00e9senter des marques dues au temps.<\/p>\n<p>Article d\u2019occasion.<\/p>\n","protected":false},"featured_media":45090,"template":"","meta":{"_acf_changed":false,"_jet_sm_ready_style":"","_jet_sm_style":"","_jet_sm_controls_values":"","_jet_sm_fonts_collection":"","_jet_sm_fonts_links":""},"product_brand":[241],"product_cat":[283,282],"product_tag":[],"class_list":{"0":"post-45079","1":"product","2":"type-product","3":"status-publish","4":"has-post-thumbnail","6":"product_brand-mattel","7":"product_cat-barbie-de-collection","8":"product_cat-poupees-barbie","9":"sales-flash-overlay","10":"woocommerce-text-align-center","11":"woocommerce-image-align-center","12":"do-quantity-buttons","13":"wc-has-gallery","15":"first","16":"instock","17":"shipping-taxable","18":"purchasable","19":"product-type-simple"},"acf":[],"_links":{"self":[{"href":"https:\/\/beckertoys.com\/fr\/wp-json\/wp\/v2\/product\/45079","targetHints":{"allow":["GET"]}}],"collection":[{"href":"https:\/\/beckertoys.com\/fr\/wp-json\/wp\/v2\/product"}],"about":[{"href":"https:\/\/beckertoys.com\/fr\/wp-json\/wp\/v2\/types\/product"}],"version-history":[{"count":1,"href":"https:\/\/beckertoys.com\/fr\/wp-json\/wp\/v2\/product\/45079\/revisions"}],"predecessor-version":[{"id":48215,"href":"https:\/\/beckertoys.com\/fr\/wp-json\/wp\/v2\/product\/45079\/revisions\/48215"}],"wp:featuredmedia":[{"embeddable":true,"href":"https:\/\/beckertoys.com\/fr\/wp-json\/wp\/v2\/media\/45090"}],"wp:attachment":[{"href":"https:\/\/beckertoys.com\/fr\/wp-json\/wp\/v2\/media?parent=45079"}],"wp:term":[{"taxonomy":"product_brand","embeddable":true,"href":"https:\/\/beckertoys.com\/fr\/wp-json\/wp\/v2\/product_brand?post=45079"},{"taxonomy":"product_cat","embeddable":true,"href":"https:\/\/beckertoys.com\/fr\/wp-json\/wp\/v2\/product_cat?post=45079"},{"taxonomy":"product_tag","embeddable":true,"href":"https:\/\/beckertoys.com\/fr\/wp-json\/wp\/v2\/product_tag?post=45079"}],"curies":[{"name":"wp","href":"https:\/\/api.w.org\/{rel}","templated":true}]}}