{"id":45215,"date":"2026-05-11T19:59:55","date_gmt":"2026-05-11T17:59:55","guid":{"rendered":"https:\/\/beckertoys.com\/producto\/barbie-moroccan-de-1998-loose\/"},"modified":"2026-05-15T12:03:10","modified_gmt":"2026-05-15T10:03:10","slug":"barbie-moroccan-de-1998-loose","status":"publish","type":"product","link":"https:\/\/beckertoys.com\/fr\/mattel\/barbie-moroccan-de-1998-loose\/","title":{"rendered":"Barbie Moroccan de 1998 Loose"},"content":{"rendered":"<p>La <strong>Barbie Moroccan<\/strong> marroqu\u00ed de 1998 est une poup\u00e9e de la collection \u00ab\u00a0Poup\u00e9es del Mundo\u00a0\u00bb. Est\u00e1 vestida con un traje tradicional de Marruecos en tonos rosa y naranja, que comprend un kaft\u00e1n con detalles aut\u00e9nticos y accessoires t\u00edpicos de la regi\u00f3n. Su atuendo refleja la rica cultura y estilo marroqu\u00ed de manera respetuosa y detallada.<\/p>\n<p>Esta poup\u00e9e es id\u00e9al para collectionneurs y para quienes est\u00e1n interesados en las representaciones culturales a trav\u00e9s de los jouets. Es una pieza que destaca por su atenci\u00f3n al detalle y por ofrecer una mirada a las tradiciones de Marruecos.<\/p>\n<p>A veces, es sorprendente c\u00f3mo una poup\u00e9e puede acercarnos a diferentes culturas y formas de vida. Los jouets no solo entretienen, sino que tambi\u00e9n pueden educar y abrir nuestro mundo a nouvelles experiencias.<\/p>\n<p>&nbsp;<\/p>\n","protected":false},"excerpt":{"rendered":"<p>Poup\u00e9e de collection Dolls of the World &#8211; Barbie Moroccan de 1998. Sortie de la bo\u00eete. Jamais utilis\u00e9e pour jouer. Bo\u00eete ab\u00eem\u00e9e. Il manque la socle.<\/p>\n<p>Article d\u2019occasion.<\/p>\n","protected":false},"featured_media":45217,"template":"","meta":{"_acf_changed":false,"_jet_sm_ready_style":"","_jet_sm_style":"","_jet_sm_controls_values":"","_jet_sm_fonts_collection":"","_jet_sm_fonts_links":""},"product_brand":[241],"product_cat":[283,288,282],"product_tag":[],"class_list":{"0":"post-45215","1":"product","2":"type-product","3":"status-publish","4":"has-post-thumbnail","6":"product_brand-mattel","7":"product_cat-barbie-de-collection","8":"product_cat-outlet-barbie","9":"product_cat-poupees-barbie","10":"sales-flash-overlay","11":"woocommerce-text-align-center","12":"woocommerce-image-align-center","13":"do-quantity-buttons","14":"wc-has-gallery","16":"first","17":"outofstock","18":"sale","19":"shipping-taxable","20":"purchasable","21":"product-type-simple"},"acf":[],"_links":{"self":[{"href":"https:\/\/beckertoys.com\/fr\/wp-json\/wp\/v2\/product\/45215","targetHints":{"allow":["GET"]}}],"collection":[{"href":"https:\/\/beckertoys.com\/fr\/wp-json\/wp\/v2\/product"}],"about":[{"href":"https:\/\/beckertoys.com\/fr\/wp-json\/wp\/v2\/types\/product"}],"version-history":[{"count":1,"href":"https:\/\/beckertoys.com\/fr\/wp-json\/wp\/v2\/product\/45215\/revisions"}],"predecessor-version":[{"id":48238,"href":"https:\/\/beckertoys.com\/fr\/wp-json\/wp\/v2\/product\/45215\/revisions\/48238"}],"wp:featuredmedia":[{"embeddable":true,"href":"https:\/\/beckertoys.com\/fr\/wp-json\/wp\/v2\/media\/45217"}],"wp:attachment":[{"href":"https:\/\/beckertoys.com\/fr\/wp-json\/wp\/v2\/media?parent=45215"}],"wp:term":[{"taxonomy":"product_brand","embeddable":true,"href":"https:\/\/beckertoys.com\/fr\/wp-json\/wp\/v2\/product_brand?post=45215"},{"taxonomy":"product_cat","embeddable":true,"href":"https:\/\/beckertoys.com\/fr\/wp-json\/wp\/v2\/product_cat?post=45215"},{"taxonomy":"product_tag","embeddable":true,"href":"https:\/\/beckertoys.com\/fr\/wp-json\/wp\/v2\/product_tag?post=45215"}],"curies":[{"name":"wp","href":"https:\/\/api.w.org\/{rel}","templated":true}]}}