{"id":45483,"date":"2026-05-02T16:59:39","date_gmt":"2026-05-02T14:59:39","guid":{"rendered":"https:\/\/beckertoys.com\/producto\/barbie-happy-holidays-de-1997\/"},"modified":"2026-05-15T12:01:38","modified_gmt":"2026-05-15T10:01:38","slug":"barbie-happy-holidays-de-1997","status":"publish","type":"product","link":"https:\/\/beckertoys.com\/fr\/mattel\/barbie-happy-holidays-de-1997\/","title":{"rendered":"Barbie Happy Holidays de 1997"},"content":{"rendered":"<p>La\u00a0<strong>Barbie Holiday de 1997<\/strong>\u00a0marc\u00f3 el\u00a0<strong>d\u00e9cimo aniversario<\/strong>\u00a0de la serie Happy Holidays. Esta fue la \u00fanica Barbie morena en la serie. La poup\u00e9e rubia estaba disponible como una \u00e9dition muy limit\u00e9e para los miembros del\u00a0<strong>Barbie Collector Club<\/strong>\u00a0y es mucho m\u00e1s rara y valiosa que la morena. Barbie lleva un vestido en tonos de\u00a0<strong>rojo, blanco y dorado<\/strong>. Los acentos rojos en los hombros parecen alas de \u00e1ngel. Adem\u00e1s, lleva una\u00a0<strong>tiara dorada con piedras rojas<\/strong>\u00a0y un collar y aretes dorados tambi\u00e9n con piedras rojas. Tambi\u00e9n existe una versi\u00f3n\u00a0<strong>afroamericana<\/strong> de esta poup\u00e9e.\u00a0\u00a1Una verdadera joya para celebrar la No\u00ebl!<\/p>\n","protected":false},"excerpt":{"rendered":"<p>Poup\u00e9e de collection Holiday &#8211; Barbie Happy Holidays de 1997. Neuve. Jamais sortie de la bo\u00eete. Bo\u00eete ab\u00eem\u00e9e.<\/p>\n<p>Article d\u2019occasion.<\/p>\n","protected":false},"featured_media":45523,"template":"","meta":{"_acf_changed":false,"_jet_sm_ready_style":"","_jet_sm_style":"","_jet_sm_controls_values":"","_jet_sm_fonts_collection":"","_jet_sm_fonts_links":""},"product_brand":[241],"product_cat":[283,282,305],"product_tag":[],"class_list":{"0":"post-45483","1":"product","2":"type-product","3":"status-publish","4":"has-post-thumbnail","6":"product_brand-mattel","7":"product_cat-barbie-de-collection","8":"product_cat-poupees-barbie","9":"product_cat-special-noel","10":"sales-flash-overlay","11":"woocommerce-text-align-center","12":"woocommerce-image-align-center","13":"do-quantity-buttons","14":"wc-has-gallery","16":"first","17":"outofstock","18":"sale","19":"sold-individually","20":"shipping-taxable","21":"purchasable","22":"product-type-simple"},"acf":[],"_links":{"self":[{"href":"https:\/\/beckertoys.com\/fr\/wp-json\/wp\/v2\/product\/45483","targetHints":{"allow":["GET"]}}],"collection":[{"href":"https:\/\/beckertoys.com\/fr\/wp-json\/wp\/v2\/product"}],"about":[{"href":"https:\/\/beckertoys.com\/fr\/wp-json\/wp\/v2\/types\/product"}],"version-history":[{"count":1,"href":"https:\/\/beckertoys.com\/fr\/wp-json\/wp\/v2\/product\/45483\/revisions"}],"predecessor-version":[{"id":48038,"href":"https:\/\/beckertoys.com\/fr\/wp-json\/wp\/v2\/product\/45483\/revisions\/48038"}],"wp:featuredmedia":[{"embeddable":true,"href":"https:\/\/beckertoys.com\/fr\/wp-json\/wp\/v2\/media\/45523"}],"wp:attachment":[{"href":"https:\/\/beckertoys.com\/fr\/wp-json\/wp\/v2\/media?parent=45483"}],"wp:term":[{"taxonomy":"product_brand","embeddable":true,"href":"https:\/\/beckertoys.com\/fr\/wp-json\/wp\/v2\/product_brand?post=45483"},{"taxonomy":"product_cat","embeddable":true,"href":"https:\/\/beckertoys.com\/fr\/wp-json\/wp\/v2\/product_cat?post=45483"},{"taxonomy":"product_tag","embeddable":true,"href":"https:\/\/beckertoys.com\/fr\/wp-json\/wp\/v2\/product_tag?post=45483"}],"curies":[{"name":"wp","href":"https:\/\/api.w.org\/{rel}","templated":true}]}}