{"id":45744,"date":"2026-05-03T19:59:08","date_gmt":"2026-05-03T17:59:08","guid":{"rendered":"https:\/\/beckertoys.com\/producto\/barbie-holiday-de-2008\/"},"modified":"2026-05-15T12:01:45","modified_gmt":"2026-05-15T10:01:45","slug":"barbie-holiday-de-2008","status":"publish","type":"product","link":"https:\/\/beckertoys.com\/fr\/mattel\/barbie-holiday-de-2008\/","title":{"rendered":"Barbie Holiday de 2008"},"content":{"rendered":"<p><strong>Barbie Holiday 2008<\/strong> es una \u00e9dition especial que celebra el 20\u00ba aniversario de las poup\u00e9es Holiday Barbie. Esta poup\u00e9e destaca por su elegante vestido blanco y plateado con detalles brillantes y una falda plisada en capas. Adem\u00e1s, luce unos hermosos pendientes tipo candelabro que complementan su estilo festivo<\/p>\n","protected":false},"excerpt":{"rendered":"<p>Poup\u00e9e de collection Happy Holidays &#8211; Barbie Holiday de 2008. Neuve, jamais sortie de la bo\u00eete. Bo\u00eete en bon \u00e9tat, peut pr\u00e9senter des marques dues au temps.<\/p>\n<p>Article d\u2019occasion.<\/p>\n","protected":false},"featured_media":45750,"template":"","meta":{"_acf_changed":false,"_jet_sm_ready_style":"","_jet_sm_style":"","_jet_sm_controls_values":"","_jet_sm_fonts_collection":"","_jet_sm_fonts_links":""},"product_brand":[241],"product_cat":[283,282,305],"product_tag":[],"class_list":{"0":"post-45744","1":"product","2":"type-product","3":"status-publish","4":"has-post-thumbnail","6":"product_brand-mattel","7":"product_cat-barbie-de-collection","8":"product_cat-poupees-barbie","9":"product_cat-special-noel","10":"sales-flash-overlay","11":"woocommerce-text-align-center","12":"woocommerce-image-align-center","13":"do-quantity-buttons","14":"wc-has-gallery","16":"first","17":"instock","18":"shipping-taxable","19":"purchasable","20":"product-type-simple"},"acf":[],"_links":{"self":[{"href":"https:\/\/beckertoys.com\/fr\/wp-json\/wp\/v2\/product\/45744","targetHints":{"allow":["GET"]}}],"collection":[{"href":"https:\/\/beckertoys.com\/fr\/wp-json\/wp\/v2\/product"}],"about":[{"href":"https:\/\/beckertoys.com\/fr\/wp-json\/wp\/v2\/types\/product"}],"version-history":[{"count":1,"href":"https:\/\/beckertoys.com\/fr\/wp-json\/wp\/v2\/product\/45744\/revisions"}],"predecessor-version":[{"id":48057,"href":"https:\/\/beckertoys.com\/fr\/wp-json\/wp\/v2\/product\/45744\/revisions\/48057"}],"wp:featuredmedia":[{"embeddable":true,"href":"https:\/\/beckertoys.com\/fr\/wp-json\/wp\/v2\/media\/45750"}],"wp:attachment":[{"href":"https:\/\/beckertoys.com\/fr\/wp-json\/wp\/v2\/media?parent=45744"}],"wp:term":[{"taxonomy":"product_brand","embeddable":true,"href":"https:\/\/beckertoys.com\/fr\/wp-json\/wp\/v2\/product_brand?post=45744"},{"taxonomy":"product_cat","embeddable":true,"href":"https:\/\/beckertoys.com\/fr\/wp-json\/wp\/v2\/product_cat?post=45744"},{"taxonomy":"product_tag","embeddable":true,"href":"https:\/\/beckertoys.com\/fr\/wp-json\/wp\/v2\/product_tag?post=45744"}],"curies":[{"name":"wp","href":"https:\/\/api.w.org\/{rel}","templated":true}]}}