{"id":45766,"date":"2026-05-04T10:18:50","date_gmt":"2026-05-04T08:18:50","guid":{"rendered":"https:\/\/beckertoys.com\/producto\/barbie-brazil-de-2011\/"},"modified":"2026-05-15T12:01:47","modified_gmt":"2026-05-15T10:01:47","slug":"barbie-brazil-de-2011","status":"publish","type":"product","link":"https:\/\/beckertoys.com\/fr\/mattel\/barbie-brazil-de-2011\/","title":{"rendered":"Barbie Brazil de 2011"},"content":{"rendered":"<p data-start=\"12\" data-end=\"111\"><strong data-start=\"12\" data-end=\"111\">Barbie Brazil Dolls of The World de 2011 Barbie Collector Pink Label poup\u00e9e de collection Mattel<\/strong><\/p>\n<h4 data-section-id=\"1n82n1k\" data-start=\"113\" data-end=\"129\">Description<\/h4>\n<p data-start=\"130\" data-end=\"561\">La <strong data-start=\"133\" data-end=\"177\">Barbie Brazil Dolls of The World de 2011<\/strong> est une poup\u00e9e de collection de Mattel perteneciente a la reconocida l\u00ednea <strong data-start=\"251\" data-end=\"292\">Barbie Collector \u2013 Dolls of the World<\/strong>, una serie muy apreciada por collectionneurs que celebra la vestimenta, la cultura y la inspiraci\u00f3n de distintos pa\u00edses del mundo. Esta \u00e9dition <strong data-start=\"436\" data-end=\"450\">Pink Label<\/strong> representa a <strong data-start=\"464\" data-end=\"474\">Brasil<\/strong> y destaca por su presentaci\u00f3n colorida, elegante y muy visagecter\u00edstica de la collection.<\/p>\n<p data-start=\"563\" data-end=\"1158\">La poup\u00e9e luce un conjunto inspirado en la tradici\u00f3n y el folclore brasile\u00f1o, con un <strong data-start=\"648\" data-end=\"676\">vestido blanco de encaje<\/strong> de gran presencia visual, acompa\u00f1ado por un <strong data-start=\"721\" data-end=\"759\">cintur\u00f3n o faj\u00edn multicolor tejido<\/strong>, un <strong data-start=\"764\" data-end=\"800\">collar de cuentas en tonos vivos<\/strong> y un <strong data-start=\"806\" data-end=\"837\">pa\u00f1uelo blanco en la cabeza<\/strong>. Su imagen se complementa con <strong data-start=\"868\" data-end=\"898\">cabello abundante y rizado<\/strong>, maquillaje llamativo y una est\u00e9tica festiva que refuerza el homenaje cultural de esta \u00e9dition. El empaque conserva el dise\u00f1o distintivo de la l\u00ednea <strong data-start=\"1048\" data-end=\"1070\">Dolls of the World<\/strong>, con ventana frontal, gr\u00e1fica del pa\u00eds y detalles tipo pasaporte en la parte posterior.<\/p>\n<p data-start=\"1160\" data-end=\"1507\" data-is-last-node=\"\" data-is-only-node=\"\">La <strong data-start=\"1163\" data-end=\"1197\">Barbie Brazil d\u2019origine de 2011<\/strong> es id\u00e9al para quienes buscan <strong data-start=\"1227\" data-end=\"1250\">Barbie de collection<\/strong>, poup\u00e9es <strong data-start=\"1260\" data-end=\"1282\">Dolls of the World<\/strong>, ediciones internacionales de Mattel o piezas representativas dentro del universo <strong data-start=\"1365\" data-end=\"1385\">Barbie Collector<\/strong>.<\/p>\n","protected":false},"excerpt":{"rendered":"<p>Poup\u00e9e de collection Dolls of the World &#8211; Barbie Brazil de 2011. Neuve, jamais sortie de la bo\u00eete.<\/p>\n","protected":false},"featured_media":45767,"template":"","meta":{"_acf_changed":false,"_jet_sm_ready_style":"","_jet_sm_style":"","_jet_sm_controls_values":"","_jet_sm_fonts_collection":"","_jet_sm_fonts_links":""},"product_brand":[241],"product_cat":[323,283,282],"product_tag":[],"class_list":{"0":"post-45766","1":"product","2":"type-product","3":"status-publish","4":"has-post-thumbnail","6":"product_brand-mattel","7":"product_cat-amis-de-barbie","8":"product_cat-barbie-de-collection","9":"product_cat-poupees-barbie","10":"sales-flash-overlay","11":"woocommerce-text-align-center","12":"woocommerce-image-align-center","13":"do-quantity-buttons","14":"wc-has-gallery","16":"first","17":"outofstock","18":"shipping-taxable","19":"purchasable","20":"product-type-simple"},"acf":[],"_links":{"self":[{"href":"https:\/\/beckertoys.com\/fr\/wp-json\/wp\/v2\/product\/45766","targetHints":{"allow":["GET"]}}],"collection":[{"href":"https:\/\/beckertoys.com\/fr\/wp-json\/wp\/v2\/product"}],"about":[{"href":"https:\/\/beckertoys.com\/fr\/wp-json\/wp\/v2\/types\/product"}],"version-history":[{"count":1,"href":"https:\/\/beckertoys.com\/fr\/wp-json\/wp\/v2\/product\/45766\/revisions"}],"predecessor-version":[{"id":48061,"href":"https:\/\/beckertoys.com\/fr\/wp-json\/wp\/v2\/product\/45766\/revisions\/48061"}],"wp:featuredmedia":[{"embeddable":true,"href":"https:\/\/beckertoys.com\/fr\/wp-json\/wp\/v2\/media\/45767"}],"wp:attachment":[{"href":"https:\/\/beckertoys.com\/fr\/wp-json\/wp\/v2\/media?parent=45766"}],"wp:term":[{"taxonomy":"product_brand","embeddable":true,"href":"https:\/\/beckertoys.com\/fr\/wp-json\/wp\/v2\/product_brand?post=45766"},{"taxonomy":"product_cat","embeddable":true,"href":"https:\/\/beckertoys.com\/fr\/wp-json\/wp\/v2\/product_cat?post=45766"},{"taxonomy":"product_tag","embeddable":true,"href":"https:\/\/beckertoys.com\/fr\/wp-json\/wp\/v2\/product_tag?post=45766"}],"curies":[{"name":"wp","href":"https:\/\/api.w.org\/{rel}","templated":true}]}}