{"id":45926,"date":"2026-05-04T12:59:21","date_gmt":"2026-05-04T10:59:21","guid":{"rendered":"https:\/\/beckertoys.com\/producto\/barbie-holiday-treats-de-1997\/"},"modified":"2026-05-15T12:01:53","modified_gmt":"2026-05-15T10:01:53","slug":"barbie-holiday-treats-de-1997","status":"publish","type":"product","link":"https:\/\/beckertoys.com\/fr\/mattel\/barbie-holiday-treats-de-1997\/","title":{"rendered":"Barbie Holiday Treats de 1997"},"content":{"rendered":"<p data-start=\"12\" data-end=\"92\"><strong data-start=\"12\" data-end=\"92\">Barbie Holiday Treats de 1997 poup\u00e9e navide\u00f1a Special Edition Mattel vintage<\/strong><\/p>\n<h2 data-section-id=\"1n82n1k\" data-start=\"94\" data-end=\"110\">Description<\/h2>\n<p data-start=\"111\" data-end=\"484\">La <strong data-start=\"114\" data-end=\"147\">Barbie Holiday Treats de 1997<\/strong> es una encantadora \u00e9dition especial de Mattel con tem\u00e1tica navide\u00f1a, id\u00e9al para collectionneurs de <strong data-start=\"246\" data-end=\"264\">Barbie vintage<\/strong>, poup\u00e9es festivas y piezas cl\u00e1sicas de finales de los a\u00f1os 90. Su dise\u00f1o alegre y colorido la convierte en una opci\u00f3n muy atractiva para exhibici\u00f3n durante la temporada decembrina o como parte de una collection tem\u00e1tica.<\/p>\n<p data-start=\"486\" data-end=\"897\">La poup\u00e9e luce un tierno atuendo inspirado en reposter\u00eda navide\u00f1a, con <strong data-start=\"557\" data-end=\"573\">vestido rojo<\/strong>, <strong data-start=\"575\" data-end=\"614\">delantal blanco con detalles verdes<\/strong>, aplicaciones de <strong data-start=\"632\" data-end=\"654\">mu\u00f1eco de jengibre<\/strong> y motivos de <strong data-start=\"668\" data-end=\"692\">bastones de visagemelo<\/strong> en el frente. El empaque resalta a\u00fan m\u00e1s su encanto con ilustraciones de galletas decoradas y colores vivos en rosa, verde y dorado, muy visagecter\u00edsticos de las ediciones especiales de Barbie de esa \u00e9poca.<\/p>\n<p data-start=\"899\" data-end=\"1276\" data-is-last-node=\"\" data-is-only-node=\"\">La <strong data-start=\"902\" data-end=\"944\">Barbie Holiday Treats d\u2019origine de 1997<\/strong> es perfecta para colecciones de <strong data-start=\"977\" data-end=\"997\">Barbie Christmas<\/strong>, <strong data-start=\"999\" data-end=\"1018\">Special Edition<\/strong>, poup\u00e9es navide\u00f1as de Mattel y art\u00edculos vintage de los 90. De forma secundaria, la bo\u00eete presenta se\u00f1ales visibles de almacenamiento y antig\u00fcedad, con ligeros roces en bordes, marcas en el pl\u00e1stico transparente y usure general propio del paso del tiempo.<\/p>\n","protected":false},"excerpt":{"rendered":"<p>Poup\u00e9e de collection No\u00ebl &#8211; Barbie Holiday Treats de 1997. Neuve. Jamais sortie de la bo\u00eete. Bo\u00eete ab\u00eem\u00e9e.<\/p>\n<p>Article d\u2019occasion.<\/p>\n","protected":false},"featured_media":45949,"template":"","meta":{"_acf_changed":false,"_jet_sm_ready_style":"","_jet_sm_style":"","_jet_sm_controls_values":"","_jet_sm_fonts_collection":"","_jet_sm_fonts_links":""},"product_brand":[241],"product_cat":[283,282,305],"product_tag":[],"class_list":{"0":"post-45926","1":"product","2":"type-product","3":"status-publish","4":"has-post-thumbnail","6":"product_brand-mattel","7":"product_cat-barbie-de-collection","8":"product_cat-poupees-barbie","9":"product_cat-special-noel","10":"sales-flash-overlay","11":"woocommerce-text-align-center","12":"woocommerce-image-align-center","13":"do-quantity-buttons","14":"wc-has-gallery","16":"first","17":"outofstock","18":"shipping-taxable","19":"purchasable","20":"product-type-simple"},"acf":[],"_links":{"self":[{"href":"https:\/\/beckertoys.com\/fr\/wp-json\/wp\/v2\/product\/45926","targetHints":{"allow":["GET"]}}],"collection":[{"href":"https:\/\/beckertoys.com\/fr\/wp-json\/wp\/v2\/product"}],"about":[{"href":"https:\/\/beckertoys.com\/fr\/wp-json\/wp\/v2\/types\/product"}],"version-history":[{"count":1,"href":"https:\/\/beckertoys.com\/fr\/wp-json\/wp\/v2\/product\/45926\/revisions"}],"predecessor-version":[{"id":48069,"href":"https:\/\/beckertoys.com\/fr\/wp-json\/wp\/v2\/product\/45926\/revisions\/48069"}],"wp:featuredmedia":[{"embeddable":true,"href":"https:\/\/beckertoys.com\/fr\/wp-json\/wp\/v2\/media\/45949"}],"wp:attachment":[{"href":"https:\/\/beckertoys.com\/fr\/wp-json\/wp\/v2\/media?parent=45926"}],"wp:term":[{"taxonomy":"product_brand","embeddable":true,"href":"https:\/\/beckertoys.com\/fr\/wp-json\/wp\/v2\/product_brand?post=45926"},{"taxonomy":"product_cat","embeddable":true,"href":"https:\/\/beckertoys.com\/fr\/wp-json\/wp\/v2\/product_cat?post=45926"},{"taxonomy":"product_tag","embeddable":true,"href":"https:\/\/beckertoys.com\/fr\/wp-json\/wp\/v2\/product_tag?post=45926"}],"curies":[{"name":"wp","href":"https:\/\/api.w.org\/{rel}","templated":true}]}}