{"id":45991,"date":"2026-05-04T19:59:06","date_gmt":"2026-05-04T17:59:06","guid":{"rendered":"https:\/\/beckertoys.com\/producto\/barbie-coca-cola-party-de-1998\/"},"modified":"2026-05-15T12:01:54","modified_gmt":"2026-05-15T10:01:54","slug":"barbie-coca-cola-party-de-1998","status":"publish","type":"product","link":"https:\/\/beckertoys.com\/fr\/mattel\/barbie-coca-cola-party-de-1998\/","title":{"rendered":"Barbie Coca Cola Party de 1998"},"content":{"rendered":"<p><strong>Barbie Coca Cola Party de 1998<\/strong> es una Barbie especial de la collection Coca Cola Party. Esta Barbie est\u00e1 vestida con un vestido rojo brillante con detalles en blanco y amarillo. Viene acompa\u00f1ada de un <strong>oso polar miniatura<\/strong> dentro de la bo\u00eete, que se convierte en una escena de juego divertida. Esta Barbie es muy valorada entre los collectionneurs debido a su tem\u00e1tica \u00fanica y su dise\u00f1o atractivo.<\/p>\n","protected":false},"excerpt":{"rendered":"<p>Poup\u00e9e de collection Coca-Cola &#8211; Barbie Coca Cola Party de 1998. Neuve, jamais sortie de la bo\u00eete. Bo\u00eete ab\u00eem\u00e9e.<\/p>\n<p>Article d\u2019occasion.<\/p>\n","protected":false},"featured_media":46007,"template":"","meta":{"_acf_changed":false,"_jet_sm_ready_style":"","_jet_sm_style":"","_jet_sm_controls_values":"","_jet_sm_fonts_collection":"","_jet_sm_fonts_links":""},"product_brand":[241],"product_cat":[283,282],"product_tag":[],"class_list":{"0":"post-45991","1":"product","2":"type-product","3":"status-publish","4":"has-post-thumbnail","6":"product_brand-mattel","7":"product_cat-barbie-de-collection","8":"product_cat-poupees-barbie","9":"sales-flash-overlay","10":"woocommerce-text-align-center","11":"woocommerce-image-align-center","12":"do-quantity-buttons","13":"wc-has-gallery","15":"first","16":"instock","17":"shipping-taxable","18":"purchasable","19":"product-type-simple"},"acf":[],"_links":{"self":[{"href":"https:\/\/beckertoys.com\/fr\/wp-json\/wp\/v2\/product\/45991","targetHints":{"allow":["GET"]}}],"collection":[{"href":"https:\/\/beckertoys.com\/fr\/wp-json\/wp\/v2\/product"}],"about":[{"href":"https:\/\/beckertoys.com\/fr\/wp-json\/wp\/v2\/types\/product"}],"version-history":[{"count":1,"href":"https:\/\/beckertoys.com\/fr\/wp-json\/wp\/v2\/product\/45991\/revisions"}],"predecessor-version":[{"id":48072,"href":"https:\/\/beckertoys.com\/fr\/wp-json\/wp\/v2\/product\/45991\/revisions\/48072"}],"wp:featuredmedia":[{"embeddable":true,"href":"https:\/\/beckertoys.com\/fr\/wp-json\/wp\/v2\/media\/46007"}],"wp:attachment":[{"href":"https:\/\/beckertoys.com\/fr\/wp-json\/wp\/v2\/media?parent=45991"}],"wp:term":[{"taxonomy":"product_brand","embeddable":true,"href":"https:\/\/beckertoys.com\/fr\/wp-json\/wp\/v2\/product_brand?post=45991"},{"taxonomy":"product_cat","embeddable":true,"href":"https:\/\/beckertoys.com\/fr\/wp-json\/wp\/v2\/product_cat?post=45991"},{"taxonomy":"product_tag","embeddable":true,"href":"https:\/\/beckertoys.com\/fr\/wp-json\/wp\/v2\/product_tag?post=45991"}],"curies":[{"name":"wp","href":"https:\/\/api.w.org\/{rel}","templated":true}]}}