{"id":46041,"date":"2026-05-04T19:59:55","date_gmt":"2026-05-04T17:59:55","guid":{"rendered":"https:\/\/beckertoys.com\/producto\/barbie-nascar-50th-anniversary-de-1998\/"},"modified":"2026-05-15T12:01:57","modified_gmt":"2026-05-15T10:01:57","slug":"barbie-nascar-50th-anniversary-de-1998","status":"publish","type":"product","link":"https:\/\/beckertoys.com\/fr\/mattel\/barbie-nascar-50th-anniversary-de-1998\/","title":{"rendered":"Barbie Nascar 50th Anniversary de 1998"},"content":{"rendered":"<p><strong>Barbie \u201cNASCAR 50th Anniversary\u201d (1998) &#8211; Edici\u00f3n Coleccionista<\/strong>\u00a0Celebra el 50 aniversario de NASCAR con esta Barbie \u00fanica y coleccionable. Viste un aut\u00e9ntico uniforme de carreras de NASCAR, listo para la acci\u00f3n en la pista. Sus accessoires comprendn una r\u00e9plica de casco de carreras de NASCAR con el logotipo del patrocinador y visera funcional, una gorra de carreras con el logo del 50 aniversario de NASCAR, pendientes, anillo y chaussures.\u00a0Con su cabello largo y l\u00e1piz labial rojo de carrera, esta Barbie es la combinaci\u00f3n perfecta del encanto perdurable de Barbie y la emoci\u00f3n y el drama de las carreras de NASCAR.<\/p>\n<p><strong>\u201cVelocidad y estilo en la meta &#8211; Barbie NASCAR, un \u00edcono que trasciende la pista.\u201d<\/strong><\/p>\n","protected":false},"excerpt":{"rendered":"<p>Poup\u00e9e de collection Barbie \u00ab\u00a0NASCAR 50th Anniversary\u00a0\u00bb de 1998. Neuve. Jamais sortie de la bo\u00eete. Bo\u00eete ab\u00eem\u00e9e.<\/p>\n<p>Article d\u2019occasion.<\/p>\n","protected":false},"featured_media":39475,"template":"","meta":{"_acf_changed":false,"_jet_sm_ready_style":"","_jet_sm_style":"","_jet_sm_controls_values":"","_jet_sm_fonts_collection":"","_jet_sm_fonts_links":""},"product_brand":[241],"product_cat":[316,282],"product_tag":[],"class_list":{"0":"post-46041","1":"product","2":"type-product","3":"status-publish","4":"has-post-thumbnail","6":"product_brand-mattel","7":"product_cat-barbie-pas-cheres","8":"product_cat-poupees-barbie","9":"sales-flash-overlay","10":"woocommerce-text-align-center","11":"woocommerce-image-align-center","12":"do-quantity-buttons","13":"wc-has-gallery","15":"first","16":"instock","17":"sale","18":"shipping-taxable","19":"purchasable","20":"product-type-simple"},"acf":[],"_links":{"self":[{"href":"https:\/\/beckertoys.com\/fr\/wp-json\/wp\/v2\/product\/46041","targetHints":{"allow":["GET"]}}],"collection":[{"href":"https:\/\/beckertoys.com\/fr\/wp-json\/wp\/v2\/product"}],"about":[{"href":"https:\/\/beckertoys.com\/fr\/wp-json\/wp\/v2\/types\/product"}],"version-history":[{"count":1,"href":"https:\/\/beckertoys.com\/fr\/wp-json\/wp\/v2\/product\/46041\/revisions"}],"predecessor-version":[{"id":48078,"href":"https:\/\/beckertoys.com\/fr\/wp-json\/wp\/v2\/product\/46041\/revisions\/48078"}],"wp:featuredmedia":[{"embeddable":true,"href":"https:\/\/beckertoys.com\/fr\/wp-json\/wp\/v2\/media\/39475"}],"wp:attachment":[{"href":"https:\/\/beckertoys.com\/fr\/wp-json\/wp\/v2\/media?parent=46041"}],"wp:term":[{"taxonomy":"product_brand","embeddable":true,"href":"https:\/\/beckertoys.com\/fr\/wp-json\/wp\/v2\/product_brand?post=46041"},{"taxonomy":"product_cat","embeddable":true,"href":"https:\/\/beckertoys.com\/fr\/wp-json\/wp\/v2\/product_cat?post=46041"},{"taxonomy":"product_tag","embeddable":true,"href":"https:\/\/beckertoys.com\/fr\/wp-json\/wp\/v2\/product_tag?post=46041"}],"curies":[{"name":"wp","href":"https:\/\/api.w.org\/{rel}","templated":true}]}}