{"id":46099,"date":"2026-05-05T10:59:34","date_gmt":"2026-05-05T08:59:34","guid":{"rendered":"https:\/\/beckertoys.com\/producto\/barbie-ken-romeo-juliet-de-1997\/"},"modified":"2026-05-15T12:02:04","modified_gmt":"2026-05-15T10:02:04","slug":"barbie-ken-romeo-juliet-de-1997","status":"publish","type":"product","link":"https:\/\/beckertoys.com\/fr\/mattel\/barbie-ken-romeo-juliet-de-1997\/","title":{"rendered":"Barbie &#038; Ken Romeo &#038; Juliet de 1997"},"content":{"rendered":"<p data-start=\"12\" data-end=\"99\"><strong data-start=\"12\" data-end=\"99\">Barbie &amp; Ken Romeo &amp; Juliet 1997 Limited Edition Together Forever Collection Mattel<\/strong><\/p>\n<h2 data-section-id=\"1n82n1k\" data-start=\"101\" data-end=\"117\">Description<\/h2>\n<p data-start=\"118\" data-end=\"560\">El set <strong data-start=\"125\" data-end=\"167\">Barbie &amp; Ken as Romeo &amp; Juliet de 1997<\/strong> es una \u00e9dition especial de Mattel inspirada en la inmortal obra de William Shakespeare, una pieza muy atractiva para collectionneurs de <strong data-start=\"303\" data-end=\"321\">Barbie vintage<\/strong>, ediciones tem\u00e1ticas y poup\u00e9es de collection de los a\u00f1os 90. Esta referencia forma parte de la <strong data-start=\"416\" data-end=\"447\">Together Forever Collection<\/strong> y se presenta como <strong data-start=\"467\" data-end=\"506\">First in a Series \/ Limited Edition<\/strong>, lo que refuerza su inter\u00e9s dentro del coleccionismo.<\/p>\n<p data-start=\"562\" data-end=\"1088\">El conjunto recrea a los protagonistas de <strong data-start=\"604\" data-end=\"623\">Romeo y Julieta<\/strong> con una est\u00e9tica claramente renacentista. <strong data-start=\"666\" data-end=\"688\">Barbie como Juliet<\/strong> luce un elegante vestido largo en tonos borgo\u00f1a y bronce, con tejido aterciopelado, detalles dorados, mangas abullonadas y larga trenza decorada, aportando un acabado muy teatral y sofisticado. <strong data-start=\"883\" data-end=\"901\">Ken como Romeo<\/strong> viste una t\u00fanica azul oscura con capa plateada, adornos dorados y un estilo inspirado en la indumentaria cl\u00e1sica del Renacimiento, logrando un d\u00fao muy vistoso y perfectamente ambientado.<\/p>\n<p data-start=\"1090\" data-end=\"1533\" data-is-last-node=\"\" data-is-only-node=\"\">Es una opci\u00f3n id\u00e9al para quienes buscan una <strong data-start=\"1134\" data-end=\"1163\">Barbie y Ken de collection<\/strong>, una <strong data-start=\"1169\" data-end=\"1197\">\u00e9dition limit\u00e9e de 1997<\/strong> o una pieza inspirada en la literatura cl\u00e1sica. De forma secundaria, la bo\u00eete muestra se\u00f1ales visibles de almacenamiento y paso del tiempo, con usures en esquinas, bordes y algunas marcas apreciables, especialmente en la partie arri\u00e8re y lateral, aunque el conjunto mantiene una presentaci\u00f3n muy atractiva para exposici\u00f3n o collection.<\/p>\n","protected":false},"excerpt":{"rendered":"<p>Coffret de collection Together Forever &#8211; Barbie &amp; Ken Romeo &amp; Juliet de 1997. Neufs, jamais sortis de la bo\u00eete. Bo\u00eete en bon \u00e9tat, peut pr\u00e9senter des marques dues au temps. Mu\u00f1ecos con algo de polvo en el visage.<\/p>\n<p>Article d\u2019occasion.<\/p>\n","protected":false},"featured_media":46103,"template":"","meta":{"_acf_changed":false,"_jet_sm_ready_style":"","_jet_sm_style":"","_jet_sm_controls_values":"","_jet_sm_fonts_collection":"","_jet_sm_fonts_links":""},"product_brand":[241],"product_cat":[323,283,282],"product_tag":[],"class_list":{"0":"post-46099","1":"product","2":"type-product","3":"status-publish","4":"has-post-thumbnail","6":"product_brand-mattel","7":"product_cat-amis-de-barbie","8":"product_cat-barbie-de-collection","9":"product_cat-poupees-barbie","10":"sales-flash-overlay","11":"woocommerce-text-align-center","12":"woocommerce-image-align-center","13":"do-quantity-buttons","14":"wc-has-gallery","16":"first","17":"instock","18":"shipping-taxable","19":"purchasable","20":"product-type-simple"},"acf":[],"_links":{"self":[{"href":"https:\/\/beckertoys.com\/fr\/wp-json\/wp\/v2\/product\/46099","targetHints":{"allow":["GET"]}}],"collection":[{"href":"https:\/\/beckertoys.com\/fr\/wp-json\/wp\/v2\/product"}],"about":[{"href":"https:\/\/beckertoys.com\/fr\/wp-json\/wp\/v2\/types\/product"}],"version-history":[{"count":1,"href":"https:\/\/beckertoys.com\/fr\/wp-json\/wp\/v2\/product\/46099\/revisions"}],"predecessor-version":[{"id":48091,"href":"https:\/\/beckertoys.com\/fr\/wp-json\/wp\/v2\/product\/46099\/revisions\/48091"}],"wp:featuredmedia":[{"embeddable":true,"href":"https:\/\/beckertoys.com\/fr\/wp-json\/wp\/v2\/media\/46103"}],"wp:attachment":[{"href":"https:\/\/beckertoys.com\/fr\/wp-json\/wp\/v2\/media?parent=46099"}],"wp:term":[{"taxonomy":"product_brand","embeddable":true,"href":"https:\/\/beckertoys.com\/fr\/wp-json\/wp\/v2\/product_brand?post=46099"},{"taxonomy":"product_cat","embeddable":true,"href":"https:\/\/beckertoys.com\/fr\/wp-json\/wp\/v2\/product_cat?post=46099"},{"taxonomy":"product_tag","embeddable":true,"href":"https:\/\/beckertoys.com\/fr\/wp-json\/wp\/v2\/product_tag?post=46099"}],"curies":[{"name":"wp","href":"https:\/\/api.w.org\/{rel}","templated":true}]}}