{"id":46117,"date":"2026-05-05T11:59:09","date_gmt":"2026-05-05T09:59:09","guid":{"rendered":"https:\/\/beckertoys.com\/producto\/barbie-morocco-de-2012\/"},"modified":"2026-05-15T12:02:07","modified_gmt":"2026-05-15T10:02:07","slug":"barbie-morocco-de-2012","status":"publish","type":"product","link":"https:\/\/beckertoys.com\/fr\/mattel\/barbie-morocco-de-2012\/","title":{"rendered":"Barbie Morocco de 2012"},"content":{"rendered":"<section class=\"text-token-text-primary w-full focus:outline-none [--shadow-height:45px] has-data-writing-block:pointer-events-none has-data-writing-block:-mt-(--shadow-height) has-data-writing-block:pt-(--shadow-height) [&amp;:has([data-writing-block])&gt;*]:pointer-events-auto [content-visibility:auto] supports-[content-visibility:auto]:[contain-intrinsic-size:auto_100lvh] R6Vx5W_threadScrollVars scroll-mb-[calc(var(--scroll-root-safe-area-inset-bottom,0px)+var(--thread-response-height))] scroll-mt-[calc(var(--header-height)+min(200px,max(70px,20svh)))]\" dir=\"auto\" data-turn-id=\"request-69bbc9f1-31ac-8387-b3ef-226fd97f4785-1\" data-testid=\"conversation-turn-328\" data-scroll-anchor=\"false\" data-turn=\"assistant\">\n<div class=\"text-base my-auto mx-auto pb-10 [--thread-content-margin:var(--thread-content-margin-xs,calc(var(--spacing)*4))] @w-sm\/main:[--thread-content-margin:var(--thread-content-margin-sm,calc(var(--spacing)*6))] @w-lg\/main:[--thread-content-margin:var(--thread-content-margin-lg,calc(var(--spacing)*16))] px-(--thread-content-margin)\">\n<div class=\"[--thread-content-max-width:40rem] @w-lg\/main:[--thread-content-max-width:48rem] mx-auto max-w-(--thread-content-max-width) flex-1 group\/turn-messages focus-visible:outline-hidden relative flex w-full min-w-0 flex-col agent-turn\">\n<div class=\"flex max-w-full flex-col gap-4 grow\">\n<div class=\"min-h-8 text-message relative flex w-full flex-col items-end gap-2 text-start break-words whitespace-normal outline-none keyboard-focused:focus-ring [.text-message+&amp;]:mt-1\" dir=\"auto\" tabindex=\"0\" data-message-author-role=\"assistant\" data-message-id=\"7704f3b8-815d-439f-b21f-af4ac291c94e\" data-message-model-slug=\"gpt-5-4-thinking\" data-turn-start-message=\"true\">\n<div class=\"flex w-full flex-col gap-1 empty:hidden\">\n<div class=\"markdown prose dark:prose-invert w-full wrap-break-word light markdown-new-styling\">\n<p data-start=\"12\" data-end=\"85\"><strong data-start=\"12\" data-end=\"85\">Barbie Morocco Dolls of the World de 2012 Barbie Collector Pink Label<\/strong><\/p>\n<h2 data-section-id=\"1n82n1k\" data-start=\"87\" data-end=\"103\">Description<\/h2>\n<p data-start=\"104\" data-end=\"652\">La <strong data-start=\"107\" data-end=\"152\">Barbie Morocco Dolls of the World de 2012<\/strong> es una elegante poup\u00e9e de collection de Mattel perteneciente a la reconocida l\u00ednea <strong data-start=\"235\" data-end=\"274\">Barbie Collector Dolls of the World<\/strong>, una serie muy apreciada por representar pa\u00edses y culturas a trav\u00e9s de dise\u00f1os inspirados en su indumentaria tradicional. Esta \u00e9dition dedicada a <strong data-start=\"421\" data-end=\"434\">Marruecos<\/strong> destaca por su est\u00e9tica sofisticada, sus colores intensos y su cuidada presentaci\u00f3n, siendo una pieza muy atractiva para collectionneurs de <strong data-start=\"574\" data-end=\"603\">Barbie Dolls of the World<\/strong>, <strong data-start=\"605\" data-end=\"625\">Barbie Collector<\/strong> y poup\u00e9es internacionales.<\/p>\n<p data-start=\"654\" data-end=\"1257\">La poup\u00e9e luce un vestuario de inspiraci\u00f3n marroqu\u00ed con gran riqueza visual, compuesto por un <strong data-start=\"748\" data-end=\"789\">vestido largo en tonos verde y fucsia<\/strong>, con elaborados motivos ornamentales y detalles dorados que realzan el conjunto. El dise\u00f1o se completa con <strong data-start=\"897\" data-end=\"936\">mangas transl\u00facidas en tono ciruela<\/strong>, cintur\u00f3n decorativo con acabado dorado y <strong data-start=\"979\" data-end=\"1013\">pendientes largos ornamentales<\/strong>, que aportan un aire refinado y ex\u00f3tico. Su larga melena oscura y el maquillaje en tonos suaves refuerzan la elegancia de esta \u00e9dition, mientras que el packaging de estilo pasaporte y viaje enbo\u00eete perfectamente con el concepto de la collection.<\/p>\n<p data-start=\"1259\" data-end=\"1615\" data-is-last-node=\"\" data-is-only-node=\"\">La <strong data-start=\"1262\" data-end=\"1297\">Barbie Morocco d\u2019origine de 2012<\/strong> es id\u00e9al para quienes buscan una poup\u00e9e tem\u00e1tica con presencia en vitrina, valor decorativo y gran atractivo dentro de las ediciones internacionales de Barbie. De forma secundaria, la bo\u00eete presenta se\u00f1ales leves de almacenamiento y paso del tiempo, con peque\u00f1as abolladuras.<\/p>\n<\/div>\n<\/div>\n<\/div>\n<\/div>\n<div class=\"z-0 flex min-h-[46px] justify-start\"><\/div>\n<\/div>\n<\/div>\n<\/section>\n<div class=\"pointer-events-none -mt-px h-px translate-y-[calc(var(--scroll-root-safe-area-inset-bottom)-14*var(--spacing))]\" aria-hidden=\"true\"><\/div>\n","protected":false},"excerpt":{"rendered":"<p>Poup\u00e9e de collection Dolls of the World &#8211; Barbie Morocco de 2012. Neuve, jamais sortie de la bo\u00eete. Bo\u00eete l\u00e9g\u00e8rement bomb\u00e9e.<\/p>\n<p>Article d\u2019occasion.<\/p>\n","protected":false},"featured_media":46118,"template":"","meta":{"_acf_changed":false,"_jet_sm_ready_style":"","_jet_sm_style":"","_jet_sm_controls_values":"","_jet_sm_fonts_collection":"","_jet_sm_fonts_links":""},"product_brand":[241],"product_cat":[323,283,282],"product_tag":[],"class_list":{"0":"post-46117","1":"product","2":"type-product","3":"status-publish","4":"has-post-thumbnail","6":"product_brand-mattel","7":"product_cat-amis-de-barbie","8":"product_cat-barbie-de-collection","9":"product_cat-poupees-barbie","10":"sales-flash-overlay","11":"woocommerce-text-align-center","12":"woocommerce-image-align-center","13":"do-quantity-buttons","14":"wc-has-gallery","16":"first","17":"instock","18":"shipping-taxable","19":"purchasable","20":"product-type-simple"},"acf":[],"_links":{"self":[{"href":"https:\/\/beckertoys.com\/fr\/wp-json\/wp\/v2\/product\/46117","targetHints":{"allow":["GET"]}}],"collection":[{"href":"https:\/\/beckertoys.com\/fr\/wp-json\/wp\/v2\/product"}],"about":[{"href":"https:\/\/beckertoys.com\/fr\/wp-json\/wp\/v2\/types\/product"}],"version-history":[{"count":1,"href":"https:\/\/beckertoys.com\/fr\/wp-json\/wp\/v2\/product\/46117\/revisions"}],"predecessor-version":[{"id":48095,"href":"https:\/\/beckertoys.com\/fr\/wp-json\/wp\/v2\/product\/46117\/revisions\/48095"}],"wp:featuredmedia":[{"embeddable":true,"href":"https:\/\/beckertoys.com\/fr\/wp-json\/wp\/v2\/media\/46118"}],"wp:attachment":[{"href":"https:\/\/beckertoys.com\/fr\/wp-json\/wp\/v2\/media?parent=46117"}],"wp:term":[{"taxonomy":"product_brand","embeddable":true,"href":"https:\/\/beckertoys.com\/fr\/wp-json\/wp\/v2\/product_brand?post=46117"},{"taxonomy":"product_cat","embeddable":true,"href":"https:\/\/beckertoys.com\/fr\/wp-json\/wp\/v2\/product_cat?post=46117"},{"taxonomy":"product_tag","embeddable":true,"href":"https:\/\/beckertoys.com\/fr\/wp-json\/wp\/v2\/product_tag?post=46117"}],"curies":[{"name":"wp","href":"https:\/\/api.w.org\/{rel}","templated":true}]}}