{"id":46263,"date":"2026-05-07T09:59:57","date_gmt":"2026-05-07T07:59:57","guid":{"rendered":"https:\/\/beckertoys.com\/producto\/barbie-hula-honey-pin-up-girls-de-2006\/"},"modified":"2026-05-15T12:02:20","modified_gmt":"2026-05-15T10:02:20","slug":"barbie-hula-honey-pin-up-girls-de-2006","status":"publish","type":"product","link":"https:\/\/beckertoys.com\/fr\/mattel\/barbie-hula-honey-pin-up-girls-de-2006\/","title":{"rendered":"Barbie Hula Honey Pin-Up Girls de 2006"},"content":{"rendered":"<h2 data-section-id=\"5h0ukh\" data-start=\"0\" data-end=\"49\">Barbie Hula Honey Pin-Up Girls Gold Label 2006<\/h2>\n<p data-start=\"51\" data-end=\"461\"><strong data-start=\"51\" data-end=\"80\">Barbie Hula Honey de 2006<\/strong> en su bo\u00eete d\u2019origine. Esta \u00e9dition de <strong data-start=\"118\" data-end=\"138\">Barbie Collector<\/strong> forma parte de la <strong data-start=\"157\" data-end=\"184\">Pin-Up Girls Collection<\/strong> y est\u00e1 catalogada como <strong data-start=\"208\" data-end=\"222\">Gold Label<\/strong>. Se trata de una poup\u00e9e de collection inspirada en la est\u00e9tica cl\u00e1sica de las <strong data-start=\"300\" data-end=\"310\">pin-up<\/strong> y reinterpretada con tem\u00e1tica tropical hawaiana, con una imagen que evoca el estilo vintage de las ilustraciones glamourosas de mediados del siglo XX.<\/p>\n<p data-start=\"463\" data-end=\"867\">La poup\u00e9e luce un conjunto de dos piezas en tonos rojos y amarillos con estampado floral, calzado de tac\u00f3n rojo y melena morena ondulada. Comprend varios accessoires de inspiraci\u00f3n hawaiana, como <strong data-start=\"657\" data-end=\"668\">ukelele<\/strong>, falda de flecos verde, collares florales y otros complementos visibles en las fotograf\u00edas. En la partie arri\u00e8re del embalaje se indica que es la <strong data-start=\"814\" data-end=\"832\">segunda poup\u00e9e<\/strong> de la <strong data-start=\"839\" data-end=\"866\">Pin-Up Girls Collection<\/strong>.<\/p>\n<h3 data-section-id=\"17yn8px\" data-start=\"869\" data-end=\"888\">Caracter\u00edsticas<\/h3>\n<ul data-start=\"889\" data-end=\"1351\">\n<li data-section-id=\"1swci2a\" data-start=\"889\" data-end=\"910\">Barbie Hula Honey<\/li>\n<li data-section-id=\"11dow3t\" data-start=\"911\" data-end=\"924\">A\u00f1o: 2006<\/li>\n<li data-section-id=\"1lfcu17\" data-start=\"925\" data-end=\"942\">Marque : Mattel<\/li>\n<li data-section-id=\"3fiy2c\" data-start=\"943\" data-end=\"963\">Barbie Collector<\/li>\n<li data-section-id=\"1qp8x8u\" data-start=\"964\" data-end=\"978\">Gold Label<\/li>\n<li data-section-id=\"mw1xk2\" data-start=\"979\" data-end=\"1006\">Pin-Up Girls Collection<\/li>\n<li data-section-id=\"1vghlrl\" data-start=\"1007\" data-end=\"1063\">Segunda poup\u00e9e de la collection, seg\u00fan indica la bo\u00eete<\/li>\n<li data-section-id=\"iznfs0\" data-start=\"1064\" data-end=\"1116\">Inspiraci\u00f3n pin-up vintage con tem\u00e1tica hawaiana<\/li>\n<li data-section-id=\"1gkbelq\" data-start=\"1117\" data-end=\"1152\">Cabello moreno largo y ondulado<\/li>\n<li data-section-id=\"hgat0h\" data-start=\"1153\" data-end=\"1200\">Conjunto de dos piezas con estampado floral<\/li>\n<li data-section-id=\"54ublu\" data-start=\"1201\" data-end=\"1218\">Tacones rojos<\/li>\n<li data-section-id=\"14rcs6q\" data-start=\"1219\" data-end=\"1238\">Comprend ukelele<\/li>\n<li data-section-id=\"17auvxy\" data-start=\"1239\" data-end=\"1272\">Comprend falda de flecos verde<\/li>\n<li data-section-id=\"mbuzo7\" data-start=\"1273\" data-end=\"1324\">Comprend collares y accessoires florales visibles<\/li>\n<li data-section-id=\"14o17qh\" data-start=\"1325\" data-end=\"1351\">Bo\u00eete d\u2019origine incluida<\/li>\n<\/ul>\n<h3 data-section-id=\"g3wdou\" data-start=\"1353\" data-end=\"1363\">Estado<\/h3>\n<ul data-start=\"1364\" data-end=\"1568\">\n<li data-section-id=\"1k5e6da\" data-start=\"1364\" data-end=\"1394\">Produit con bo\u00eete d\u2019origine<\/li>\n<li data-section-id=\"1fzk8r4\" data-start=\"1395\" data-end=\"1453\">Bo\u00eete con ligeras se\u00f1ales de almacenamiento.<\/li>\n<\/ul>\n","protected":false},"excerpt":{"rendered":"<p>Poup\u00e9e de collection Pin-Up Girls Gold label &#8211; Barbie Hula Honey de 2006. Neuve, jamais sortie de la bo\u00eete. Bo\u00eete en tr\u00e8s bon \u00e9tat.<\/p>\n<p>Article d\u2019occasion.<\/p>\n","protected":false},"featured_media":46264,"template":"","meta":{"_acf_changed":false,"_jet_sm_ready_style":"","_jet_sm_style":"","_jet_sm_controls_values":"","_jet_sm_fonts_collection":"","_jet_sm_fonts_links":""},"product_brand":[241],"product_cat":[283,282],"product_tag":[],"class_list":{"0":"post-46263","1":"product","2":"type-product","3":"status-publish","4":"has-post-thumbnail","6":"product_brand-mattel","7":"product_cat-barbie-de-collection","8":"product_cat-poupees-barbie","9":"sales-flash-overlay","10":"woocommerce-text-align-center","11":"woocommerce-image-align-center","12":"do-quantity-buttons","13":"wc-has-gallery","15":"first","16":"instock","17":"shipping-taxable","18":"purchasable","19":"product-type-simple"},"acf":[],"_links":{"self":[{"href":"https:\/\/beckertoys.com\/fr\/wp-json\/wp\/v2\/product\/46263","targetHints":{"allow":["GET"]}}],"collection":[{"href":"https:\/\/beckertoys.com\/fr\/wp-json\/wp\/v2\/product"}],"about":[{"href":"https:\/\/beckertoys.com\/fr\/wp-json\/wp\/v2\/types\/product"}],"version-history":[{"count":1,"href":"https:\/\/beckertoys.com\/fr\/wp-json\/wp\/v2\/product\/46263\/revisions"}],"predecessor-version":[{"id":48123,"href":"https:\/\/beckertoys.com\/fr\/wp-json\/wp\/v2\/product\/46263\/revisions\/48123"}],"wp:featuredmedia":[{"embeddable":true,"href":"https:\/\/beckertoys.com\/fr\/wp-json\/wp\/v2\/media\/46264"}],"wp:attachment":[{"href":"https:\/\/beckertoys.com\/fr\/wp-json\/wp\/v2\/media?parent=46263"}],"wp:term":[{"taxonomy":"product_brand","embeddable":true,"href":"https:\/\/beckertoys.com\/fr\/wp-json\/wp\/v2\/product_brand?post=46263"},{"taxonomy":"product_cat","embeddable":true,"href":"https:\/\/beckertoys.com\/fr\/wp-json\/wp\/v2\/product_cat?post=46263"},{"taxonomy":"product_tag","embeddable":true,"href":"https:\/\/beckertoys.com\/fr\/wp-json\/wp\/v2\/product_tag?post=46263"}],"curies":[{"name":"wp","href":"https:\/\/api.w.org\/{rel}","templated":true}]}}