{"id":46394,"date":"2026-05-08T09:31:22","date_gmt":"2026-05-08T07:31:22","guid":{"rendered":"https:\/\/beckertoys.com\/producto\/barbie-solo-in-the-spotlight-brunette-de-1994-boite-abimee\/"},"modified":"2026-05-15T12:02:28","modified_gmt":"2026-05-15T10:02:28","slug":"barbie-solo-in-the-spotlight-brunette-de-1994-boite-abimee","status":"publish","type":"product","link":"https:\/\/beckertoys.com\/fr\/mattel\/barbie-solo-in-the-spotlight-brunette-de-1994-boite-abimee\/","title":{"rendered":"Barbie Solo in the Spotlight Brunette de 1994 (Bo\u00eete ab\u00eem\u00e9e)"},"content":{"rendered":"<p><strong>Barbie \u00ab\u00a0Solo in the Spotlight\u00a0\u00bb<\/strong> de 1994 es una \u00e9dition especial que rinde homenaje al glamour cl\u00e1sico de los a\u00f1os 60. Esta poup\u00e9e presenta un <strong>vestido negro ajustado con un acabado brillante<\/strong>, acompa\u00f1ado de un pa\u00f1uelo de gasa, guantes largos, un collar y pendientes elegantes. Comprend un micr\u00f3fono vintage y un soporte para la poup\u00e9e, lo que refuerza su tem\u00e1tica de estrella en el escenario. Es una pieza de collection muy buscada por los amantes de Barbie y los entusiastas de los art\u00edculos retro<\/p>\n","protected":false},"excerpt":{"rendered":"<p>Poup\u00e9e de collection Reproducciones &#8211; Barbie Solo in the Spotlight brune de 1994. Neuve. Jamais sortie de la bo\u00eete. Bo\u00eete tr\u00e8s ab\u00eem\u00e9e.<\/p>\n<p>Article d\u2019occasion.<\/p>\n","protected":false},"featured_media":46395,"template":"","meta":{"_acf_changed":false,"_jet_sm_ready_style":"","_jet_sm_style":"","_jet_sm_controls_values":"","_jet_sm_fonts_collection":"","_jet_sm_fonts_links":""},"product_brand":[241],"product_cat":[283,288,282],"product_tag":[],"class_list":{"0":"post-46394","1":"product","2":"type-product","3":"status-publish","4":"has-post-thumbnail","6":"product_brand-mattel","7":"product_cat-barbie-de-collection","8":"product_cat-outlet-barbie","9":"product_cat-poupees-barbie","10":"sales-flash-overlay","11":"woocommerce-text-align-center","12":"woocommerce-image-align-center","13":"do-quantity-buttons","14":"wc-has-gallery","16":"first","17":"outofstock","18":"sale","19":"shipping-taxable","20":"purchasable","21":"product-type-simple"},"acf":[],"_links":{"self":[{"href":"https:\/\/beckertoys.com\/fr\/wp-json\/wp\/v2\/product\/46394","targetHints":{"allow":["GET"]}}],"collection":[{"href":"https:\/\/beckertoys.com\/fr\/wp-json\/wp\/v2\/product"}],"about":[{"href":"https:\/\/beckertoys.com\/fr\/wp-json\/wp\/v2\/types\/product"}],"version-history":[{"count":1,"href":"https:\/\/beckertoys.com\/fr\/wp-json\/wp\/v2\/product\/46394\/revisions"}],"predecessor-version":[{"id":48142,"href":"https:\/\/beckertoys.com\/fr\/wp-json\/wp\/v2\/product\/46394\/revisions\/48142"}],"wp:featuredmedia":[{"embeddable":true,"href":"https:\/\/beckertoys.com\/fr\/wp-json\/wp\/v2\/media\/46395"}],"wp:attachment":[{"href":"https:\/\/beckertoys.com\/fr\/wp-json\/wp\/v2\/media?parent=46394"}],"wp:term":[{"taxonomy":"product_brand","embeddable":true,"href":"https:\/\/beckertoys.com\/fr\/wp-json\/wp\/v2\/product_brand?post=46394"},{"taxonomy":"product_cat","embeddable":true,"href":"https:\/\/beckertoys.com\/fr\/wp-json\/wp\/v2\/product_cat?post=46394"},{"taxonomy":"product_tag","embeddable":true,"href":"https:\/\/beckertoys.com\/fr\/wp-json\/wp\/v2\/product_tag?post=46394"}],"curies":[{"name":"wp","href":"https:\/\/api.w.org\/{rel}","templated":true}]}}