{"id":46408,"date":"2026-05-08T11:46:52","date_gmt":"2026-05-08T09:46:52","guid":{"rendered":"https:\/\/beckertoys.com\/producto\/barbie-wedding-fantasy-outlet-de-1989\/"},"modified":"2026-05-15T12:02:31","modified_gmt":"2026-05-15T10:02:31","slug":"barbie-wedding-fantasy-outlet-de-1989","status":"publish","type":"product","link":"https:\/\/beckertoys.com\/fr\/mattel\/barbie-wedding-fantasy-outlet-de-1989\/","title":{"rendered":"Barbie Wedding Fantasy Outlet de 1989"},"content":{"rendered":"<p>La <strong>Barbie Wedding Fantasy de 1989<\/strong> es una encantadora poup\u00e9e vintage que representa el id\u00e9al rom\u00e1ntico de una novia cl\u00e1sica de finales de los a\u00f1os 80.<br \/>\nVestida con un <strong>elegante vestido blanco de encaje<\/strong>, con un <strong>corpi\u00f1o estilo eduardiano<\/strong> y una <strong>falda amplia y vaporosa<\/strong>, esta Barbie transmite toda la fantasy de una boda de cuento. Su look se completa con un <strong>largo velo adornado con un tocado de perlas<\/strong>, un ramo de flores, tacones blancos con lazo, medias transparentes y aretes.<br \/>\nLa Barbie Wedding Fantasy es una pieza nost\u00e1lgica que captura la esencia de la moda nupcial ochentera con un toque de fantasy y elegancia.<\/p>\n","protected":false},"excerpt":{"rendered":"<p>Poup\u00e9e vintage de collection Mari\u00e9es &#8211; Barbie Wedding Fantasy de 1989. Mu\u00f1eca a\u00fan anclada a la partie arri\u00e8re de la bo\u00eete. N\u2019inclut pas su bo\u00eete d\u2019origine, no comprend chaussures.<\/p>\n<p>Article d\u2019occasion.<\/p>\n","protected":false},"featured_media":40900,"template":"","meta":{"_acf_changed":false,"_jet_sm_ready_style":"","_jet_sm_style":"","_jet_sm_controls_values":"","_jet_sm_fonts_collection":"","_jet_sm_fonts_links":""},"product_brand":[241],"product_cat":[283,288,282],"product_tag":[],"class_list":{"0":"post-46408","1":"product","2":"type-product","3":"status-publish","4":"has-post-thumbnail","6":"product_brand-mattel","7":"product_cat-barbie-de-collection","8":"product_cat-outlet-barbie","9":"product_cat-poupees-barbie","10":"sales-flash-overlay","11":"woocommerce-text-align-center","12":"woocommerce-image-align-center","13":"do-quantity-buttons","15":"first","16":"outofstock","17":"sale","18":"shipping-taxable","19":"purchasable","20":"product-type-simple"},"acf":[],"_links":{"self":[{"href":"https:\/\/beckertoys.com\/fr\/wp-json\/wp\/v2\/product\/46408","targetHints":{"allow":["GET"]}}],"collection":[{"href":"https:\/\/beckertoys.com\/fr\/wp-json\/wp\/v2\/product"}],"about":[{"href":"https:\/\/beckertoys.com\/fr\/wp-json\/wp\/v2\/types\/product"}],"version-history":[{"count":1,"href":"https:\/\/beckertoys.com\/fr\/wp-json\/wp\/v2\/product\/46408\/revisions"}],"predecessor-version":[{"id":48152,"href":"https:\/\/beckertoys.com\/fr\/wp-json\/wp\/v2\/product\/46408\/revisions\/48152"}],"wp:featuredmedia":[{"embeddable":true,"href":"https:\/\/beckertoys.com\/fr\/wp-json\/wp\/v2\/media\/40900"}],"wp:attachment":[{"href":"https:\/\/beckertoys.com\/fr\/wp-json\/wp\/v2\/media?parent=46408"}],"wp:term":[{"taxonomy":"product_brand","embeddable":true,"href":"https:\/\/beckertoys.com\/fr\/wp-json\/wp\/v2\/product_brand?post=46408"},{"taxonomy":"product_cat","embeddable":true,"href":"https:\/\/beckertoys.com\/fr\/wp-json\/wp\/v2\/product_cat?post=46408"},{"taxonomy":"product_tag","embeddable":true,"href":"https:\/\/beckertoys.com\/fr\/wp-json\/wp\/v2\/product_tag?post=46408"}],"curies":[{"name":"wp","href":"https:\/\/api.w.org\/{rel}","templated":true}]}}