{"id":46762,"date":"2026-04-26T11:59:22","date_gmt":"2026-04-26T09:59:22","guid":{"rendered":"https:\/\/beckertoys.com\/producto\/teresa-quinceanera-de-1994\/"},"modified":"2026-05-15T12:00:30","modified_gmt":"2026-05-15T10:00:30","slug":"teresa-quinceanera-de-1994","status":"publish","type":"product","link":"https:\/\/beckertoys.com\/fr\/mattel\/teresa-quinceanera-de-1994\/","title":{"rendered":"Teresa Quincea\u00f1era de 1994"},"content":{"rendered":"<h2 data-section-id=\"ty42f\" data-start=\"0\" data-end=\"26\">Teresa Quincea\u00f1era 1994<\/h2>\n<p data-start=\"28\" data-end=\"422\"><strong data-start=\"28\" data-end=\"58\">Teresa Quincea\u00f1era de 1994<\/strong> en su bo\u00eete original. Esta <strong data-start=\"85\" data-end=\"104\">Special Edition<\/strong> est\u00e1 inspirada en la celebraci\u00f3n de la <strong data-start=\"144\" data-end=\"159\">quincea\u00f1era<\/strong>, una fiesta tradicional muy reconocida en M\u00e9xico, Am\u00e9rica Latina y la comunidad latina en Estados Unidos para conmemorar los 15 a\u00f1os. La mu\u00f1eca representa ese estilo festivo con un vestido amplio de color rosa y una presentaci\u00f3n centrada en una ocasi\u00f3n especial.<\/p>\n<p data-start=\"424\" data-end=\"777\">Luce cabello casta\u00f1o oscuro con volumen, vestido de gala en tono rosa con varias capas de tul, mangas abullonadas transl\u00facidas, detalles decorativos en blanco y collar de perlas. El conjunto se completa con ramo floral a juego. En el frontal de la bo\u00eete aparece el nombre <strong data-start=\"695\" data-end=\"717\">Quincea\u00f1era Teresa<\/strong> y la identificaci\u00f3n <strong data-start=\"738\" data-end=\"776\">Friend of Barbie \/ Amiga de Barbie<\/strong>.<\/p>\n<h3 data-section-id=\"17yn8px\" data-start=\"779\" data-end=\"798\">Caracter\u00edsticas<\/h3>\n<ul data-start=\"799\" data-end=\"1178\">\n<li data-section-id=\"9zu4u7\" data-start=\"799\" data-end=\"821\">Teresa Quincea\u00f1era<\/li>\n<li data-section-id=\"10lk3k8\" data-start=\"822\" data-end=\"835\">A\u00f1o: 1994<\/li>\n<li data-section-id=\"1lfcu17\" data-start=\"836\" data-end=\"853\">Marque : Mattel<\/li>\n<li data-section-id=\"1k1a8jh\" data-start=\"854\" data-end=\"873\">Special Edition<\/li>\n<li data-section-id=\"14o17qh\" data-start=\"874\" data-end=\"900\">Bo\u00eete original incluida<\/li>\n<li data-section-id=\"17rxnlq\" data-start=\"901\" data-end=\"939\">Friend of Barbie \/ Amiga de Barbie<\/li>\n<li data-section-id=\"142hqlo\" data-start=\"940\" data-end=\"997\">Edici\u00f3n inspirada en la celebraci\u00f3n de la quincea\u00f1era<\/li>\n<li data-section-id=\"1bnn0ez\" data-start=\"998\" data-end=\"1022\">Vestido de gala rosa<\/li>\n<li data-section-id=\"15oj1gz\" data-start=\"1023\" data-end=\"1055\">Falda amplia de capas de tul<\/li>\n<li data-section-id=\"1vuydgv\" data-start=\"1056\" data-end=\"1091\">Mangas abullonadas transl\u00facidas<\/li>\n<li data-section-id=\"ztz4pb\" data-start=\"1092\" data-end=\"1112\">Collar de perlas<\/li>\n<li data-section-id=\"1jiq6vt\" data-start=\"1113\" data-end=\"1139\">Ramo floral decorativo<\/li>\n<li data-section-id=\"jhze4r\" data-start=\"1140\" data-end=\"1178\">Cabello casta\u00f1o oscuro con volumen<\/li>\n<\/ul>\n<h3 data-section-id=\"g3wdou\" data-start=\"1180\" data-end=\"1190\">Estado<\/h3>\n<ul data-start=\"1191\" data-end=\"1374\">\n<li data-section-id=\"1k5e6da\" data-start=\"1191\" data-end=\"1221\">Producto con bo\u00eete original<\/li>\n<li data-section-id=\"191k5ov\" data-start=\"1222\" data-end=\"1275\">Bo\u00eete con se\u00f1ales visibles de almacenamiento y uso<\/li>\n<li data-section-id=\"pv8qzn\" data-start=\"1276\" data-end=\"1333\">Desgaste visible en bordes, esquinas y parte superior<\/li>\n<\/ul>\n","protected":false},"excerpt":{"rendered":"<p>Poup\u00e9e Barbie de collection Birthday &#8211; Teresa Quincea\u00f1era de 1994. Neuve, jamais sortie de la bo\u00eete. Bo\u00eete en bon \u00e9tat, peut pr\u00e9senter des marques dues au temps.<\/p>\n<p>Article d\u2019occasion.<\/p>\n","protected":false},"featured_media":46764,"template":"","meta":{"_acf_changed":false,"_jet_sm_ready_style":"","_jet_sm_style":"","_jet_sm_controls_values":"","_jet_sm_fonts_collection":"","_jet_sm_fonts_links":""},"product_brand":[241],"product_cat":[323,282],"product_tag":[],"class_list":{"0":"post-46762","1":"product","2":"type-product","3":"status-publish","4":"has-post-thumbnail","6":"product_brand-mattel","7":"product_cat-amis-de-barbie","8":"product_cat-poupees-barbie","9":"sales-flash-overlay","10":"woocommerce-text-align-center","11":"woocommerce-image-align-center","12":"do-quantity-buttons","13":"wc-has-gallery","15":"first","16":"outofstock","17":"shipping-taxable","18":"purchasable","19":"product-type-simple"},"acf":[],"_links":{"self":[{"href":"https:\/\/beckertoys.com\/fr\/wp-json\/wp\/v2\/product\/46762","targetHints":{"allow":["GET"]}}],"collection":[{"href":"https:\/\/beckertoys.com\/fr\/wp-json\/wp\/v2\/product"}],"about":[{"href":"https:\/\/beckertoys.com\/fr\/wp-json\/wp\/v2\/types\/product"}],"version-history":[{"count":1,"href":"https:\/\/beckertoys.com\/fr\/wp-json\/wp\/v2\/product\/46762\/revisions"}],"predecessor-version":[{"id":47823,"href":"https:\/\/beckertoys.com\/fr\/wp-json\/wp\/v2\/product\/46762\/revisions\/47823"}],"wp:featuredmedia":[{"embeddable":true,"href":"https:\/\/beckertoys.com\/fr\/wp-json\/wp\/v2\/media\/46764"}],"wp:attachment":[{"href":"https:\/\/beckertoys.com\/fr\/wp-json\/wp\/v2\/media?parent=46762"}],"wp:term":[{"taxonomy":"product_brand","embeddable":true,"href":"https:\/\/beckertoys.com\/fr\/wp-json\/wp\/v2\/product_brand?post=46762"},{"taxonomy":"product_cat","embeddable":true,"href":"https:\/\/beckertoys.com\/fr\/wp-json\/wp\/v2\/product_cat?post=46762"},{"taxonomy":"product_tag","embeddable":true,"href":"https:\/\/beckertoys.com\/fr\/wp-json\/wp\/v2\/product_tag?post=46762"}],"curies":[{"name":"wp","href":"https:\/\/api.w.org\/{rel}","templated":true}]}}