{"id":46986,"date":"2026-04-27T19:59:20","date_gmt":"2026-04-27T17:59:20","guid":{"rendered":"https:\/\/beckertoys.com\/producto\/barbie-snow-sensation-de-1999\/"},"modified":"2026-05-15T12:00:40","modified_gmt":"2026-05-15T10:00:40","slug":"barbie-snow-sensation-de-1999","status":"publish","type":"product","link":"https:\/\/beckertoys.com\/fr\/mattel\/barbie-snow-sensation-de-1999\/","title":{"rendered":"Barbie Snow Sensation de 1999"},"content":{"rendered":"<p><strong>Barbie Snow Sensation de 1999<\/strong> es una edici\u00f3n especial de Barbie que celebra la temporada invernal. Esta Barbie viene con un globo de nieve y est\u00e1 disponible en varias versiones, comprendndo rubia, morena y afroamericana.<\/p>\n<p>Lleva un vestido blanco con falda azul con detalles de copos de nieva, botas de cuero, mit\u00f3n y cuello de piel sint\u00e9tica. Su cabello est\u00e1 peinado de manera elegante y lleva guantes de encaje. Es una pieza impresionante para cualquier collection de Barbie, especialmente para los amantes de la No\u00ebl y el invierno.<\/p>\n","protected":false},"excerpt":{"rendered":"<p>Poup\u00e9e de collection Hiver &#8211; Barbie Snow Sensation de 1999. Neuve, jamais sortie de la bo\u00eete. Bo\u00eete ab\u00eem\u00e9e.<\/p>\n<p>Article d\u2019occasion.<\/p>\n","protected":false},"featured_media":47001,"template":"","meta":{"_acf_changed":false,"_jet_sm_ready_style":"","_jet_sm_style":"","_jet_sm_controls_values":"","_jet_sm_fonts_collection":"","_jet_sm_fonts_links":""},"product_brand":[241],"product_cat":[283,320,282,305],"product_tag":[],"class_list":{"0":"post-46986","1":"product","2":"type-product","3":"status-publish","4":"has-post-thumbnail","6":"product_brand-mattel","7":"product_cat-barbie-de-collection","8":"product_cat-black-friday","9":"product_cat-poupees-barbie","10":"product_cat-special-noel","11":"sales-flash-overlay","12":"woocommerce-text-align-center","13":"woocommerce-image-align-center","14":"do-quantity-buttons","15":"wc-has-gallery","17":"first","18":"outofstock","19":"shipping-taxable","20":"purchasable","21":"product-type-simple"},"acf":[],"_links":{"self":[{"href":"https:\/\/beckertoys.com\/fr\/wp-json\/wp\/v2\/product\/46986","targetHints":{"allow":["GET"]}}],"collection":[{"href":"https:\/\/beckertoys.com\/fr\/wp-json\/wp\/v2\/product"}],"about":[{"href":"https:\/\/beckertoys.com\/fr\/wp-json\/wp\/v2\/types\/product"}],"version-history":[{"count":1,"href":"https:\/\/beckertoys.com\/fr\/wp-json\/wp\/v2\/product\/46986\/revisions"}],"predecessor-version":[{"id":47857,"href":"https:\/\/beckertoys.com\/fr\/wp-json\/wp\/v2\/product\/46986\/revisions\/47857"}],"wp:featuredmedia":[{"embeddable":true,"href":"https:\/\/beckertoys.com\/fr\/wp-json\/wp\/v2\/media\/47001"}],"wp:attachment":[{"href":"https:\/\/beckertoys.com\/fr\/wp-json\/wp\/v2\/media?parent=46986"}],"wp:term":[{"taxonomy":"product_brand","embeddable":true,"href":"https:\/\/beckertoys.com\/fr\/wp-json\/wp\/v2\/product_brand?post=46986"},{"taxonomy":"product_cat","embeddable":true,"href":"https:\/\/beckertoys.com\/fr\/wp-json\/wp\/v2\/product_cat?post=46986"},{"taxonomy":"product_tag","embeddable":true,"href":"https:\/\/beckertoys.com\/fr\/wp-json\/wp\/v2\/product_tag?post=46986"}],"curies":[{"name":"wp","href":"https:\/\/api.w.org\/{rel}","templated":true}]}}