{"id":47113,"date":"2026-04-27T19:59:21","date_gmt":"2026-04-27T17:59:21","guid":{"rendered":"https:\/\/beckertoys.com\/producto\/barbie-winter-velvet-de-1995\/"},"modified":"2026-05-15T12:00:43","modified_gmt":"2026-05-15T10:00:43","slug":"barbie-winter-velvet-de-1995","status":"publish","type":"product","link":"https:\/\/beckertoys.com\/fr\/mattel\/barbie-winter-velvet-de-1995\/","title":{"rendered":"Barbie Winter Velvet de 1995"},"content":{"rendered":"<p><strong>Barbie Winter Velvet<\/strong>\u00a0de 1995 es una edici\u00f3n especial creada exclusivamente para AVON.\u00a0Es la primera en la serie y presenta a Barbie vistiendo una falda plateada con una blusa de <strong>terciopelo<\/strong> azul, ideal para collectionneurs o fan\u00e1ticos de Barbie.\u00a0Esta edici\u00f3n especial comprend la mu\u00f1eca Barbie, su vestido, una cinta, un collar y chaussures, y est\u00e1 dirigida a ni\u00f1os de 3 a\u00f1os en adelante.\u00a0La mu\u00f1eca es de \u00e9dition limit\u00e9e y fue lanzada en 1995.\u00a0Es una pieza valiosa para los collectionneurs debido a su rareza y la asociaci\u00f3n con AVON<\/p>\n","protected":false},"excerpt":{"rendered":"<p>Poup\u00e9e de collection AVON &#8211; Barbie Winter Velvet de 1995. Neuve, jamais sortie de la bo\u00eete. Bo\u00eete ab\u00eem\u00e9e.<\/p>\n<p>Article d\u2019occasion.<\/p>\n","protected":false},"featured_media":47156,"template":"","meta":{"_acf_changed":false,"_jet_sm_ready_style":"","_jet_sm_style":"","_jet_sm_controls_values":"","_jet_sm_fonts_collection":"","_jet_sm_fonts_links":""},"product_brand":[241],"product_cat":[283,282,305],"product_tag":[],"class_list":{"0":"post-47113","1":"product","2":"type-product","3":"status-publish","4":"has-post-thumbnail","6":"product_brand-mattel","7":"product_cat-barbie-de-collection","8":"product_cat-poupees-barbie","9":"product_cat-special-noel","10":"sales-flash-overlay","11":"woocommerce-text-align-center","12":"woocommerce-image-align-center","13":"do-quantity-buttons","14":"wc-has-gallery","16":"first","17":"instock","18":"sold-individually","19":"shipping-taxable","20":"purchasable","21":"product-type-simple"},"acf":[],"_links":{"self":[{"href":"https:\/\/beckertoys.com\/fr\/wp-json\/wp\/v2\/product\/47113","targetHints":{"allow":["GET"]}}],"collection":[{"href":"https:\/\/beckertoys.com\/fr\/wp-json\/wp\/v2\/product"}],"about":[{"href":"https:\/\/beckertoys.com\/fr\/wp-json\/wp\/v2\/types\/product"}],"version-history":[{"count":1,"href":"https:\/\/beckertoys.com\/fr\/wp-json\/wp\/v2\/product\/47113\/revisions"}],"predecessor-version":[{"id":47870,"href":"https:\/\/beckertoys.com\/fr\/wp-json\/wp\/v2\/product\/47113\/revisions\/47870"}],"wp:featuredmedia":[{"embeddable":true,"href":"https:\/\/beckertoys.com\/fr\/wp-json\/wp\/v2\/media\/47156"}],"wp:attachment":[{"href":"https:\/\/beckertoys.com\/fr\/wp-json\/wp\/v2\/media?parent=47113"}],"wp:term":[{"taxonomy":"product_brand","embeddable":true,"href":"https:\/\/beckertoys.com\/fr\/wp-json\/wp\/v2\/product_brand?post=47113"},{"taxonomy":"product_cat","embeddable":true,"href":"https:\/\/beckertoys.com\/fr\/wp-json\/wp\/v2\/product_cat?post=47113"},{"taxonomy":"product_tag","embeddable":true,"href":"https:\/\/beckertoys.com\/fr\/wp-json\/wp\/v2\/product_tag?post=47113"}],"curies":[{"name":"wp","href":"https:\/\/api.w.org\/{rel}","templated":true}]}}