{"id":47360,"date":"2026-04-30T08:59:25","date_gmt":"2026-04-30T06:59:25","guid":{"rendered":"https:\/\/beckertoys.com\/producto\/barbie-arctic-suelta-de-1996\/"},"modified":"2026-05-15T12:00:59","modified_gmt":"2026-05-15T10:00:59","slug":"barbie-arctic-suelta-de-1996","status":"publish","type":"product","link":"https:\/\/beckertoys.com\/fr\/mattel\/barbie-arctic-suelta-de-1996\/","title":{"rendered":"Barbie Arctic Suelta de 1996"},"content":{"rendered":"<p>La<strong> Barbie Arctic Dolls of the World Collector Edition<\/strong> de 1996 es una figura ic\u00f3nica de la collection Barbie. Esta versi\u00f3n de Barbie presenta a la famosa mu\u00f1eca con un traje inspirado en las tradiciones de las regiones <strong>\u00e1rticas<\/strong>.<\/p>\n<p>Barbie tiene una chaqueta de lana con forro de falso pelo blanco en la capucha, mangas y el borde de la falda. La chaqueta est\u00e1 decorada con una amplia cinta dorada, roja y verde. Dos cordones dorados se atan en el cuello para mantener fuera los vientos \u00e1rticos. Los pantalones de lana que usa Barbie est\u00e1n emparejados con su chaqueta y est\u00e1n decorados con forro blanco y puntadas rojas. Sus chaussures son mukluks, que son botas tradicionales de las regiones \u00e1rticas.<\/p>\n<p>Esta Barbie es una pieza especial para cualquier collection de Barbie vintage y es muy valorada por su dise\u00f1o detallado y autenticidad cultural.<\/p>\n","protected":false},"excerpt":{"rendered":"<p>Poup\u00e9e de collection Dolls of the World &#8211; Mode Kira &#8211; Barbie Arctic Loose de 1996. Jamais utilis\u00e9e pour jouer. N\u2019inclut pas socle.<\/p>\n<p>Article d\u2019occasion.<\/p>\n","protected":false},"featured_media":47366,"template":"","meta":{"_acf_changed":false,"_jet_sm_ready_style":"","_jet_sm_style":"","_jet_sm_controls_values":"","_jet_sm_fonts_collection":"","_jet_sm_fonts_links":""},"product_brand":[241],"product_cat":[323,316,288,282],"product_tag":[],"class_list":{"0":"post-47360","1":"product","2":"type-product","3":"status-publish","4":"has-post-thumbnail","6":"product_brand-mattel","7":"product_cat-amis-de-barbie","8":"product_cat-barbie-pas-cheres","9":"product_cat-outlet-barbie","10":"product_cat-poupees-barbie","11":"sales-flash-overlay","12":"woocommerce-text-align-center","13":"woocommerce-image-align-center","14":"do-quantity-buttons","15":"wc-has-gallery","17":"first","18":"outofstock","19":"sale","20":"shipping-taxable","21":"purchasable","22":"product-type-simple"},"acf":[],"_links":{"self":[{"href":"https:\/\/beckertoys.com\/fr\/wp-json\/wp\/v2\/product\/47360","targetHints":{"allow":["GET"]}}],"collection":[{"href":"https:\/\/beckertoys.com\/fr\/wp-json\/wp\/v2\/product"}],"about":[{"href":"https:\/\/beckertoys.com\/fr\/wp-json\/wp\/v2\/types\/product"}],"version-history":[{"count":1,"href":"https:\/\/beckertoys.com\/fr\/wp-json\/wp\/v2\/product\/47360\/revisions"}],"predecessor-version":[{"id":47930,"href":"https:\/\/beckertoys.com\/fr\/wp-json\/wp\/v2\/product\/47360\/revisions\/47930"}],"wp:featuredmedia":[{"embeddable":true,"href":"https:\/\/beckertoys.com\/fr\/wp-json\/wp\/v2\/media\/47366"}],"wp:attachment":[{"href":"https:\/\/beckertoys.com\/fr\/wp-json\/wp\/v2\/media?parent=47360"}],"wp:term":[{"taxonomy":"product_brand","embeddable":true,"href":"https:\/\/beckertoys.com\/fr\/wp-json\/wp\/v2\/product_brand?post=47360"},{"taxonomy":"product_cat","embeddable":true,"href":"https:\/\/beckertoys.com\/fr\/wp-json\/wp\/v2\/product_cat?post=47360"},{"taxonomy":"product_tag","embeddable":true,"href":"https:\/\/beckertoys.com\/fr\/wp-json\/wp\/v2\/product_tag?post=47360"}],"curies":[{"name":"wp","href":"https:\/\/api.w.org\/{rel}","templated":true}]}}