{"id":47470,"date":"2026-05-01T08:59:01","date_gmt":"2026-05-01T06:59:01","guid":{"rendered":"https:\/\/beckertoys.com\/producto\/barbie-celebration-del-2000\/"},"modified":"2026-05-15T12:01:04","modified_gmt":"2026-05-15T10:01:04","slug":"barbie-celebration-del-2000","status":"publish","type":"product","link":"https:\/\/beckertoys.com\/fr\/mattel\/barbie-celebration-del-2000\/","title":{"rendered":"Barbie Celebration del 2000"},"content":{"rendered":"<h5>2000 BARBIE CELEBRATION<\/h5>\n<p>\u00a1Marca el inicio de un nuevo milenio con la deslumbrante Barbie Celebration del a\u00f1o 2000! Esta mu\u00f1eca especial est\u00e1 vestida para la ocasi\u00f3n con un impresionante vestido dorado y blanco, decorado con detalles brillantes que evocan la celebraci\u00f3n del A\u00f1o Nuevo. Su elegante look se completa con un peinado sofisticado y accessoires a juego, comprendndo una tiara y joyer\u00eda dorada. Perfecta para collectionneurs y entusiastas de las festividades, la Barbie Celebration 2000 es una pieza emblem\u00e1tica que captura el esp\u00edritu festivo y la esperanza de un nuevo comienzo.<\/p>\n<p>\u00ab\u00a0\u00a1Celebra el nuevo milenio con el glamour y el brillo de la Barbie Celebration 2000!\u00a0\u00bb<\/p>\n","protected":false},"excerpt":{"rendered":"<p><span data-sheets-root=\"1\" data-sheets-value=\"{&quot;1&quot;:2,&quot;2&quot;:&quot;2000 BARBIE CELEBRATION&quot;}\" data-sheets-userformat=\"{&quot;2&quot;:16961,&quot;3&quot;:{&quot;1&quot;:0},&quot;9&quot;:0,&quot;12&quot;:0,&quot;17&quot;:1}\">Poup\u00e9e de collection Holiday &#8211; Barbie Celebration 2000. Neuve, jamais sortie de la bo\u00eete. Bo\u00eete en bon \u00e9tat, peut pr\u00e9senter des marques dues au temps.\u00a0<\/span><\/p>\n<p>Article d\u2019occasion.<\/p>\n","protected":false},"featured_media":47507,"template":"","meta":{"_acf_changed":false,"_jet_sm_ready_style":"","_jet_sm_style":"","_jet_sm_controls_values":"","_jet_sm_fonts_collection":"","_jet_sm_fonts_links":""},"product_brand":[241],"product_cat":[283,282,305],"product_tag":[],"class_list":{"0":"post-47470","1":"product","2":"type-product","3":"status-publish","4":"has-post-thumbnail","6":"product_brand-mattel","7":"product_cat-barbie-de-collection","8":"product_cat-poupees-barbie","9":"product_cat-special-noel","10":"sales-flash-overlay","11":"woocommerce-text-align-center","12":"woocommerce-image-align-center","13":"do-quantity-buttons","14":"wc-has-gallery","16":"first","17":"outofstock","18":"sold-individually","19":"shipping-taxable","20":"purchasable","21":"product-type-simple"},"acf":[],"_links":{"self":[{"href":"https:\/\/beckertoys.com\/fr\/wp-json\/wp\/v2\/product\/47470","targetHints":{"allow":["GET"]}}],"collection":[{"href":"https:\/\/beckertoys.com\/fr\/wp-json\/wp\/v2\/product"}],"about":[{"href":"https:\/\/beckertoys.com\/fr\/wp-json\/wp\/v2\/types\/product"}],"version-history":[{"count":1,"href":"https:\/\/beckertoys.com\/fr\/wp-json\/wp\/v2\/product\/47470\/revisions"}],"predecessor-version":[{"id":47948,"href":"https:\/\/beckertoys.com\/fr\/wp-json\/wp\/v2\/product\/47470\/revisions\/47948"}],"wp:featuredmedia":[{"embeddable":true,"href":"https:\/\/beckertoys.com\/fr\/wp-json\/wp\/v2\/media\/47507"}],"wp:attachment":[{"href":"https:\/\/beckertoys.com\/fr\/wp-json\/wp\/v2\/media?parent=47470"}],"wp:term":[{"taxonomy":"product_brand","embeddable":true,"href":"https:\/\/beckertoys.com\/fr\/wp-json\/wp\/v2\/product_brand?post=47470"},{"taxonomy":"product_cat","embeddable":true,"href":"https:\/\/beckertoys.com\/fr\/wp-json\/wp\/v2\/product_cat?post=47470"},{"taxonomy":"product_tag","embeddable":true,"href":"https:\/\/beckertoys.com\/fr\/wp-json\/wp\/v2\/product_tag?post=47470"}],"curies":[{"name":"wp","href":"https:\/\/api.w.org\/{rel}","templated":true}]}}