{"id":47554,"date":"2026-05-01T11:57:06","date_gmt":"2026-05-01T09:57:06","guid":{"rendered":"https:\/\/beckertoys.com\/producto\/barbie-thai-suelta-de-1997\/"},"modified":"2026-05-15T12:01:08","modified_gmt":"2026-05-15T10:01:08","slug":"barbie-thai-suelta-de-1997","status":"publish","type":"product","link":"https:\/\/beckertoys.com\/fr\/mattel\/barbie-thai-suelta-de-1997\/","title":{"rendered":"Barbie Thai Suelta de 1997"},"content":{"rendered":"<p data-start=\"12\" data-end=\"83\"><strong data-start=\"12\" data-end=\"83\">Barbie Thai de 1997 Collector Edition Dolls of the World Collection<\/strong><\/p>\n<h4 data-section-id=\"1n82n1k\" data-start=\"85\" data-end=\"101\">Descripci\u00f3n<\/h4>\n<p data-start=\"102\" data-end=\"538\">La <strong data-start=\"105\" data-end=\"128\">Barbie Thai de 1997<\/strong> es una preciosa edici\u00f3n de la l\u00ednea <strong data-start=\"165\" data-end=\"198\">Dolls of the World Collection<\/strong>, una serie muy valorada por collectionneurs por representar distintos pa\u00edses a trav\u00e9s de sus trajes tradicionales. Esta <strong data-start=\"318\" data-end=\"339\">Collector Edition<\/strong> destaca por su elegante estilismo inspirado en la indumentaria ceremonial tailandesa, convirti\u00e9ndola en una pieza muy llamativa y representativa dentro de las Barbies internacionales de los a\u00f1os 90.<\/p>\n<p data-start=\"540\" data-end=\"1085\" data-is-last-node=\"\" data-is-only-node=\"\">La mu\u00f1eca luce un elaborado conjunto en <strong data-start=\"580\" data-end=\"604\">verde, rojo y dorado<\/strong>, con detalles decorativos de gran riqueza visual, falda de acabado ornamentado, joyer\u00eda dorada y un impresionante <strong data-start=\"719\" data-end=\"751\">tocado tradicional tailand\u00e9s<\/strong> que realza a\u00fan m\u00e1s su presencia. Es una Barbie ideal para collectionneurs de ediciones vintage, de la collection <strong data-start=\"863\" data-end=\"885\">Dolls of the World<\/strong> o para quienes buscan poup\u00e9es con vestuarios culturales y gran valor expositivo. La mu\u00f1eca no comprend bo\u00eete, ni socle, ni chaussures, pero su estado es muy bueno.<\/p>\n","protected":false},"excerpt":{"rendered":"<p>Poup\u00e9e de collection Dolls of the World &#8211; Barbie Thai Loose de 1997. N\u2019inclut pas socle ni chaussures.<\/p>\n<p>Article d\u2019occasion.<\/p>\n","protected":false},"featured_media":40293,"template":"","meta":{"_acf_changed":false,"_jet_sm_ready_style":"","_jet_sm_style":"","_jet_sm_controls_values":"","_jet_sm_fonts_collection":"","_jet_sm_fonts_links":""},"product_brand":[241],"product_cat":[316,288,282],"product_tag":[],"class_list":{"0":"post-47554","1":"product","2":"type-product","3":"status-publish","4":"has-post-thumbnail","6":"product_brand-mattel","7":"product_cat-barbie-pas-cheres","8":"product_cat-outlet-barbie","9":"product_cat-poupees-barbie","10":"sales-flash-overlay","11":"woocommerce-text-align-center","12":"woocommerce-image-align-center","13":"do-quantity-buttons","14":"wc-has-gallery","16":"first","17":"instock","18":"sale","19":"shipping-taxable","20":"purchasable","21":"product-type-simple"},"acf":[],"_links":{"self":[{"href":"https:\/\/beckertoys.com\/fr\/wp-json\/wp\/v2\/product\/47554","targetHints":{"allow":["GET"]}}],"collection":[{"href":"https:\/\/beckertoys.com\/fr\/wp-json\/wp\/v2\/product"}],"about":[{"href":"https:\/\/beckertoys.com\/fr\/wp-json\/wp\/v2\/types\/product"}],"version-history":[{"count":1,"href":"https:\/\/beckertoys.com\/fr\/wp-json\/wp\/v2\/product\/47554\/revisions"}],"predecessor-version":[{"id":47958,"href":"https:\/\/beckertoys.com\/fr\/wp-json\/wp\/v2\/product\/47554\/revisions\/47958"}],"wp:featuredmedia":[{"embeddable":true,"href":"https:\/\/beckertoys.com\/fr\/wp-json\/wp\/v2\/media\/40293"}],"wp:attachment":[{"href":"https:\/\/beckertoys.com\/fr\/wp-json\/wp\/v2\/media?parent=47554"}],"wp:term":[{"taxonomy":"product_brand","embeddable":true,"href":"https:\/\/beckertoys.com\/fr\/wp-json\/wp\/v2\/product_brand?post=47554"},{"taxonomy":"product_cat","embeddable":true,"href":"https:\/\/beckertoys.com\/fr\/wp-json\/wp\/v2\/product_cat?post=47554"},{"taxonomy":"product_tag","embeddable":true,"href":"https:\/\/beckertoys.com\/fr\/wp-json\/wp\/v2\/product_tag?post=47554"}],"curies":[{"name":"wp","href":"https:\/\/api.w.org\/{rel}","templated":true}]}}