{"id":41042,"date":"2024-04-03T00:31:47","date_gmt":"2024-04-02T22:31:47","guid":{"rendered":"https:\/\/beckertoys.com\/informativa-sulla-privacy\/"},"modified":"2026-05-14T19:26:10","modified_gmt":"2026-05-14T17:26:10","slug":"informativa-sulla-privacy","status":"publish","type":"page","link":"https:\/\/beckertoys.com\/it\/informativa-sulla-privacy\/","title":{"rendered":"Informativa sulla privacy"},"content":{"rendered":"\t\t<div data-elementor-type=\"wp-page\" data-elementor-id=\"41042\" class=\"elementor elementor-41042 elementor-3\" data-elementor-post-type=\"page\">\n\t\t\t\t<div class=\"elementor-element elementor-element-1794dd6 e-flex e-con-boxed e-con e-parent\" data-id=\"1794dd6\" data-element_type=\"container\" data-e-type=\"container\" data-settings=\"{&quot;jet_parallax_layout_list&quot;:[]}\">\n\t\t\t\t\t<div class=\"e-con-inner\">\n\t\t\t\t<div class=\"elementor-element elementor-element-f90df68 elementor-widget elementor-widget-heading\" data-id=\"f90df68\" data-element_type=\"widget\" data-e-type=\"widget\" data-widget_type=\"heading.default\">\n\t\t\t\t<div class=\"elementor-widget-container\">\n\t\t\t\t\t<h2 class=\"elementor-heading-title elementor-size-default\">Informativa sulla Privacy<\/h2>\t\t\t\t<\/div>\n\t\t\t\t<\/div>\n\t\t\t\t\t<\/div>\n\t\t\t\t<\/div>\n\t\t<div class=\"elementor-element elementor-element-cc3e43d e-flex e-con-boxed e-con e-parent\" data-id=\"cc3e43d\" data-element_type=\"container\" data-e-type=\"container\" data-settings=\"{&quot;jet_parallax_layout_list&quot;:[]}\">\n\t\t\t\t\t<div class=\"e-con-inner\">\n\t\t\t\t<div class=\"elementor-element elementor-element-4424865 elementor-widget elementor-widget-text-editor\" data-id=\"4424865\" data-element_type=\"widget\" data-e-type=\"widget\" data-widget_type=\"text-editor.default\">\n\t\t\t\t<div class=\"elementor-widget-container\">\n\t\t\t\t\t\t\t\t\t<p>Becker Toys es consciente de la importancia de garantizar el derecho a la intimidad y protecci\u00f3n de datos de los Usuarios y, en este sentido, en cumplimiento de lo previsto en el Reglamento (UE) 2016\/679 del Parlamento Europeo y del Consejo, de 27 de abril de 2016, relativo a la protecci\u00f3n de las personas f\u00edsicas en lo que respecta al tratamiento de datos personales y a la libre circulaci\u00f3n de estos datos (RGPD), as\u00ed como en cumplimiento de la normativa nacional aplicable en materia de protecci\u00f3n de datos, se informa a continuaci\u00f3n sobre los siguientes puntos relacionados con el tratamiento de datos de car\u00e1cter personal a trav\u00e9s del presente sitio web.<\/p><p>Il responsable del tratamiento de los datos recabados a trav\u00e9s del presente sitio web es Mario Gonz\u00e1lez Escribano 45741056J y domicilio en Avda. Virgen de las Angustias 29 C.P. 14006 \u2013 C\u00f3rdoba ; tel\u00e9fono: <a href=\"https:\/\/wa.me\/+34623942853\/?text=EnviarWhatsApp\" target=\"_blank\" rel=\"noopener\">623942853<\/a>; email: <a href=\"mailto:info@beckertoys.com\">info@beckertoys.com<\/a><\/p><p>En funci\u00f3n del formulario que en cada caso complete el Usuario, los datos podr\u00e1n ser tratados con las siguientes finalidades:<\/p><p><strong>Usuarios registrados<\/strong><\/p><p>La informaci\u00f3n que nos proporciones en el formulario de registro se utiliza para la gesti\u00f3n de Usuarios de la p\u00e1gina web, con el fin de que puedas acceder a tu perfil, consultar tus pedidos y realizar tus compras sin que tengas que introducir de nuevo tus datos identificativos (nombre, apellidos, email y tel\u00e9fono) y domicilio de entrega. Puedes modificar la configuraci\u00f3n de tu perfil siempre que quieras.<\/p><p>La informaci\u00f3n de los Usuarios registrados se conservar\u00e1 de manera indefinida a menos que el Usuario solicite la baja como Usuario registrado.<\/p><p><strong>Ejercicios de derechos<\/strong><\/p><p>Il Usuario tiene derecho a acceder a sus datos personales, as\u00ed como a solicitar la rectificaci\u00f3n de los datos inexactos o, en su caso, solicitar su supresi\u00f3n cuando, entre otros motivos, los datos ya no sean necesarios para los fines que fueron recogidos. Il Usuario podr\u00e1 solicitar la limitaci\u00f3n del tratamiento de sus datos, en cuyo caso Becker Toys solo los conservar\u00e1 para el ejercicio o la defensa de reclamaciones. Para hacer efectivos estos derechos el usuario puede gestionar sus datos desde el apartado <a href=\"https:\/\/beckertoys.com\/inicio-sesion\" target=\"_blank\" rel=\"noreferrer noopener\">Il mio account<\/a><\/p><p>En los casos en los que considere que durante el tratamiento de datos por parte de Becker Toys se han vulnerado los derechos en materia de protecci\u00f3n de datos del interesado, especialmente cuando no haya obtenido satisfacci\u00f3n en el ejercicio de sus derechos, Il Usuario puede presentar una reclamaci\u00f3n ante la <a href=\"https:\/\/www.aepd.es\/\" target=\"_blank\" rel=\"noopener\">Autoridad de control en materia de Protecci\u00f3n de datos.<\/a><\/p>\t\t\t\t\t\t\t\t<\/div>\n\t\t\t\t<\/div>\n\t\t\t\t\t<\/div>\n\t\t\t\t<\/div>\n\t\t\t\t<\/div>\n\t\t","protected":false},"excerpt":{"rendered":"<p>Informativa sulla Privacy Becker Toys es consciente de la importancia de garantizar el derecho a la intimidad y protecci\u00f3n de datos de los Usuarios y, en este sentido, en cumplimiento de lo previsto en el Reglamento (UE) 2016\/679 del Parlamento Europeo y del Consejo, de 27 de abril de 2016, relativo a la protecci\u00f3n de &#8230; <a title=\"Informativa sulla privacy\" class=\"read-more\" href=\"https:\/\/beckertoys.com\/it\/informativa-sulla-privacy\/\" aria-label=\"Per saperne di pi\u00f9 su Informativa sulla privacy\">Leggi tutto<\/a><\/p>\n","protected":false},"author":1,"featured_media":0,"parent":0,"menu_order":0,"comment_status":"closed","ping_status":"open","template":"elementor_header_footer","meta":{"_acf_changed":false,"_jet_sm_ready_style":"","_jet_sm_style":"","_jet_sm_controls_values":"","_jet_sm_fonts_collection":"","_jet_sm_fonts_links":"","footnotes":""},"class_list":["post-41042","page","type-page","status-publish"],"acf":[],"_links":{"self":[{"href":"https:\/\/beckertoys.com\/it\/wp-json\/wp\/v2\/pages\/41042","targetHints":{"allow":["GET"]}}],"collection":[{"href":"https:\/\/beckertoys.com\/it\/wp-json\/wp\/v2\/pages"}],"about":[{"href":"https:\/\/beckertoys.com\/it\/wp-json\/wp\/v2\/types\/page"}],"author":[{"embeddable":true,"href":"https:\/\/beckertoys.com\/it\/wp-json\/wp\/v2\/users\/1"}],"replies":[{"embeddable":true,"href":"https:\/\/beckertoys.com\/it\/wp-json\/wp\/v2\/comments?post=41042"}],"version-history":[{"count":14,"href":"https:\/\/beckertoys.com\/it\/wp-json\/wp\/v2\/pages\/41042\/revisions"}],"predecessor-version":[{"id":43771,"href":"https:\/\/beckertoys.com\/it\/wp-json\/wp\/v2\/pages\/41042\/revisions\/43771"}],"wp:attachment":[{"href":"https:\/\/beckertoys.com\/it\/wp-json\/wp\/v2\/media?parent=41042"}],"curies":[{"name":"wp","href":"https:\/\/api.w.org\/{rel}","templated":true}]}}