{"id":41130,"date":"2024-04-03T18:46:30","date_gmt":"2024-04-03T16:46:30","guid":{"rendered":"https:\/\/beckertoys.com\/troviamo-il-prodotto-che-desideri\/"},"modified":"2026-05-13T02:31:29","modified_gmt":"2026-05-13T00:31:29","slug":"troviamo-il-prodotto-che-desideri","status":"publish","type":"page","link":"https:\/\/beckertoys.com\/it\/troviamo-il-prodotto-che-desideri\/","title":{"rendered":"Troviamo il prodotto che desideri"},"content":{"rendered":"\t\t<div data-elementor-type=\"wp-page\" data-elementor-id=\"41130\" class=\"elementor elementor-41130 elementor-57\" data-elementor-post-type=\"page\">\n\t\t\t\t<div class=\"elementor-element elementor-element-00708f8 e-flex e-con-boxed e-con e-parent\" data-id=\"00708f8\" data-element_type=\"container\" data-e-type=\"container\" data-settings=\"{&quot;jet_parallax_layout_list&quot;:[]}\">\n\t\t\t\t\t<div class=\"e-con-inner\">\n\t\t<div class=\"elementor-element elementor-element-5ef75a1 e-con-full e-flex e-con e-child\" data-id=\"5ef75a1\" data-element_type=\"container\" data-e-type=\"container\" data-settings=\"{&quot;jet_parallax_layout_list&quot;:[]}\">\n\t\t\t\t<div class=\"elementor-element elementor-element-2956b6a elementor-widget elementor-widget-heading\" data-id=\"2956b6a\" data-element_type=\"widget\" data-e-type=\"widget\" data-widget_type=\"heading.default\">\n\t\t\t\t<div class=\"elementor-widget-container\">\n\t\t\t\t\t<h2 class=\"elementor-heading-title elementor-size-default\">Affidaci la ricerca del giocattolo che cerchi tanto!<\/h2>\t\t\t\t<\/div>\n\t\t\t\t<\/div>\n\t\t\t\t<div class=\"elementor-element elementor-element-4359b92 elementor-widget elementor-widget-text-editor\" data-id=\"4359b92\" data-element_type=\"widget\" data-e-type=\"widget\" data-widget_type=\"text-editor.default\">\n\t\t\t\t<div class=\"elementor-widget-container\">\n\t\t\t\t\t\t\t\t\t<p>Dinos todo lo que sepas sobre el juguete, mu\u00f1eca, figura, prenda de vestir, accesorio, etc.. Como por ejemplo la marca, a\u00f1o, el modelo, color&#8230;<\/p><p>Tambi\u00e9n acl\u00e1ranos si no te importa el estado en el que se encuentre (caja da\u00f1ada, sin su caja original, que conserva la caja aunque se haya expuesto el juguete, o incluso que se haya jugado con \u00e9l).<\/p>\t\t\t\t\t\t\t\t<\/div>\n\t\t\t\t<\/div>\n\t\t\t\t<\/div>\n\t\t<div class=\"elementor-element elementor-element-083440a e-con-full e-flex e-con e-child\" data-id=\"083440a\" data-element_type=\"container\" data-e-type=\"container\" data-settings=\"{&quot;jet_parallax_layout_list&quot;:[]}\">\n\t\t\t\t<div class=\"elementor-element elementor-element-520b158 elementor-widget elementor-widget-image\" data-id=\"520b158\" data-element_type=\"widget\" data-e-type=\"widget\" data-widget_type=\"image.default\">\n\t\t\t\t<div class=\"elementor-widget-container\">\n\t\t\t\t\t\t\t\t\t\t\t\t\t\t\t<img loading=\"lazy\" decoding=\"async\" width=\"768\" height=\"768\" src=\"https:\/\/beckertoys.com\/wp-content\/uploads\/sherlock-funko2-768x768.png\" class=\"attachment-medium_large size-medium_large wp-image-41131\" alt=\"\" srcset=\"https:\/\/beckertoys.com\/wp-content\/uploads\/sherlock-funko2-768x768.png 768w, https:\/\/beckertoys.com\/wp-content\/uploads\/sherlock-funko2-350x350.png 350w, https:\/\/beckertoys.com\/wp-content\/uploads\/sherlock-funko2-100x100.png 100w, https:\/\/beckertoys.com\/wp-content\/uploads\/sherlock-funko2-300x300.png 300w, https:\/\/beckertoys.com\/wp-content\/uploads\/sherlock-funko2-150x150.png 150w, https:\/\/beckertoys.com\/wp-content\/uploads\/sherlock-funko2.png 1024w\" sizes=\"auto, (max-width: 768px) 100vw, 768px\" \/>\t\t\t\t\t\t\t\t\t\t\t\t\t\t\t<\/div>\n\t\t\t\t<\/div>\n\t\t\t\t<\/div>\n\t\t\t\t\t<\/div>\n\t\t\t\t<\/div>\n\t\t<div class=\"elementor-element elementor-element-02f814e e-flex e-con-boxed e-con e-parent\" data-id=\"02f814e\" data-element_type=\"container\" data-e-type=\"container\" data-settings=\"{&quot;jet_parallax_layout_list&quot;:[],&quot;background_background&quot;:&quot;classic&quot;,&quot;shape_divider_top&quot;:&quot;mountains&quot;}\">\n\t\t\t\t\t<div class=\"e-con-inner\">\n\t\t\t\t<div class=\"elementor-shape elementor-shape-top\" aria-hidden=\"true\" data-negative=\"false\">\n\t\t\t<svg xmlns=\"http:\/\/www.w3.org\/2000\/svg\" viewBox=\"0 0 1000 100\" preserveAspectRatio=\"none\">\n\t<path class=\"elementor-shape-fill\" opacity=\"0.33\" d=\"M473,67.3c-203.9,88.3-263.1-34-320.3,0C66,119.1,0,59.7,0,59.7V0h1000v59.7 c0,0-62.1,26.1-94.9,29.3c-32.8,3.3-62.8-12.3-75.8-22.1C806,49.6,745.3,8.7,694.9,4.7S492.4,59,473,67.3z\"\/>\n\t<path class=\"elementor-shape-fill\" opacity=\"0.66\" d=\"M734,67.3c-45.5,0-77.2-23.2-129.1-39.1c-28.6-8.7-150.3-10.1-254,39.1 s-91.7-34.4-149.2,0C115.7,118.3,0,39.8,0,39.8V0h1000v36.5c0,0-28.2-18.5-92.1-18.5C810.2,18.1,775.7,67.3,734,67.3z\"\/>\n\t<path class=\"elementor-shape-fill\" d=\"M766.1,28.9c-200-57.5-266,65.5-395.1,19.5C242,1.8,242,5.4,184.8,20.6C128,35.8,132.3,44.9,89.9,52.5C28.6,63.7,0,0,0,0 h1000c0,0-9.9,40.9-83.6,48.1S829.6,47,766.1,28.9z\"\/>\n<\/svg>\t\t<\/div>\n\t\t\t\t<div class=\"elementor-element elementor-element-c3589dc elementor-button-align-stretch elementor-widget elementor-widget-form\" data-id=\"c3589dc\" data-element_type=\"widget\" data-e-type=\"widget\" data-settings=\"{&quot;step_next_label&quot;:&quot;Successivo&quot;,&quot;step_previous_label&quot;:&quot;Precedente&quot;,&quot;button_width&quot;:&quot;100&quot;,&quot;step_type&quot;:&quot;number_text&quot;,&quot;step_icon_shape&quot;:&quot;circle&quot;}\" data-widget_type=\"form.default\">\n\t\t\t\t<div class=\"elementor-widget-container\">\n\t\t\t\t\t\t\t<form class=\"elementor-form\" method=\"post\" name=\"Troviamo il tuo prodotto\" aria-label=\"Troviamo il tuo prodotto\">\n\t\t\t<input type=\"hidden\" name=\"post_id\" value=\"41130\"\/>\n\t\t\t<input type=\"hidden\" name=\"form_id\" value=\"c3589dc\"\/>\n\t\t\t<input type=\"hidden\" name=\"referer_title\" value=\"\" \/>\n\n\t\t\t\n\t\t\t<div class=\"elementor-form-fields-wrapper elementor-labels-above\">\n\t\t\t\t\t\t\t\t<div class=\"elementor-field-type-text elementor-field-group elementor-column elementor-field-group-name elementor-col-100\">\n\t\t\t\t\t\t\t\t\t\t\t\t<label for=\"form-field-name\" class=\"elementor-field-label\">\n\t\t\t\t\t\t\t\tNome\t\t\t\t\t\t\t<\/label>\n\t\t\t\t\t\t\t\t\t\t\t\t\t\t<input size=\"1\" type=\"text\" name=\"form_fields[name]\" id=\"form-field-name\" class=\"elementor-field elementor-size-sm  elementor-field-textual\" placeholder=\"Nome\">\n\t\t\t\t\t\t\t\t\t\t\t<\/div>\n\t\t\t\t\t\t\t\t<div class=\"elementor-field-type-email elementor-field-group elementor-column elementor-field-group-email elementor-col-50 elementor-field-required\">\n\t\t\t\t\t\t\t\t\t\t\t\t<label for=\"form-field-email\" class=\"elementor-field-label\">\n\t\t\t\t\t\t\t\tEmail\t\t\t\t\t\t\t<\/label>\n\t\t\t\t\t\t\t\t\t\t\t\t\t\t<input size=\"1\" type=\"email\" name=\"form_fields[email]\" id=\"form-field-email\" class=\"elementor-field elementor-size-sm  elementor-field-textual\" placeholder=\"Email\" required=\"required\">\n\t\t\t\t\t\t\t\t\t\t\t<\/div>\n\t\t\t\t\t\t\t\t<div class=\"elementor-field-type-text elementor-field-group elementor-column elementor-field-group-field_92aea01 elementor-col-50\">\n\t\t\t\t\t\t\t\t\t\t\t\t<label for=\"form-field-field_92aea01\" class=\"elementor-field-label\">\n\t\t\t\t\t\t\t\tCellulare\t\t\t\t\t\t\t<\/label>\n\t\t\t\t\t\t\t\t\t\t\t\t\t\t<input size=\"1\" type=\"text\" name=\"form_fields[field_92aea01]\" id=\"form-field-field_92aea01\" class=\"elementor-field elementor-size-sm  elementor-field-textual\" value=\"+34....\">\n\t\t\t\t\t\t\t\t\t\t\t<\/div>\n\t\t\t\t\t\t\t\t<div class=\"elementor-field-type-textarea elementor-field-group elementor-column elementor-field-group-message elementor-col-100\">\n\t\t\t\t\t\t\t\t\t\t\t\t<label for=\"form-field-message\" class=\"elementor-field-label\">\n\t\t\t\t\t\t\t\tCommenti\t\t\t\t\t\t\t<\/label>\n\t\t\t\t\t\t<textarea class=\"elementor-field-textual elementor-field  elementor-size-sm\" name=\"form_fields[message]\" id=\"form-field-message\" rows=\"4\" placeholder=\"Raccontaci tutti i dettagli\"><\/textarea>\t\t\t\t<\/div>\n\t\t\t\t\t\t\t\t<div class=\"elementor-field-type-number elementor-field-group elementor-column elementor-field-group-field_8272950 elementor-col-50\">\n\t\t\t\t\t\t\t\t\t\t\t\t<label for=\"form-field-field_8272950\" class=\"elementor-field-label\">\n\t\t\t\t\t\t\t\tBudget\t\t\t\t\t\t\t<\/label>\n\t\t\t\t\t\t\t\t\t<input type=\"number\" name=\"form_fields[field_8272950]\" id=\"form-field-field_8272950\" class=\"elementor-field elementor-size-sm  elementor-field-textual\" placeholder=\"Quanto desideri spendere\" min=\"\" max=\"\" >\n\t\t\t\t\t\t<\/div>\n\t\t\t\t\t\t\t\t<div class=\"elementor-field-type-select elementor-field-group elementor-column elementor-field-group-field_097dd36 elementor-col-50\">\n\t\t\t\t\t\t\t\t\t\t\t\t<label for=\"form-field-field_097dd36\" class=\"elementor-field-label\">\n\t\t\t\t\t\t\t\tMetodo di contatto\t\t\t\t\t\t\t<\/label>\n\t\t\t\t\t\t\t\t<div class=\"elementor-field elementor-select-wrapper remove-before \">\n\t\t\t<div class=\"select-caret-down-wrapper\">\n\t\t\t\t<svg aria-hidden=\"true\" class=\"e-font-icon-svg e-eicon-caret-down\" viewBox=\"0 0 571.4 571.4\" xmlns=\"http:\/\/www.w3.org\/2000\/svg\"><path d=\"M571 393Q571 407 561 418L311 668Q300 679 286 679T261 668L11 418Q0 407 0 393T11 368 36 357H536Q550 357 561 368T571 393Z\"><\/path><\/svg>\t\t\t<\/div>\n\t\t\t<select name=\"form_fields[field_097dd36]\" id=\"form-field-field_097dd36\" class=\"elementor-field-textual elementor-size-sm\">\n\t\t\t\t\t\t\t\t\t<option value=\" email \">WhatsApp <\/option>\n\t\t\t\t\t\t\t<\/select>\n\t\t<\/div>\n\t\t\t\t\t\t<\/div>\n\t\t\t\t\t\t\t\t<div class=\"elementor-field-group elementor-column elementor-field-type-submit elementor-col-100 e-form__buttons\">\n\t\t\t\t\t<button class=\"elementor-button elementor-size-sm\" type=\"submit\">\n\t\t\t\t\t\t<span class=\"elementor-button-content-wrapper\">\n\t\t\t\t\t\t\t\t\t\t\t\t\t\t\t\t\t\t\t\t\t\t<span class=\"elementor-button-text\">Invia<\/span>\n\t\t\t\t\t\t\t\t\t\t\t\t\t<\/span>\n\t\t\t\t\t<\/button>\n\t\t\t\t<\/div>\n\t\t\t<\/div>\n\t\t<\/form>\n\t\t\t\t\t\t<\/div>\n\t\t\t\t<\/div>\n\t\t\t\t\t<\/div>\n\t\t\t\t<\/div>\n\t\t\t\t<\/div>\n\t\t","protected":false},"excerpt":{"rendered":"<p>Affidaci la ricerca del giocattolo che cerchi tanto! Dinos todo lo que sepas sobre el juguete, mu\u00f1eca, figura, prenda de vestir, accesorio, etc.. Como por ejemplo la marca, a\u00f1o, el modelo, color&#8230; Tambi\u00e9n acl\u00e1ranos si no te importa el estado en el que se encuentre (caja da\u00f1ada, sin su caja original, que conserva la caja &#8230; <a title=\"Troviamo il prodotto che desideri\" class=\"read-more\" href=\"https:\/\/beckertoys.com\/it\/troviamo-il-prodotto-che-desideri\/\" aria-label=\"Per saperne di pi\u00f9 su Troviamo il prodotto che desideri\">Leggi tutto<\/a><\/p>\n","protected":false},"author":1,"featured_media":0,"parent":0,"menu_order":0,"comment_status":"closed","ping_status":"closed","template":"elementor_header_footer","meta":{"_acf_changed":false,"_jet_sm_ready_style":"","_jet_sm_style":"","_jet_sm_controls_values":"","_jet_sm_fonts_collection":"","_jet_sm_fonts_links":"","footnotes":""},"class_list":["post-41130","page","type-page","status-publish"],"acf":[],"_links":{"self":[{"href":"https:\/\/beckertoys.com\/it\/wp-json\/wp\/v2\/pages\/41130","targetHints":{"allow":["GET"]}}],"collection":[{"href":"https:\/\/beckertoys.com\/it\/wp-json\/wp\/v2\/pages"}],"about":[{"href":"https:\/\/beckertoys.com\/it\/wp-json\/wp\/v2\/types\/page"}],"author":[{"embeddable":true,"href":"https:\/\/beckertoys.com\/it\/wp-json\/wp\/v2\/users\/1"}],"replies":[{"embeddable":true,"href":"https:\/\/beckertoys.com\/it\/wp-json\/wp\/v2\/comments?post=41130"}],"version-history":[{"count":2,"href":"https:\/\/beckertoys.com\/it\/wp-json\/wp\/v2\/pages\/41130\/revisions"}],"predecessor-version":[{"id":41815,"href":"https:\/\/beckertoys.com\/it\/wp-json\/wp\/v2\/pages\/41130\/revisions\/41815"}],"wp:attachment":[{"href":"https:\/\/beckertoys.com\/it\/wp-json\/wp\/v2\/media?parent=41130"}],"curies":[{"name":"wp","href":"https:\/\/api.w.org\/{rel}","templated":true}]}}