{"id":44135,"date":"2026-04-22T10:32:27","date_gmt":"2026-04-22T08:32:27","guid":{"rendered":"https:\/\/beckertoys.com\/producto\/masters-of-the-universe-cartoon-frosta\/"},"modified":"2026-05-15T12:00:30","modified_gmt":"2026-05-15T10:00:30","slug":"masters-of-the-universe-cartoon-frosta","status":"publish","type":"product","link":"https:\/\/beckertoys.com\/it\/mattel\/masters-of-the-universe-cartoon-frosta\/","title":{"rendered":"Masters of the Universe Cartoon Frosta"},"content":{"rendered":"<p data-start=\"0\" data-end=\"84\"><strong data-start=\"0\" data-end=\"84\">Masters of the Universe Origins Cartoon Collection Frosta 14 cm Action figure<\/strong><\/p>\n<p data-start=\"86\" data-end=\"521\">Aggiungi alla tua collezione a <strong data-start=\"109\" data-end=\"119\">Frosta<\/strong>, una de las hero\u00ednas m\u00e1s recordadas del universo de <strong data-start=\"172\" data-end=\"214\">He-Man and the Masters of the Universe<\/strong>, con esta figura de la l\u00ednea <strong data-start=\"244\" data-end=\"266\">Cartoon Collection<\/strong> de <strong data-start=\"270\" data-end=\"305\">Masters of the Universe Origins<\/strong>. Inspirada en su apariencia en la serie de animaci\u00f3n cl\u00e1sica, esta versi\u00f3n recrea con gran fidelidad el dise\u00f1o del personaje, convirti\u00e9ndola en una pieza imprescindible per fan de Eternia y collezionisti de MOTU.<\/p>\n<p data-start=\"523\" data-end=\"876\">Con su inconfundible combinaci\u00f3n de colores azul y blanco, su capa visocter\u00edstica y sus effetti di ghiaccio, Frosta destaca como una figura ideale para completar la collezione de personajes del universo MOTU. Esta edizione combina el estilo retro de las figuras cl\u00e1sicas con detalles mejorados y una presentaci\u00f3n pensada para los amantes de la serie originale.<\/p>\n<p data-start=\"878\" data-end=\"1023\">Perfecta para exposici\u00f3n, para ampliar tu collezione de Masters of the Universe Origins o como regalo per fan de la animaci\u00f3n cl\u00e1sica de los 80.<\/p>\n<p data-start=\"1025\" data-end=\"1045\"><strong data-start=\"1025\" data-end=\"1045\">Caratteristiche:<\/strong><\/p>\n<ul data-start=\"1047\" data-end=\"1337\" data-is-last-node=\"\" data-is-only-node=\"\">\n<li data-section-id=\"1lfcu17\" data-start=\"1047\" data-end=\"1064\">Marca: Mattel<\/li>\n<li data-section-id=\"1w38nvm\" data-start=\"1065\" data-end=\"1130\">Collezione: Masters of the Universe Origins Cartoon Collection<\/li>\n<li data-section-id=\"j61qus\" data-start=\"1131\" data-end=\"1152\">Personaggio: Frosta<\/li>\n<li data-section-id=\"1kxdpwe\" data-start=\"1153\" data-end=\"1205\">Licenza: He-Man and the Masters of the Universe<\/li>\n<li data-section-id=\"4pzz4i\" data-start=\"1206\" data-end=\"1234\">Altezza approssimativa: 14 cm<\/li>\n<li data-section-id=\"1yz7fyc\" data-start=\"1235\" data-end=\"1276\">Include accessori y effetti di ghiaccio<\/li>\n<li data-section-id=\"19tgii2\" data-start=\"1277\" data-end=\"1321\">Presentazione: blister originalee illustrato<\/li>\n<li data-section-id=\"1it70f1\" data-start=\"1322\" data-end=\"1337\" data-is-last-node=\"\">Condizione: Nuovo<\/li>\n<\/ul>\n","protected":false},"excerpt":{"rendered":"<p>Masters of the Universe Origins Figura Cartoon Collection: Frosta 14 cm<\/p>\n","protected":false},"featured_media":44137,"template":"","meta":{"_acf_changed":false,"_jet_sm_ready_style":"","_jet_sm_style":"","_jet_sm_controls_values":"","_jet_sm_fonts_collection":"","_jet_sm_fonts_links":""},"product_brand":[227],"product_cat":[239,240],"product_tag":[],"class_list":{"0":"post-44135","1":"product","2":"type-product","3":"status-publish","4":"has-post-thumbnail","6":"product_brand-mattel","7":"product_cat-giocattoli-da-collezione","8":"product_cat-master-of-universe-he-man","9":"sales-flash-overlay","10":"woocommerce-text-align-center","11":"woocommerce-image-align-center","12":"do-quantity-buttons","13":"wc-has-gallery","15":"first","16":"instock","17":"shipping-taxable","18":"purchasable","19":"product-type-simple"},"acf":[],"_links":{"self":[{"href":"https:\/\/beckertoys.com\/it\/wp-json\/wp\/v2\/product\/44135","targetHints":{"allow":["GET"]}}],"collection":[{"href":"https:\/\/beckertoys.com\/it\/wp-json\/wp\/v2\/product"}],"about":[{"href":"https:\/\/beckertoys.com\/it\/wp-json\/wp\/v2\/types\/product"}],"version-history":[{"count":2,"href":"https:\/\/beckertoys.com\/it\/wp-json\/wp\/v2\/product\/44135\/revisions"}],"predecessor-version":[{"id":47827,"href":"https:\/\/beckertoys.com\/it\/wp-json\/wp\/v2\/product\/44135\/revisions\/47827"}],"wp:featuredmedia":[{"embeddable":true,"href":"https:\/\/beckertoys.com\/it\/wp-json\/wp\/v2\/media\/44137"}],"wp:attachment":[{"href":"https:\/\/beckertoys.com\/it\/wp-json\/wp\/v2\/media?parent=44135"}],"wp:term":[{"taxonomy":"product_brand","embeddable":true,"href":"https:\/\/beckertoys.com\/it\/wp-json\/wp\/v2\/product_brand?post=44135"},{"taxonomy":"product_cat","embeddable":true,"href":"https:\/\/beckertoys.com\/it\/wp-json\/wp\/v2\/product_cat?post=44135"},{"taxonomy":"product_tag","embeddable":true,"href":"https:\/\/beckertoys.com\/it\/wp-json\/wp\/v2\/product_tag?post=44135"}],"curies":[{"name":"wp","href":"https:\/\/api.w.org\/{rel}","templated":true}]}}