{"id":44157,"date":"2026-04-22T10:39:13","date_gmt":"2026-04-22T08:39:13","guid":{"rendered":"https:\/\/beckertoys.com\/producto\/masters-of-the-universe-cartoon-buzz-off\/"},"modified":"2026-05-15T12:00:36","modified_gmt":"2026-05-15T10:00:36","slug":"masters-of-the-universe-cartoon-buzz-off","status":"publish","type":"product","link":"https:\/\/beckertoys.com\/it\/mattel\/masters-of-the-universe-cartoon-buzz-off\/","title":{"rendered":"Masters of the Universe Cartoon Buzz-Off"},"content":{"rendered":"<p data-start=\"0\" data-end=\"86\"><strong data-start=\"0\" data-end=\"86\">Masters of the Universe Origins Cartoon Collection Buzz-Off 14 cm Action figure<\/strong><\/p>\n<p data-start=\"88\" data-end=\"488\">Incorpora a tu collezione a <strong data-start=\"115\" data-end=\"127\">Buzz-Off<\/strong>, uno de los guerreros heroicos m\u00e1s emblem\u00e1ticos de <strong data-start=\"179\" data-end=\"221\">He-Man and the Masters of the Universe<\/strong>, con esta figura de la l\u00ednea <strong data-start=\"251\" data-end=\"273\">Cartoon Collection<\/strong> de <strong data-start=\"277\" data-end=\"312\">Masters of the Universe Origins<\/strong>. Inspirada en su aspecto en la serie de animaci\u00f3n cl\u00e1sica, esta versi\u00f3n recupera la est\u00e9tica retro del personaje con un acabado fiel al dise\u00f1o que marc\u00f3 a toda una generaci\u00f3n.<\/p>\n<p data-start=\"490\" data-end=\"799\">Buzz-Off, el valiente hombre abeja de Eternia, destaca por su inconfundible combinaci\u00f3n de colores amarillos y marrones, sus alas transl\u00facidas y su visocter\u00edstica lanza. Esta figura es ideale per fan de <strong data-start=\"694\" data-end=\"702\">MOTU<\/strong>, collezionisti de la l\u00ednea Origins y amantes de los personajes cl\u00e1sicos del universo de He-Man.<\/p>\n<p data-start=\"801\" data-end=\"941\">Perfecta para exposici\u00f3n, para completar tu collezione de la <strong data-start=\"861\" data-end=\"883\">Cartoon Collection<\/strong> o como regalo para nost\u00e1lgicos de la animaci\u00f3n de los 80.<\/p>\n<p data-start=\"943\" data-end=\"963\"><strong data-start=\"943\" data-end=\"963\">Caratteristiche:<\/strong><\/p>\n<ul data-start=\"965\" data-end=\"1244\" data-is-last-node=\"\" data-is-only-node=\"\">\n<li data-section-id=\"1lfcu17\" data-start=\"965\" data-end=\"982\">Marca: Mattel<\/li>\n<li data-section-id=\"1w38nvm\" data-start=\"983\" data-end=\"1048\">Collezione: Masters of the Universe Origins Cartoon Collection<\/li>\n<li data-section-id=\"tflpi4\" data-start=\"1049\" data-end=\"1072\">Personaggio: Buzz-Off<\/li>\n<li data-section-id=\"1kxdpwe\" data-start=\"1073\" data-end=\"1125\">Licenza: He-Man and the Masters of the Universe<\/li>\n<li data-section-id=\"4pzz4i\" data-start=\"1126\" data-end=\"1154\">Altezza approssimativa: 14 cm<\/li>\n<li data-section-id=\"1299y8z\" data-start=\"1155\" data-end=\"1183\">Include accesorio y alas<\/li>\n<li data-section-id=\"19tgii2\" data-start=\"1184\" data-end=\"1228\">Presentazione: blister originalee illustrato<\/li>\n<li data-section-id=\"1it70f1\" data-start=\"1229\" data-end=\"1244\" data-is-last-node=\"\">Condizione: Nuovo<\/li>\n<\/ul>\n","protected":false},"excerpt":{"rendered":"<p><span data-sheets-root=\"1\">Masters of the Universe Origins Figura Cartoon Collection: Buzz-Off 14 cm<\/span><\/p>\n","protected":false},"featured_media":44160,"template":"","meta":{"_acf_changed":false,"_jet_sm_ready_style":"","_jet_sm_style":"","_jet_sm_controls_values":"","_jet_sm_fonts_collection":"","_jet_sm_fonts_links":""},"product_brand":[227],"product_cat":[239,240],"product_tag":[],"class_list":{"0":"post-44157","1":"product","2":"type-product","3":"status-publish","4":"has-post-thumbnail","6":"product_brand-mattel","7":"product_cat-giocattoli-da-collezione","8":"product_cat-master-of-universe-he-man","9":"sales-flash-overlay","10":"woocommerce-text-align-center","11":"woocommerce-image-align-center","12":"do-quantity-buttons","13":"wc-has-gallery","15":"first","16":"instock","17":"shipping-taxable","18":"purchasable","19":"product-type-simple"},"acf":[],"_links":{"self":[{"href":"https:\/\/beckertoys.com\/it\/wp-json\/wp\/v2\/product\/44157","targetHints":{"allow":["GET"]}}],"collection":[{"href":"https:\/\/beckertoys.com\/it\/wp-json\/wp\/v2\/product"}],"about":[{"href":"https:\/\/beckertoys.com\/it\/wp-json\/wp\/v2\/types\/product"}],"version-history":[{"count":2,"href":"https:\/\/beckertoys.com\/it\/wp-json\/wp\/v2\/product\/44157\/revisions"}],"predecessor-version":[{"id":47841,"href":"https:\/\/beckertoys.com\/it\/wp-json\/wp\/v2\/product\/44157\/revisions\/47841"}],"wp:featuredmedia":[{"embeddable":true,"href":"https:\/\/beckertoys.com\/it\/wp-json\/wp\/v2\/media\/44160"}],"wp:attachment":[{"href":"https:\/\/beckertoys.com\/it\/wp-json\/wp\/v2\/media?parent=44157"}],"wp:term":[{"taxonomy":"product_brand","embeddable":true,"href":"https:\/\/beckertoys.com\/it\/wp-json\/wp\/v2\/product_brand?post=44157"},{"taxonomy":"product_cat","embeddable":true,"href":"https:\/\/beckertoys.com\/it\/wp-json\/wp\/v2\/product_cat?post=44157"},{"taxonomy":"product_tag","embeddable":true,"href":"https:\/\/beckertoys.com\/it\/wp-json\/wp\/v2\/product_tag?post=44157"}],"curies":[{"name":"wp","href":"https:\/\/api.w.org\/{rel}","templated":true}]}}