{"id":44240,"date":"2026-04-22T10:52:35","date_gmt":"2026-04-22T08:52:35","guid":{"rendered":"https:\/\/beckertoys.com\/producto\/masters-of-the-universe-sketchbook-spikor\/"},"modified":"2026-05-15T12:00:51","modified_gmt":"2026-05-15T10:00:51","slug":"masters-of-the-universe-sketchbook-spikor","status":"publish","type":"product","link":"https:\/\/beckertoys.com\/it\/mattel\/masters-of-the-universe-sketchbook-spikor\/","title":{"rendered":"Masters of the Universe Sketchbook Spikor"},"content":{"rendered":"<p data-start=\"0\" data-end=\"73\"><strong data-start=\"0\" data-end=\"73\">Masters of the Universe Origins Figura Sketchbook Series Spikor 14 cm<\/strong><\/p>\n<p data-start=\"75\" data-end=\"480\">Aggiungi alla tua collezione a <strong data-start=\"98\" data-end=\"108\">Spikor<\/strong>, uno de los villanos m\u00e1s feroces de <strong data-start=\"145\" data-end=\"172\">Masters of the Universe<\/strong>, con esta figura de la l\u00ednea <strong data-start=\"202\" data-end=\"231\">Origins Sketchbook Series<\/strong> de <strong data-start=\"235\" data-end=\"245\">Mattel<\/strong>. Esta edizione especial est\u00e1 inspirada en el arte conceptual originale del personaje, recuperando una est\u00e9tica \u00fanica que la convierte en una pieza muy atractiva tanto para collezionisti veteranos como per fan del universo de Eternia.<\/p>\n<p data-start=\"482\" data-end=\"776\">Spikor destaca por su imponente aspecto cubierto de p\u00faas, su cola espinada y su armamento visocter\u00edstico, manteniendo toda la esencia del personaje cl\u00e1sico con el estilo articulado de la l\u00ednea Origins. Una figura perfecta para completar el bando de los malvados junto a Skeletor y sus secuaces.<\/p>\n<p data-start=\"778\" data-end=\"937\">Ideal para exposici\u00f3n, para ampliar una collezione de <strong data-start=\"831\" data-end=\"866\">Masters of the Universe Origins<\/strong> o como regalo para amantes de las figuras retro y del universo He-Man.<\/p>\n<p data-start=\"939\" data-end=\"959\"><strong data-start=\"939\" data-end=\"959\">Caratteristiche:<\/strong><\/p>\n<ul data-start=\"961\" data-end=\"1272\" data-is-last-node=\"\" data-is-only-node=\"\">\n<li data-section-id=\"1lfcu17\" data-start=\"961\" data-end=\"978\">Marca: Mattel<\/li>\n<li data-section-id=\"t2sj9q\" data-start=\"979\" data-end=\"1043\">Collezione: Masters of the Universe Origins Sketchbook Series<\/li>\n<li data-section-id=\"1pwh8qd\" data-start=\"1044\" data-end=\"1065\">Personaggio: Spikor<\/li>\n<li data-section-id=\"xuejn2\" data-start=\"1066\" data-end=\"1103\">Licenza: Masters of the Universe<\/li>\n<li data-section-id=\"4pzz4i\" data-start=\"1104\" data-end=\"1132\">Altezza approssimativa: 14 cm<\/li>\n<li data-section-id=\"1y95a90\" data-start=\"1133\" data-end=\"1191\">Inspirada en el arte conceptual originale del personaje<\/li>\n<li data-section-id=\"ti093q\" data-start=\"1192\" data-end=\"1214\">Include accessori<\/li>\n<li data-section-id=\"1x1x466\" data-start=\"1215\" data-end=\"1256\">Presentazione: Scatola originale ilustrada<\/li>\n<li data-section-id=\"1it70f1\" data-start=\"1257\" data-end=\"1272\" data-is-last-node=\"\">Condizione: Nuovo<\/li>\n<\/ul>\n","protected":false},"excerpt":{"rendered":"<p><span data-sheets-root=\"1\">Masters of the Universe Origins Figura Sketchbook Series: Spikor 14 cm<\/span><\/p>\n","protected":false},"featured_media":44243,"template":"","meta":{"_acf_changed":false,"_jet_sm_ready_style":"","_jet_sm_style":"","_jet_sm_controls_values":"","_jet_sm_fonts_collection":"","_jet_sm_fonts_links":""},"product_brand":[227],"product_cat":[239,240],"product_tag":[],"class_list":{"0":"post-44240","1":"product","2":"type-product","3":"status-publish","4":"has-post-thumbnail","6":"product_brand-mattel","7":"product_cat-giocattoli-da-collezione","8":"product_cat-master-of-universe-he-man","9":"sales-flash-overlay","10":"woocommerce-text-align-center","11":"woocommerce-image-align-center","12":"do-quantity-buttons","13":"wc-has-gallery","15":"first","16":"instock","17":"shipping-taxable","18":"purchasable","19":"product-type-simple"},"acf":[],"_links":{"self":[{"href":"https:\/\/beckertoys.com\/it\/wp-json\/wp\/v2\/product\/44240","targetHints":{"allow":["GET"]}}],"collection":[{"href":"https:\/\/beckertoys.com\/it\/wp-json\/wp\/v2\/product"}],"about":[{"href":"https:\/\/beckertoys.com\/it\/wp-json\/wp\/v2\/types\/product"}],"version-history":[{"count":2,"href":"https:\/\/beckertoys.com\/it\/wp-json\/wp\/v2\/product\/44240\/revisions"}],"predecessor-version":[{"id":47899,"href":"https:\/\/beckertoys.com\/it\/wp-json\/wp\/v2\/product\/44240\/revisions\/47899"}],"wp:featuredmedia":[{"embeddable":true,"href":"https:\/\/beckertoys.com\/it\/wp-json\/wp\/v2\/media\/44243"}],"wp:attachment":[{"href":"https:\/\/beckertoys.com\/it\/wp-json\/wp\/v2\/media?parent=44240"}],"wp:term":[{"taxonomy":"product_brand","embeddable":true,"href":"https:\/\/beckertoys.com\/it\/wp-json\/wp\/v2\/product_brand?post=44240"},{"taxonomy":"product_cat","embeddable":true,"href":"https:\/\/beckertoys.com\/it\/wp-json\/wp\/v2\/product_cat?post=44240"},{"taxonomy":"product_tag","embeddable":true,"href":"https:\/\/beckertoys.com\/it\/wp-json\/wp\/v2\/product_tag?post=44240"}],"curies":[{"name":"wp","href":"https:\/\/api.w.org\/{rel}","templated":true}]}}