{"id":44407,"date":"2026-04-22T11:13:51","date_gmt":"2026-04-22T09:13:51","guid":{"rendered":"https:\/\/beckertoys.com\/producto\/masters-of-the-universe-deluxe-beast-man\/"},"modified":"2026-05-15T12:01:13","modified_gmt":"2026-05-15T10:01:13","slug":"masters-of-the-universe-deluxe-beast-man","status":"publish","type":"product","link":"https:\/\/beckertoys.com\/it\/mattel\/masters-of-the-universe-deluxe-beast-man\/","title":{"rendered":"Masters of the Universe Deluxe Beast Man"},"content":{"rendered":"<div class=\"\" data-turn-id-container=\"request-WEB:b3982bd0-6efc-4605-8f87-5a844622dcc4-13\" data-is-intersecting=\"true\">\n<section class=\"text-token-text-primary w-full focus:outline-none [--shadow-height:45px] has-data-writing-block:pointer-events-none has-data-writing-block:-mt-(--shadow-height) has-data-writing-block:pt-(--shadow-height) [&amp;:has([data-writing-block])&gt;*]:pointer-events-auto R6Vx5W_threadScrollVars scroll-mb-[calc(var(--scroll-root-safe-area-inset-bottom,0px)+var(--thread-response-height))] scroll-mt-[calc(var(--header-height)+min(200px,max(70px,20svh)))]\" dir=\"auto\" data-turn-id=\"request-WEB:b3982bd0-6efc-4605-8f87-5a844622dcc4-13\" data-testid=\"conversation-turn-28\" data-scroll-anchor=\"false\" data-turn=\"assistant\">\n<div class=\"text-base my-auto mx-auto pb-10 [--thread-content-margin:var(--thread-content-margin-xs,calc(var(--spacing)*4))] @w-sm\/main:[--thread-content-margin:var(--thread-content-margin-sm,calc(var(--spacing)*6))] @w-lg\/main:[--thread-content-margin:var(--thread-content-margin-lg,calc(var(--spacing)*16))] px-(--thread-content-margin)\">\n<div class=\"[--thread-content-max-width:40rem] @w-lg\/main:[--thread-content-max-width:48rem] mx-auto max-w-(--thread-content-max-width) flex-1 group\/turn-messages focus-visible:outline-hidden relative flex w-full min-w-0 flex-col agent-turn\">\n<div class=\"flex max-w-full flex-col gap-4 grow\">\n<div class=\"min-h-8 text-message relative flex w-full flex-col items-end gap-2 text-start break-words whitespace-normal outline-none keyboard-focused:focus-ring [.text-message+&amp;]:mt-1\" dir=\"auto\" tabindex=\"0\" data-message-author-role=\"assistant\" data-message-id=\"f6589ddd-ebce-4185-8487-5e92585e2423\" data-message-model-slug=\"gpt-5-4-thinking\" data-turn-start-message=\"true\">\n<div class=\"flex w-full flex-col gap-1 empty:hidden\">\n<div class=\"markdown prose dark:prose-invert w-full wrap-break-word light markdown-new-styling\">\n<p data-start=\"0\" data-end=\"65\"><strong data-start=\"0\" data-end=\"65\">Masters of the Universe Origins Deluxe Figura Beast Man 14 cm<\/strong><\/p>\n<p data-start=\"67\" data-end=\"444\">Aggiungi alla tua collezione a <strong data-start=\"90\" data-end=\"103\">Beast Man<\/strong>, uno de los villanos m\u00e1s salvajes y reconocibles de <strong data-start=\"156\" data-end=\"183\">Masters of the Universe<\/strong>, con esta figura <strong data-start=\"201\" data-end=\"211\">Deluxe<\/strong> de la l\u00ednea <strong data-start=\"224\" data-end=\"240\">MOTU Origins<\/strong>. Fiel al personaje cl\u00e1sico del universo de He-Man, esta versi\u00f3n destaca por su imponente presencia, su visocter\u00edstico l\u00e1tigo y un acabado inspirado en la est\u00e9tica retro que hizo legendaria la franquicia.<\/p>\n<p data-start=\"446\" data-end=\"812\">Beast Man es el feroz secuaz de Skeletor, conocido por su fuerza bruta y su capacidad para controlar bestias salvajes. Esta figura de <strong data-start=\"580\" data-end=\"589\">14 cm<\/strong> recrea perfectamente su aspecto inconfundible, con abundante pelaje, colmillos, brazaletes con p\u00faas y su ic\u00f3nico l\u00e1tigo como accesorio principal. Una pieza imprescindible para completar el bando de los villanos de Eternia.<\/p>\n<p data-start=\"814\" data-end=\"972\">Ideal para exposici\u00f3n, para ampliar tu collezione de <strong data-start=\"866\" data-end=\"901\">Masters of the Universe Origins<\/strong> o como regalo per fan de He-Man y de las action figure cl\u00e1sicas.<\/p>\n<p data-start=\"974\" data-end=\"994\"><strong data-start=\"974\" data-end=\"994\">Caratteristiche:<\/strong><\/p>\n<ul data-start=\"996\" data-end=\"1236\" data-is-last-node=\"\" data-is-only-node=\"\">\n<li data-section-id=\"1lfcu17\" data-start=\"996\" data-end=\"1013\">Marca: Mattel<\/li>\n<li data-section-id=\"s3x7ej\" data-start=\"1014\" data-end=\"1067\">Collezione: Masters of the Universe Origins Deluxe<\/li>\n<li data-section-id=\"1ly0k3u\" data-start=\"1068\" data-end=\"1092\">Personaggio: Beast Man<\/li>\n<li data-section-id=\"xuejn2\" data-start=\"1093\" data-end=\"1130\">Licenza: Masters of the Universe<\/li>\n<li data-section-id=\"4pzz4i\" data-start=\"1131\" data-end=\"1159\">Altezza approssimativa: 14 cm<\/li>\n<li data-section-id=\"10swysx\" data-start=\"1160\" data-end=\"1178\">Include l\u00e1tigo<\/li>\n<li data-section-id=\"1x1x466\" data-start=\"1179\" data-end=\"1220\">Presentazione: Scatola originale ilustrada<\/li>\n<li data-section-id=\"1it70f1\" data-start=\"1221\" data-end=\"1236\" data-is-last-node=\"\">Condizione: Nuovo<\/li>\n<\/ul>\n<\/div>\n<\/div>\n<\/div>\n<\/div>\n<div class=\"z-0 flex min-h-[46px] justify-start\"><\/div>\n<div class=\"mt-3 w-full empty:hidden\">\n<div class=\"text-center\"><\/div>\n<\/div>\n<\/div>\n<\/div>\n<\/section>\n<\/div>\n<div class=\"pointer-events-none -mt-px h-px translate-y-[calc(var(--scroll-root-safe-area-inset-bottom)-14*var(--spacing))]\" aria-hidden=\"true\"><\/div>\n","protected":false},"excerpt":{"rendered":"<p><span data-sheets-root=\"1\">Masters of the Universe Origins Deluxe Figura Beast Man 14 cm<\/span><\/p>\n","protected":false},"featured_media":44410,"template":"","meta":{"_acf_changed":false,"_jet_sm_ready_style":"","_jet_sm_style":"","_jet_sm_controls_values":"","_jet_sm_fonts_collection":"","_jet_sm_fonts_links":""},"product_brand":[227],"product_cat":[239,240],"product_tag":[],"class_list":{"0":"post-44407","1":"product","2":"type-product","3":"status-publish","4":"has-post-thumbnail","6":"product_brand-mattel","7":"product_cat-giocattoli-da-collezione","8":"product_cat-master-of-universe-he-man","9":"sales-flash-overlay","10":"woocommerce-text-align-center","11":"woocommerce-image-align-center","12":"do-quantity-buttons","13":"wc-has-gallery","15":"first","16":"instock","17":"shipping-taxable","18":"purchasable","19":"product-type-simple"},"acf":[],"_links":{"self":[{"href":"https:\/\/beckertoys.com\/it\/wp-json\/wp\/v2\/product\/44407","targetHints":{"allow":["GET"]}}],"collection":[{"href":"https:\/\/beckertoys.com\/it\/wp-json\/wp\/v2\/product"}],"about":[{"href":"https:\/\/beckertoys.com\/it\/wp-json\/wp\/v2\/types\/product"}],"version-history":[{"count":2,"href":"https:\/\/beckertoys.com\/it\/wp-json\/wp\/v2\/product\/44407\/revisions"}],"predecessor-version":[{"id":47979,"href":"https:\/\/beckertoys.com\/it\/wp-json\/wp\/v2\/product\/44407\/revisions\/47979"}],"wp:featuredmedia":[{"embeddable":true,"href":"https:\/\/beckertoys.com\/it\/wp-json\/wp\/v2\/media\/44410"}],"wp:attachment":[{"href":"https:\/\/beckertoys.com\/it\/wp-json\/wp\/v2\/media?parent=44407"}],"wp:term":[{"taxonomy":"product_brand","embeddable":true,"href":"https:\/\/beckertoys.com\/it\/wp-json\/wp\/v2\/product_brand?post=44407"},{"taxonomy":"product_cat","embeddable":true,"href":"https:\/\/beckertoys.com\/it\/wp-json\/wp\/v2\/product_cat?post=44407"},{"taxonomy":"product_tag","embeddable":true,"href":"https:\/\/beckertoys.com\/it\/wp-json\/wp\/v2\/product_tag?post=44407"}],"curies":[{"name":"wp","href":"https:\/\/api.w.org\/{rel}","templated":true}]}}