{"id":44810,"date":"2026-05-12T10:52:15","date_gmt":"2026-05-12T08:52:15","guid":{"rendered":"https:\/\/beckertoys.com\/producto\/masters-of-the-universe-motu-revolution-sorceress-teela\/"},"modified":"2026-05-15T11:35:48","modified_gmt":"2026-05-15T09:35:48","slug":"masters-of-the-universe-motu-revolution-sorceress-teela","status":"publish","type":"product","link":"https:\/\/beckertoys.com\/it\/mattel\/masters-of-the-universe-motu-revolution-sorceress-teela\/","title":{"rendered":"Masters of the Universe MOTU Revolution Sorceress Teela"},"content":{"rendered":"<p>Masters of the Universe MOTU Revolution Sorceress Teela es una figura de acci\u00f3n coleccionable basada en la serie &#8220;Masters of the Universe: Revolution&#8221;. Esta versi\u00f3n de Teela est\u00e1 transformada con el Poder de Ka, d\u00e1ndole una apariencia de serpiente y habilidades m\u00e1gicas.<\/p>\n<p>Caracter\u00edsticas Principales:<\/p>\n<p>Tama\u00f1o: Aproximadamente 17.7 cm de altura.<\/p>\n<p>Material: Fabricada con pl\u00e1stico de alta calidad, con detalles aut\u00e9nticos.<\/p>\n<p>Movilidad: Cuenta con 30 puntos de articulaci\u00f3n para posar en diversas posturas.<\/p>\n<p>Dise\u00f1o: Teela con una piel verde serpiente, capucha de cobra y cola de serpiente de material suave.<\/p>\n<p>Accesorios: Include el bast\u00f3n del Poder de Ka, manos intercambiables y un efecto m\u00e1gico que se puede colocar en el brazo o el bast\u00f3n.<\/p>\n<p>Edad Adecuada: Recomendada para maggiores de 6 a\u00f1os.<\/p>\n<p>Embalaje: Viene en una scatola de exhibici\u00f3n transparente.<\/p>\n<p>Instrucciones de Cuidado:<\/p>\n<p>Mant\u00e9n la figura fuera del alcance de los ni\u00f1os peque\u00f1os para evitar accidentes.<\/p>\n<p>Limpia la figura con un pa\u00f1o seco si se ensucia.<\/p>\n<p>Guarda la figura en un lugar seguro cuando no est\u00e9 en exhibici\u00f3n.<\/p>\n<p>Esta figura es perfecta para collezionisti y fans de la serie &#8220;Masters of the Universe: Revolution&#8221;<\/p>\n","protected":false},"excerpt":{"rendered":"<p>Masters of the Universe MOTU Revolution Sorceress Teela Figura de acci\u00f3n con accessori, juguete +6 a\u00f1os (Mattel HYC45)<\/p>\n","protected":false},"featured_media":44812,"template":"","meta":{"_acf_changed":false,"_jet_sm_ready_style":"","_jet_sm_style":"","_jet_sm_controls_values":"","_jet_sm_fonts_collection":"","_jet_sm_fonts_links":""},"product_brand":[227],"product_cat":[221,240],"product_tag":[],"class_list":{"0":"post-44810","1":"product","2":"type-product","3":"status-publish","4":"has-post-thumbnail","6":"product_brand-mattel","7":"product_cat-figure-da-collezione","8":"product_cat-master-of-universe-he-man","9":"sales-flash-overlay","10":"woocommerce-text-align-center","11":"woocommerce-image-align-center","12":"do-quantity-buttons","13":"wc-has-gallery","15":"first","16":"instock","17":"shipping-taxable","18":"purchasable","19":"product-type-simple"},"acf":[],"_links":{"self":[{"href":"https:\/\/beckertoys.com\/it\/wp-json\/wp\/v2\/product\/44810","targetHints":{"allow":["GET"]}}],"collection":[{"href":"https:\/\/beckertoys.com\/it\/wp-json\/wp\/v2\/product"}],"about":[{"href":"https:\/\/beckertoys.com\/it\/wp-json\/wp\/v2\/types\/product"}],"version-history":[{"count":1,"href":"https:\/\/beckertoys.com\/it\/wp-json\/wp\/v2\/product\/44810\/revisions"}],"predecessor-version":[{"id":44840,"href":"https:\/\/beckertoys.com\/it\/wp-json\/wp\/v2\/product\/44810\/revisions\/44840"}],"wp:featuredmedia":[{"embeddable":true,"href":"https:\/\/beckertoys.com\/it\/wp-json\/wp\/v2\/media\/44812"}],"wp:attachment":[{"href":"https:\/\/beckertoys.com\/it\/wp-json\/wp\/v2\/media?parent=44810"}],"wp:term":[{"taxonomy":"product_brand","embeddable":true,"href":"https:\/\/beckertoys.com\/it\/wp-json\/wp\/v2\/product_brand?post=44810"},{"taxonomy":"product_cat","embeddable":true,"href":"https:\/\/beckertoys.com\/it\/wp-json\/wp\/v2\/product_cat?post=44810"},{"taxonomy":"product_tag","embeddable":true,"href":"https:\/\/beckertoys.com\/it\/wp-json\/wp\/v2\/product_tag?post=44810"}],"curies":[{"name":"wp","href":"https:\/\/api.w.org\/{rel}","templated":true}]}}