{"id":44813,"date":"2026-04-30T08:59:25","date_gmt":"2026-04-30T06:59:25","guid":{"rendered":"https:\/\/beckertoys.com\/producto\/barbie-arctic-suelta-de-1996\/"},"modified":"2026-05-15T11:35:49","modified_gmt":"2026-05-15T09:35:49","slug":"barbie-arctic-suelta-de-1996","status":"publish","type":"product","link":"https:\/\/beckertoys.com\/it\/mattel\/barbie-arctic-suelta-de-1996\/","title":{"rendered":"Barbie Arctic Suelta de 1996"},"content":{"rendered":"<p>La<strong> Barbie Arctic Dolls of the World Collector Edition<\/strong> del 1996 es una figura ic\u00f3nica de la collezione Barbie. Esta versi\u00f3n de Barbie presenta a la famosa mu\u00f1eca con un traje inspirado en las tradiciones de las regiones <strong>\u00e1rticas<\/strong>.<\/p>\n<p>Barbie tiene una chaqueta de lana con forro de falso pelo blanco en la capucha, mangas y el borde de la falda. La chaqueta est\u00e1 decorada con una amplia cinta dorada, roja y verde. Dos cordones dorados se atan en el cuello para mantener fuera los vientos \u00e1rticos. Los pantalones de lana que usa Barbie est\u00e1n emparejados con su chaqueta y est\u00e1n decorados con forro blanco y puntadas rojas. Sus scarpe son mukluks, que son botas tradicionales de las regiones \u00e1rticas.<\/p>\n<p>Esta Barbie es una pieza especial para cualquier collezione de Barbie vintage y es muy valorada por su dise\u00f1o detallado y autenticidad cultural.<\/p>\n","protected":false},"excerpt":{"rendered":"<p>Bambola da collezione Dolls of the World &#8211; Mode Kira &#8211; Barbie Arctic Loose del 1996. Mai usata per giocare. Non include supporto.<\/p>\n<p>Articolo di seconda mano.<\/p>\n","protected":false},"featured_media":44819,"template":"","meta":{"_acf_changed":false,"_jet_sm_ready_style":"","_jet_sm_style":"","_jet_sm_controls_values":"","_jet_sm_fonts_collection":"","_jet_sm_fonts_links":""},"product_brand":[227],"product_cat":[302,230,301,287],"product_tag":[],"class_list":{"0":"post-44813","1":"product","2":"type-product","3":"status-publish","4":"has-post-thumbnail","6":"product_brand-mattel","7":"product_cat-amici-di-barbie","8":"product_cat-bambole-barbie","9":"product_cat-barbie-economiche","10":"product_cat-outlet-barbie","11":"sales-flash-overlay","12":"woocommerce-text-align-center","13":"woocommerce-image-align-center","14":"do-quantity-buttons","15":"wc-has-gallery","17":"first","18":"outofstock","19":"sale","20":"shipping-taxable","21":"purchasable","22":"product-type-simple"},"acf":[],"_links":{"self":[{"href":"https:\/\/beckertoys.com\/it\/wp-json\/wp\/v2\/product\/44813","targetHints":{"allow":["GET"]}}],"collection":[{"href":"https:\/\/beckertoys.com\/it\/wp-json\/wp\/v2\/product"}],"about":[{"href":"https:\/\/beckertoys.com\/it\/wp-json\/wp\/v2\/types\/product"}],"version-history":[{"count":1,"href":"https:\/\/beckertoys.com\/it\/wp-json\/wp\/v2\/product\/44813\/revisions"}],"predecessor-version":[{"id":44841,"href":"https:\/\/beckertoys.com\/it\/wp-json\/wp\/v2\/product\/44813\/revisions\/44841"}],"wp:featuredmedia":[{"embeddable":true,"href":"https:\/\/beckertoys.com\/it\/wp-json\/wp\/v2\/media\/44819"}],"wp:attachment":[{"href":"https:\/\/beckertoys.com\/it\/wp-json\/wp\/v2\/media?parent=44813"}],"wp:term":[{"taxonomy":"product_brand","embeddable":true,"href":"https:\/\/beckertoys.com\/it\/wp-json\/wp\/v2\/product_brand?post=44813"},{"taxonomy":"product_cat","embeddable":true,"href":"https:\/\/beckertoys.com\/it\/wp-json\/wp\/v2\/product_cat?post=44813"},{"taxonomy":"product_tag","embeddable":true,"href":"https:\/\/beckertoys.com\/it\/wp-json\/wp\/v2\/product_tag?post=44813"}],"curies":[{"name":"wp","href":"https:\/\/api.w.org\/{rel}","templated":true}]}}