{"id":44865,"date":"2026-05-10T18:59:11","date_gmt":"2026-05-10T16:59:11","guid":{"rendered":"https:\/\/beckertoys.com\/producto\/barbie-happy-holidays-de-1995\/"},"modified":"2026-05-15T12:02:42","modified_gmt":"2026-05-15T10:02:42","slug":"barbie-happy-holidays-de-1995","status":"publish","type":"product","link":"https:\/\/beckertoys.com\/it\/mattel\/barbie-happy-holidays-de-1995\/","title":{"rendered":"Barbie Happy Holidays de 1995"},"content":{"rendered":"<p>La <strong>Barbie Holiday del 1995<\/strong>\u00a0\u00e8 una bambola que personifica el encanto de la temporada festiva. Aqu\u00ed tienes una descripci\u00f3n detallada:<\/p>\n<ul>\n<li><strong>Vestido festivo de acebo verde<\/strong>: Barbie luce un\u00a0<strong>vestido verde con estampado de hojas de acebo<\/strong>\u00a0muy festivo. El vestido est\u00e1 acentuado por un\u00a0<strong>collar victoriano plateado<\/strong>.<\/li>\n<li><strong>Detalles adicionales<\/strong>: Su conjunto se completa con\u00a0<strong>bayas de estr\u00e1s rojas<\/strong>, un\u00a0<strong>faj\u00edn de flor de Pascua<\/strong>, un\u00a0<strong>collar joya<\/strong>\u00a0y una\u00a0<strong>flor de Pascua roja en su cabello<\/strong>.<\/li>\n<li><strong>Edici\u00f3n especial para collezionisti<\/strong>: Esta Barbie es perfecta para los amantes de las bambole da collezione y aquellos que aprecian la moda vintage.<\/li>\n<li><strong>Edad recomendada por el fabricante<\/strong>: A partir de 10 a\u00f1os<\/li>\n<\/ul>\n<p><strong>\u201cBarbie Holiday: Encanto festivo en cada detalle.\u201d<\/strong><\/p>\n","protected":false},"excerpt":{"rendered":"<p>Bambola da collezione Holiday &#8211;\u00a0 Barbie Happy Holidays del 1995. Nuova. Mai rimossa dalla scatola. Scatola danneggiata.<\/p>\n<p>Articolo di seconda mano.<\/p>\n","protected":false},"featured_media":44882,"template":"","meta":{"_acf_changed":false,"_jet_sm_ready_style":"","_jet_sm_style":"","_jet_sm_controls_values":"","_jet_sm_fonts_collection":"","_jet_sm_fonts_links":""},"product_brand":[227],"product_cat":[230,231,304],"product_tag":[],"class_list":{"0":"post-44865","1":"product","2":"type-product","3":"status-publish","4":"has-post-thumbnail","6":"product_brand-mattel","7":"product_cat-bambole-barbie","8":"product_cat-collezione-barbie","9":"product_cat-speciale-natale","10":"sales-flash-overlay","11":"woocommerce-text-align-center","12":"woocommerce-image-align-center","13":"do-quantity-buttons","14":"wc-has-gallery","16":"first","17":"outofstock","18":"sold-individually","19":"shipping-taxable","20":"purchasable","21":"product-type-simple"},"acf":[],"_links":{"self":[{"href":"https:\/\/beckertoys.com\/it\/wp-json\/wp\/v2\/product\/44865","targetHints":{"allow":["GET"]}}],"collection":[{"href":"https:\/\/beckertoys.com\/it\/wp-json\/wp\/v2\/product"}],"about":[{"href":"https:\/\/beckertoys.com\/it\/wp-json\/wp\/v2\/types\/product"}],"version-history":[{"count":1,"href":"https:\/\/beckertoys.com\/it\/wp-json\/wp\/v2\/product\/44865\/revisions"}],"predecessor-version":[{"id":48183,"href":"https:\/\/beckertoys.com\/it\/wp-json\/wp\/v2\/product\/44865\/revisions\/48183"}],"wp:featuredmedia":[{"embeddable":true,"href":"https:\/\/beckertoys.com\/it\/wp-json\/wp\/v2\/media\/44882"}],"wp:attachment":[{"href":"https:\/\/beckertoys.com\/it\/wp-json\/wp\/v2\/media?parent=44865"}],"wp:term":[{"taxonomy":"product_brand","embeddable":true,"href":"https:\/\/beckertoys.com\/it\/wp-json\/wp\/v2\/product_brand?post=44865"},{"taxonomy":"product_cat","embeddable":true,"href":"https:\/\/beckertoys.com\/it\/wp-json\/wp\/v2\/product_cat?post=44865"},{"taxonomy":"product_tag","embeddable":true,"href":"https:\/\/beckertoys.com\/it\/wp-json\/wp\/v2\/product_tag?post=44865"}],"curies":[{"name":"wp","href":"https:\/\/api.w.org\/{rel}","templated":true}]}}