{"id":45211,"date":"2026-05-11T19:59:55","date_gmt":"2026-05-11T17:59:55","guid":{"rendered":"https:\/\/beckertoys.com\/producto\/barbie-moroccan-del-1998-loose\/"},"modified":"2026-05-15T12:03:09","modified_gmt":"2026-05-15T10:03:09","slug":"barbie-moroccan-del-1998-loose","status":"publish","type":"product","link":"https:\/\/beckertoys.com\/it\/mattel\/barbie-moroccan-del-1998-loose\/","title":{"rendered":"Barbie Moroccan del 1998 Loose"},"content":{"rendered":"<p>La <strong>Barbie Moroccan<\/strong> marroqu\u00ed del 1998 \u00e8 una bambola de la collezione &#8220;Bambole del Mundo&#8221;. Est\u00e1 vestida con un traje tradicional de Marruecos en tonos rosa y naranja, que include un kaft\u00e1n con detalles aut\u00e9nticos y accessori t\u00edpicos de la regi\u00f3n. Su atuendo refleja la rica cultura y estilo marroqu\u00ed de manera respetuosa y detallada.<\/p>\n<p>Esta bambola es ideale para collezionisti y para quienes est\u00e1n interesados en las representaciones culturales a trav\u00e9s de los giocattoli. Es una pieza que destaca por su atenci\u00f3n al detalle y por ofrecer una mirada a las tradiciones de Marruecos.<\/p>\n<p>A veces, es sorprendente c\u00f3mo una bambola puede acercarnos a diferentes culturas y formas de vida. Los giocattoli no solo entretienen, sino que tambi\u00e9n pueden educar y abrir nuestro mundo a nuovas experiencias.<\/p>\n<p>&nbsp;<\/p>\n","protected":false},"excerpt":{"rendered":"<p>Bambola da collezione Dolls of the World &#8211; Barbie Moroccan del 1998. Rimossa dalla scatola. Mai usata per giocare. Scatola danneggiata. Manca la supporto.<\/p>\n<p>Articolo di seconda mano.<\/p>\n","protected":false},"featured_media":45213,"template":"","meta":{"_acf_changed":false,"_jet_sm_ready_style":"","_jet_sm_style":"","_jet_sm_controls_values":"","_jet_sm_fonts_collection":"","_jet_sm_fonts_links":""},"product_brand":[227],"product_cat":[230,231,287],"product_tag":[],"class_list":{"0":"post-45211","1":"product","2":"type-product","3":"status-publish","4":"has-post-thumbnail","6":"product_brand-mattel","7":"product_cat-bambole-barbie","8":"product_cat-collezione-barbie","9":"product_cat-outlet-barbie","10":"sales-flash-overlay","11":"woocommerce-text-align-center","12":"woocommerce-image-align-center","13":"do-quantity-buttons","14":"wc-has-gallery","16":"first","17":"outofstock","18":"sale","19":"shipping-taxable","20":"purchasable","21":"product-type-simple"},"acf":[],"_links":{"self":[{"href":"https:\/\/beckertoys.com\/it\/wp-json\/wp\/v2\/product\/45211","targetHints":{"allow":["GET"]}}],"collection":[{"href":"https:\/\/beckertoys.com\/it\/wp-json\/wp\/v2\/product"}],"about":[{"href":"https:\/\/beckertoys.com\/it\/wp-json\/wp\/v2\/types\/product"}],"version-history":[{"count":1,"href":"https:\/\/beckertoys.com\/it\/wp-json\/wp\/v2\/product\/45211\/revisions"}],"predecessor-version":[{"id":48236,"href":"https:\/\/beckertoys.com\/it\/wp-json\/wp\/v2\/product\/45211\/revisions\/48236"}],"wp:featuredmedia":[{"embeddable":true,"href":"https:\/\/beckertoys.com\/it\/wp-json\/wp\/v2\/media\/45213"}],"wp:attachment":[{"href":"https:\/\/beckertoys.com\/it\/wp-json\/wp\/v2\/media?parent=45211"}],"wp:term":[{"taxonomy":"product_brand","embeddable":true,"href":"https:\/\/beckertoys.com\/it\/wp-json\/wp\/v2\/product_brand?post=45211"},{"taxonomy":"product_cat","embeddable":true,"href":"https:\/\/beckertoys.com\/it\/wp-json\/wp\/v2\/product_cat?post=45211"},{"taxonomy":"product_tag","embeddable":true,"href":"https:\/\/beckertoys.com\/it\/wp-json\/wp\/v2\/product_tag?post=45211"}],"curies":[{"name":"wp","href":"https:\/\/api.w.org\/{rel}","templated":true}]}}