{"id":45440,"date":"2026-05-11T19:59:01","date_gmt":"2026-05-11T17:59:01","guid":{"rendered":"https:\/\/beckertoys.com\/producto\/barbie-chilean-de-1997\/"},"modified":"2026-05-11T19:59:01","modified_gmt":"2026-05-11T17:59:01","slug":"barbie-chilean-de-1997","status":"publish","type":"product","link":"https:\/\/beckertoys.com\/it\/mattel\/barbie-chilean-de-1997\/","title":{"rendered":"Barbie Chilean de 1997"},"content":{"rendered":"<p><strong>Barbie Chilean 1997<\/strong> es parte de la collezione <strong>Dolls of the World<\/strong> de Mattel y representa la cultura chilena con un atuendo inspirado en el <strong>huaso<\/strong>, el tradicional vaquero chileno.<\/p>\n<p>Su vestimenta include un sombrero negro con cinta, una chaqueta negra, una blusa blanca con detalles de encaje, y una falda larga negra con ribetes de encaje blanco. Adem\u00e1s, lleva un cintur\u00f3n con cintas en rojo, blanco y azul, evocando los colores de la bandera chilena.<\/p>\n<p>Este dise\u00f1o representa una versi\u00f3n m\u00e1s elegante y tradicional de la vestimenta chilena, destacando la influencia cultural en la collezione Dolls of the World de Mattel.<\/p>\n","protected":false},"excerpt":{"rendered":"<p>Bambola da collezione Dolls of the World &#8211; Barbie Chilean del 1997. Nuova, mai rimossa dalla scatola. Scatola in buone condizioni, pu\u00f2 mostrare segni del tempo.<\/p>\n<p>Articolo di seconda mano.<\/p>\n","protected":false},"featured_media":45441,"template":"","meta":{"_acf_changed":false,"_jet_sm_ready_style":"","_jet_sm_style":"","_jet_sm_controls_values":"","_jet_sm_fonts_collection":"","_jet_sm_fonts_links":""},"product_brand":[227],"product_cat":[230,231],"product_tag":[],"class_list":{"0":"post-45440","1":"product","2":"type-product","3":"status-publish","4":"has-post-thumbnail","6":"product_brand-mattel","7":"product_cat-bambole-barbie","8":"product_cat-collezione-barbie","9":"sales-flash-overlay","10":"woocommerce-text-align-center","11":"woocommerce-image-align-center","12":"do-quantity-buttons","13":"wc-has-gallery","15":"first","16":"instock","17":"shipping-taxable","18":"purchasable","19":"product-type-simple"},"acf":[],"_links":{"self":[{"href":"https:\/\/beckertoys.com\/it\/wp-json\/wp\/v2\/product\/45440","targetHints":{"allow":["GET"]}}],"collection":[{"href":"https:\/\/beckertoys.com\/it\/wp-json\/wp\/v2\/product"}],"about":[{"href":"https:\/\/beckertoys.com\/it\/wp-json\/wp\/v2\/types\/product"}],"version-history":[{"count":0,"href":"https:\/\/beckertoys.com\/it\/wp-json\/wp\/v2\/product\/45440\/revisions"}],"wp:featuredmedia":[{"embeddable":true,"href":"https:\/\/beckertoys.com\/it\/wp-json\/wp\/v2\/media\/45441"}],"wp:attachment":[{"href":"https:\/\/beckertoys.com\/it\/wp-json\/wp\/v2\/media?parent=45440"}],"wp:term":[{"taxonomy":"product_brand","embeddable":true,"href":"https:\/\/beckertoys.com\/it\/wp-json\/wp\/v2\/product_brand?post=45440"},{"taxonomy":"product_cat","embeddable":true,"href":"https:\/\/beckertoys.com\/it\/wp-json\/wp\/v2\/product_cat?post=45440"},{"taxonomy":"product_tag","embeddable":true,"href":"https:\/\/beckertoys.com\/it\/wp-json\/wp\/v2\/product_tag?post=45440"}],"curies":[{"name":"wp","href":"https:\/\/api.w.org\/{rel}","templated":true}]}}