{"id":45470,"date":"2026-04-25T16:59:06","date_gmt":"2026-04-25T14:59:06","guid":{"rendered":"https:\/\/beckertoys.com\/producto\/barbie-pioneer-second-edition-lechera-de-1995\/"},"modified":"2026-04-25T16:59:06","modified_gmt":"2026-04-25T14:59:06","slug":"barbie-pioneer-second-edition-lechera-de-1995","status":"publish","type":"product","link":"https:\/\/beckertoys.com\/it\/mattel\/barbie-pioneer-second-edition-lechera-de-1995\/","title":{"rendered":"Barbie Pioneer Second Edition Lechera de 1995"},"content":{"rendered":"<p><strong>Barbie Pioneer Second Edition<\/strong> del 1995, tambi\u00e9n conocida como &#8220;lattaia&#8221;, es una mu\u00f1eca especial de la collezione &#8220;<strong>American Stories<\/strong>&#8220;. Esta edici\u00f3n presenta a Barbie vestida con un traje t\u00edpico de una lechera del siglo XIX, includendo un delantal, sombrero y un anillo. Su atuendo refleja la vida en el campo y la importancia de la ganader\u00eda en la historia estadounidense.<\/p>\n<p>Esta mu\u00f1eca es ideal para collezionisti que aprecian la autenticidad y el detalle hist\u00f3rico. Es una pieza que evoca la nostalgia de una \u00e9poca pasada y celebra las tradiciones y el trabajo duro de las mujeres pioneras.<\/p>\n","protected":false},"excerpt":{"rendered":"<p>Bambola da collezione American Stories &#8211; Barbie Pioneer Second Edition (lattaia) del 1995. Nuova, mai rimossa dalla scatola. Scatola danneggiata.<\/p>\n<p>Articolo di seconda mano.<\/p>\n","protected":false},"featured_media":45471,"template":"","meta":{"_acf_changed":false,"_jet_sm_ready_style":"","_jet_sm_style":"","_jet_sm_controls_values":"","_jet_sm_fonts_collection":"","_jet_sm_fonts_links":""},"product_brand":[227],"product_cat":[230,231],"product_tag":[],"class_list":{"0":"post-45470","1":"product","2":"type-product","3":"status-publish","4":"has-post-thumbnail","6":"product_brand-mattel","7":"product_cat-bambole-barbie","8":"product_cat-collezione-barbie","9":"sales-flash-overlay","10":"woocommerce-text-align-center","11":"woocommerce-image-align-center","12":"do-quantity-buttons","13":"wc-has-gallery","15":"first","16":"instock","17":"shipping-taxable","18":"purchasable","19":"product-type-simple"},"acf":[],"_links":{"self":[{"href":"https:\/\/beckertoys.com\/it\/wp-json\/wp\/v2\/product\/45470","targetHints":{"allow":["GET"]}}],"collection":[{"href":"https:\/\/beckertoys.com\/it\/wp-json\/wp\/v2\/product"}],"about":[{"href":"https:\/\/beckertoys.com\/it\/wp-json\/wp\/v2\/types\/product"}],"version-history":[{"count":0,"href":"https:\/\/beckertoys.com\/it\/wp-json\/wp\/v2\/product\/45470\/revisions"}],"wp:featuredmedia":[{"embeddable":true,"href":"https:\/\/beckertoys.com\/it\/wp-json\/wp\/v2\/media\/45471"}],"wp:attachment":[{"href":"https:\/\/beckertoys.com\/it\/wp-json\/wp\/v2\/media?parent=45470"}],"wp:term":[{"taxonomy":"product_brand","embeddable":true,"href":"https:\/\/beckertoys.com\/it\/wp-json\/wp\/v2\/product_brand?post=45470"},{"taxonomy":"product_cat","embeddable":true,"href":"https:\/\/beckertoys.com\/it\/wp-json\/wp\/v2\/product_cat?post=45470"},{"taxonomy":"product_tag","embeddable":true,"href":"https:\/\/beckertoys.com\/it\/wp-json\/wp\/v2\/product_tag?post=45470"}],"curies":[{"name":"wp","href":"https:\/\/api.w.org\/{rel}","templated":true}]}}