{"id":45478,"date":"2026-04-27T19:59:20","date_gmt":"2026-04-27T17:59:20","guid":{"rendered":"https:\/\/beckertoys.com\/producto\/barbie-snow-sensation-de-1999\/"},"modified":"2026-04-27T19:59:20","modified_gmt":"2026-04-27T17:59:20","slug":"barbie-snow-sensation-de-1999","status":"publish","type":"product","link":"https:\/\/beckertoys.com\/it\/mattel\/barbie-snow-sensation-de-1999\/","title":{"rendered":"Barbie Snow Sensation de 1999"},"content":{"rendered":"<p><strong>Barbie Snow Sensation del 1999<\/strong> es una edici\u00f3n especial de Barbie que celebra la temporada invernal. Esta Barbie viene con un globo de nieve y est\u00e1 disponible en varias versiones, includendo rubia, morena y afroamericana.<\/p>\n<p>Lleva un vestido blanco con falda azul con detalles de copos de nieva, botas de cuero, mit\u00f3n y cuello de piel sint\u00e9tica. Su cabello est\u00e1 peinado de manera elegante y lleva guantes de encaje. Es una pieza impresionante para cualquier collezione de Barbie, especialmente para los amantes de la Natale y el invierno.<\/p>\n","protected":false},"excerpt":{"rendered":"<p>Bambola da collezione Inverno &#8211; Barbie Snow Sensation del 1999. Nuova, mai rimossa dalla scatola. Scatola danneggiata.<\/p>\n<p>Articolo di seconda mano.<\/p>\n","protected":false},"featured_media":45479,"template":"","meta":{"_acf_changed":false,"_jet_sm_ready_style":"","_jet_sm_style":"","_jet_sm_controls_values":"","_jet_sm_fonts_collection":"","_jet_sm_fonts_links":""},"product_brand":[227],"product_cat":[230,319,231,304],"product_tag":[],"class_list":{"0":"post-45478","1":"product","2":"type-product","3":"status-publish","4":"has-post-thumbnail","6":"product_brand-mattel","7":"product_cat-bambole-barbie","8":"product_cat-black-friday","9":"product_cat-collezione-barbie","10":"product_cat-speciale-natale","11":"sales-flash-overlay","12":"woocommerce-text-align-center","13":"woocommerce-image-align-center","14":"do-quantity-buttons","15":"wc-has-gallery","17":"first","18":"outofstock","19":"shipping-taxable","20":"purchasable","21":"product-type-simple"},"acf":[],"_links":{"self":[{"href":"https:\/\/beckertoys.com\/it\/wp-json\/wp\/v2\/product\/45478","targetHints":{"allow":["GET"]}}],"collection":[{"href":"https:\/\/beckertoys.com\/it\/wp-json\/wp\/v2\/product"}],"about":[{"href":"https:\/\/beckertoys.com\/it\/wp-json\/wp\/v2\/types\/product"}],"version-history":[{"count":0,"href":"https:\/\/beckertoys.com\/it\/wp-json\/wp\/v2\/product\/45478\/revisions"}],"wp:featuredmedia":[{"embeddable":true,"href":"https:\/\/beckertoys.com\/it\/wp-json\/wp\/v2\/media\/45479"}],"wp:attachment":[{"href":"https:\/\/beckertoys.com\/it\/wp-json\/wp\/v2\/media?parent=45478"}],"wp:term":[{"taxonomy":"product_brand","embeddable":true,"href":"https:\/\/beckertoys.com\/it\/wp-json\/wp\/v2\/product_brand?post=45478"},{"taxonomy":"product_cat","embeddable":true,"href":"https:\/\/beckertoys.com\/it\/wp-json\/wp\/v2\/product_cat?post=45478"},{"taxonomy":"product_tag","embeddable":true,"href":"https:\/\/beckertoys.com\/it\/wp-json\/wp\/v2\/product_tag?post=45478"}],"curies":[{"name":"wp","href":"https:\/\/api.w.org\/{rel}","templated":true}]}}