{"id":46131,"date":"2026-05-06T10:04:06","date_gmt":"2026-05-06T08:04:06","guid":{"rendered":"https:\/\/beckertoys.com\/producto\/barbie-basics-you-create-kit-neutro-001\/"},"modified":"2026-05-15T12:02:09","modified_gmt":"2026-05-15T10:02:09","slug":"barbie-basics-you-create-kit-neutro-001","status":"publish","type":"product","link":"https:\/\/beckertoys.com\/it\/mattel\/barbie-basics-you-create-kit-neutro-001\/","title":{"rendered":"Barbie Basics You Create Kit Neutro 001"},"content":{"rendered":"<p data-start=\"12\" data-end=\"92\"><strong data-start=\"12\" data-end=\"92\">Barbie Basics You Create Kit Neutro 001 Barbie Signature Mu\u00f1eca de Collezione<\/strong><\/p>\n<h2 data-section-id=\"1n82n1k\" data-start=\"94\" data-end=\"110\">Descrizione<\/h2>\n<p data-start=\"111\" data-end=\"555\">La <strong data-start=\"114\" data-end=\"157\">Barbie Basics You Create Kit Neutro 001<\/strong> de <strong data-start=\"161\" data-end=\"181\">Barbie Signature<\/strong> es una propuesta moderna y muy originale para collezionisti y fans de la marca que buscan una bambola vers\u00e1til, elegante y con m\u00faltiples posibilidades de personalizaci\u00f3n. Este set destaca por su concepto <strong data-start=\"385\" data-end=\"415\">\u201cYou Create Barbie Basics\u201d<\/strong>, pensado para crear diferentes combinaciones de estilo gracias a sus piezas intercambiables y a su est\u00e9tica contempor\u00e1nea en tonos neutros.<\/p>\n<p data-start=\"557\" data-end=\"1219\">La bambola presenta un look sofisticado y minimalista, con una paleta en <strong data-start=\"629\" data-end=\"670\">beige, crema, rosa empolvado y marr\u00f3n<\/strong>, muy en la l\u00ednea de la collezione <strong data-start=\"704\" data-end=\"721\">Barbie Basics<\/strong>. Lleva un conjunto refinado compuesto por una <strong data-start=\"768\" data-end=\"807\">parte superior asim\u00e9trica estampada<\/strong>, una <strong data-start=\"813\" data-end=\"848\">falda larga de bloques de color<\/strong>, accessori de inspiraci\u00f3n fashion y un dise\u00f1o articulado que permite exponerla en distintas poses. Adem\u00e1s, el kit include elementos para personalizar la bambola y crear distintos looks, includendo cabezas intercambiables, prendas y complementos, lo que convierte esta edizione en una pieza especialmente atractiva para quienes disfrutan del coleccionismo y la exhibici\u00f3n.<\/p>\n<p data-start=\"1221\" data-end=\"1689\" data-is-last-node=\"\" data-is-only-node=\"\">El packaging resalta que permite crear <strong data-start=\"1260\" data-end=\"1280\">m\u00e1s de 150 looks<\/strong>, lo que a\u00f1ade un valor extra tanto a nivel de juego como da collezione. En conjunto, se trata de una bambola ideale para amantes de <strong data-start=\"1410\" data-end=\"1430\">Barbie Signature<\/strong>, <strong data-start=\"1432\" data-end=\"1449\">Barbie Basics<\/strong>, bambole fashion da collezione y ediciones modernas con un enfoque creativo y estilizado.<\/p>\n","protected":false},"excerpt":{"rendered":"<p>Barbie Basics You Create Kit Neutro 001.<\/p>\n","protected":false},"featured_media":46136,"template":"","meta":{"_acf_changed":false,"_jet_sm_ready_style":"","_jet_sm_style":"","_jet_sm_controls_values":"","_jet_sm_fonts_collection":"","_jet_sm_fonts_links":""},"product_brand":[227],"product_cat":[331,230,231],"product_tag":[],"class_list":{"0":"post-46131","1":"product","2":"type-product","3":"status-publish","4":"has-post-thumbnail","6":"product_brand-mattel","7":"product_cat-abiti-e-accessori-barbie","8":"product_cat-bambole-barbie","9":"product_cat-collezione-barbie","10":"sales-flash-overlay","11":"woocommerce-text-align-center","12":"woocommerce-image-align-center","13":"do-quantity-buttons","14":"wc-has-gallery","16":"first","17":"instock","18":"shipping-taxable","19":"purchasable","20":"product-type-simple"},"acf":[],"_links":{"self":[{"href":"https:\/\/beckertoys.com\/it\/wp-json\/wp\/v2\/product\/46131","targetHints":{"allow":["GET"]}}],"collection":[{"href":"https:\/\/beckertoys.com\/it\/wp-json\/wp\/v2\/product"}],"about":[{"href":"https:\/\/beckertoys.com\/it\/wp-json\/wp\/v2\/types\/product"}],"version-history":[{"count":1,"href":"https:\/\/beckertoys.com\/it\/wp-json\/wp\/v2\/product\/46131\/revisions"}],"predecessor-version":[{"id":48098,"href":"https:\/\/beckertoys.com\/it\/wp-json\/wp\/v2\/product\/46131\/revisions\/48098"}],"wp:featuredmedia":[{"embeddable":true,"href":"https:\/\/beckertoys.com\/it\/wp-json\/wp\/v2\/media\/46136"}],"wp:attachment":[{"href":"https:\/\/beckertoys.com\/it\/wp-json\/wp\/v2\/media?parent=46131"}],"wp:term":[{"taxonomy":"product_brand","embeddable":true,"href":"https:\/\/beckertoys.com\/it\/wp-json\/wp\/v2\/product_brand?post=46131"},{"taxonomy":"product_cat","embeddable":true,"href":"https:\/\/beckertoys.com\/it\/wp-json\/wp\/v2\/product_cat?post=46131"},{"taxonomy":"product_tag","embeddable":true,"href":"https:\/\/beckertoys.com\/it\/wp-json\/wp\/v2\/product_tag?post=46131"}],"curies":[{"name":"wp","href":"https:\/\/api.w.org\/{rel}","templated":true}]}}