{"id":46390,"date":"2026-05-08T09:31:22","date_gmt":"2026-05-08T07:31:22","guid":{"rendered":"https:\/\/beckertoys.com\/producto\/barbie-solo-in-the-spotlight-brunette-del-1994-scatola-danneggiata\/"},"modified":"2026-05-15T12:02:28","modified_gmt":"2026-05-15T10:02:28","slug":"barbie-solo-in-the-spotlight-brunette-del-1994-scatola-danneggiata","status":"publish","type":"product","link":"https:\/\/beckertoys.com\/it\/mattel\/barbie-solo-in-the-spotlight-brunette-del-1994-scatola-danneggiata\/","title":{"rendered":"Barbie Solo in the Spotlight Brunette del 1994 (Scatola danneggiata)"},"content":{"rendered":"<p><strong>Barbie &#8220;Solo in the Spotlight&#8221;<\/strong> del 1994 es una edizione especial que rinde homenaje al glamour cl\u00e1sico de los a\u00f1os 60. Esta bambola presenta un <strong>vestido negro ajustado con un acabado brillante<\/strong>, acompa\u00f1ado de un pa\u00f1uelo de gasa, guantes largos, un collar y pendientes elegantes. Include un micr\u00f3fono vintage y un soporte para la bambola, lo que refuerza su tem\u00e1tica de estrella en el escenario. Es una pieza da collezione muy buscada por los amantes de Barbie y los entusiastas de los art\u00edculos retro<\/p>\n","protected":false},"excerpt":{"rendered":"<p>Bambola da collezione Reproducciones &#8211; Barbie Solo in the Spotlight bruna del 1994. Nuova. Mai rimossa dalla scatola. Scatola molto danneggiata.<\/p>\n<p>Articolo di seconda mano.<\/p>\n","protected":false},"featured_media":46391,"template":"","meta":{"_acf_changed":false,"_jet_sm_ready_style":"","_jet_sm_style":"","_jet_sm_controls_values":"","_jet_sm_fonts_collection":"","_jet_sm_fonts_links":""},"product_brand":[227],"product_cat":[230,231,287],"product_tag":[],"class_list":{"0":"post-46390","1":"product","2":"type-product","3":"status-publish","4":"has-post-thumbnail","6":"product_brand-mattel","7":"product_cat-bambole-barbie","8":"product_cat-collezione-barbie","9":"product_cat-outlet-barbie","10":"sales-flash-overlay","11":"woocommerce-text-align-center","12":"woocommerce-image-align-center","13":"do-quantity-buttons","14":"wc-has-gallery","16":"first","17":"outofstock","18":"sale","19":"shipping-taxable","20":"purchasable","21":"product-type-simple"},"acf":[],"_links":{"self":[{"href":"https:\/\/beckertoys.com\/it\/wp-json\/wp\/v2\/product\/46390","targetHints":{"allow":["GET"]}}],"collection":[{"href":"https:\/\/beckertoys.com\/it\/wp-json\/wp\/v2\/product"}],"about":[{"href":"https:\/\/beckertoys.com\/it\/wp-json\/wp\/v2\/types\/product"}],"version-history":[{"count":1,"href":"https:\/\/beckertoys.com\/it\/wp-json\/wp\/v2\/product\/46390\/revisions"}],"predecessor-version":[{"id":48140,"href":"https:\/\/beckertoys.com\/it\/wp-json\/wp\/v2\/product\/46390\/revisions\/48140"}],"wp:featuredmedia":[{"embeddable":true,"href":"https:\/\/beckertoys.com\/it\/wp-json\/wp\/v2\/media\/46391"}],"wp:attachment":[{"href":"https:\/\/beckertoys.com\/it\/wp-json\/wp\/v2\/media?parent=46390"}],"wp:term":[{"taxonomy":"product_brand","embeddable":true,"href":"https:\/\/beckertoys.com\/it\/wp-json\/wp\/v2\/product_brand?post=46390"},{"taxonomy":"product_cat","embeddable":true,"href":"https:\/\/beckertoys.com\/it\/wp-json\/wp\/v2\/product_cat?post=46390"},{"taxonomy":"product_tag","embeddable":true,"href":"https:\/\/beckertoys.com\/it\/wp-json\/wp\/v2\/product_tag?post=46390"}],"curies":[{"name":"wp","href":"https:\/\/api.w.org\/{rel}","templated":true}]}}