{"id":46418,"date":"2026-05-08T11:59:12","date_gmt":"2026-05-08T09:59:12","guid":{"rendered":"https:\/\/beckertoys.com\/producto\/barbie-vera-wang-tribute-collection-de-2021\/"},"modified":"2026-05-15T12:02:33","modified_gmt":"2026-05-15T10:02:33","slug":"barbie-vera-wang-tribute-collection-de-2021","status":"publish","type":"product","link":"https:\/\/beckertoys.com\/it\/mattel\/barbie-vera-wang-tribute-collection-de-2021\/","title":{"rendered":"Barbie Vera Wang Tribute Collection de 2021"},"content":{"rendered":"<div class=\"\" data-turn-id-container=\"request-69bbc9f1-31ac-8387-b3ef-226fd97f4785-1\" data-is-intersecting=\"true\">\n<section class=\"text-token-text-primary w-full focus:outline-none [--shadow-height:45px] has-data-writing-block:pointer-events-none has-data-writing-block:-mt-(--shadow-height) has-data-writing-block:pt-(--shadow-height) [&amp;:has([data-writing-block])&gt;*]:pointer-events-auto R6Vx5W_threadScrollVars scroll-mb-[calc(var(--scroll-root-safe-area-inset-bottom,0px)+var(--thread-response-height))] scroll-mt-[calc(var(--header-height)+min(200px,max(70px,20svh)))]\" dir=\"auto\" data-turn-id=\"request-69bbc9f1-31ac-8387-b3ef-226fd97f4785-1\" data-testid=\"conversation-turn-216\" data-scroll-anchor=\"false\" data-turn=\"assistant\">\n<div class=\"text-base my-auto mx-auto pb-10 [--thread-content-margin:var(--thread-content-margin-xs,calc(var(--spacing)*4))] @w-sm\/main:[--thread-content-margin:var(--thread-content-margin-sm,calc(var(--spacing)*6))] @w-lg\/main:[--thread-content-margin:var(--thread-content-margin-lg,calc(var(--spacing)*16))] px-(--thread-content-margin)\">\n<div class=\"[--thread-content-max-width:40rem] @w-lg\/main:[--thread-content-max-width:48rem] mx-auto max-w-(--thread-content-max-width) flex-1 group\/turn-messages focus-visible:outline-hidden relative flex w-full min-w-0 flex-col agent-turn\">\n<div class=\"flex max-w-full flex-col gap-4 grow\">\n<div class=\"min-h-8 text-message relative flex w-full flex-col items-end gap-2 text-start break-words whitespace-normal outline-none keyboard-focused:focus-ring [.text-message+&amp;]:mt-1\" dir=\"auto\" tabindex=\"0\" data-message-author-role=\"assistant\" data-message-id=\"d24c2637-7988-4b92-bfc7-a01ca484513d\" data-turn-start-message=\"true\" data-message-model-slug=\"gpt-5-4-thinking\">\n<div class=\"flex w-full flex-col gap-1 empty:hidden\">\n<div class=\"markdown prose dark:prose-invert w-full wrap-break-word light markdown-new-styling\">\n<p data-start=\"0\" data-end=\"420\">La <strong data-start=\"3\" data-end=\"47\">Barbie Vera Wang Tribute Collection 2021<\/strong> rinde homenaje a una de las dise\u00f1adoras m\u00e1s influyentes del mundo de la moda. Esta edizione de collezionista de <strong data-start=\"159\" data-end=\"179\">Barbie Signature<\/strong> celebra el legado de <strong data-start=\"201\" data-end=\"214\">Vera Wang<\/strong> con una bambola inspirada en su elegante y reconocible estilo, presentada con un sofisticado conjunto negro de l\u00edneas limpias y contempor\u00e1neas que refleja a la perfecci\u00f3n su est\u00e9tica minimalista y refinada.<\/p>\n<p data-start=\"422\" data-end=\"786\">Pensada para collezionisti y amantes de la moda, esta bambola destaca por su cuidada presentaci\u00f3n en scatola expositora y por formar parte de la exclusiva <strong data-start=\"574\" data-end=\"596\">Tribute Collection<\/strong>, una serie dedicada a personalidades que han dejado huella en la cultura y el dise\u00f1o. Una pieza imprescindible para quienes buscan una Barbie diferente, moderna y con gran valor expositivo.<\/p>\n<p data-start=\"788\" data-end=\"820\"><strong data-start=\"788\" data-end=\"820\">Caracter\u00edsticas principales:<\/strong><\/p>\n<ul data-start=\"821\" data-end=\"1114\" data-is-last-node=\"\" data-is-only-node=\"\">\n<li data-section-id=\"2soutl\" data-start=\"821\" data-end=\"874\"><strong data-start=\"823\" data-end=\"836\">Prodotto:<\/strong> Barbie Vera Wang Tribute Collection<\/li>\n<li data-section-id=\"6maki4\" data-start=\"875\" data-end=\"892\"><strong data-start=\"877\" data-end=\"885\">A\u00f1o:<\/strong> 2021<\/li>\n<li data-section-id=\"8zokrs\" data-start=\"893\" data-end=\"949\"><strong data-start=\"895\" data-end=\"909\">Collezione:<\/strong> Tribute Collection \/ Barbie Signature<\/li>\n<li data-section-id=\"1m0595p\" data-start=\"950\" data-end=\"981\"><strong data-start=\"952\" data-end=\"969\">Inspirada en:<\/strong> Vera Wang<\/li>\n<li data-section-id=\"t2i52d\" data-start=\"982\" data-end=\"1025\"><strong data-start=\"984\" data-end=\"1001\">Presentazione:<\/strong> scatola de collezionista<\/li>\n<li data-section-id=\"t4hajp\" data-start=\"1026\" data-end=\"1114\" data-is-last-node=\"\"><strong data-start=\"1028\" data-end=\"1043\">Ideal para:<\/strong> collezione, exposici\u00f3n o regalo especial per fan de Barbie y la moda.<\/li>\n<\/ul>\n<\/div>\n<\/div>\n<\/div>\n<\/div>\n<div class=\"z-0 flex min-h-[46px] justify-start\"><\/div>\n<\/div>\n<\/div>\n<\/section>\n<\/div>\n<div class=\"pointer-events-none -mt-px h-px translate-y-[calc(var(--scroll-root-safe-area-inset-bottom)-14*var(--spacing))]\" aria-hidden=\"true\"><\/div>\n","protected":false},"excerpt":{"rendered":"<p>Bambola da collezione Signature &#8211; Barbie Vera Wang Tribute Collection del 2021. Nuova, mai rimossa dalla scatola. Scatola in buone condizioni, pu\u00f2 mostrare segni del tempo.<\/p>\n","protected":false},"featured_media":46420,"template":"","meta":{"_acf_changed":false,"_jet_sm_ready_style":"","_jet_sm_style":"","_jet_sm_controls_values":"","_jet_sm_fonts_collection":"","_jet_sm_fonts_links":""},"product_brand":[227],"product_cat":[302,230],"product_tag":[],"class_list":{"0":"post-46418","1":"product","2":"type-product","3":"status-publish","4":"has-post-thumbnail","6":"product_brand-mattel","7":"product_cat-amici-di-barbie","8":"product_cat-bambole-barbie","9":"sales-flash-overlay","10":"woocommerce-text-align-center","11":"woocommerce-image-align-center","12":"do-quantity-buttons","13":"wc-has-gallery","15":"first","16":"outofstock","17":"shipping-taxable","18":"purchasable","19":"product-type-simple"},"acf":[],"_links":{"self":[{"href":"https:\/\/beckertoys.com\/it\/wp-json\/wp\/v2\/product\/46418","targetHints":{"allow":["GET"]}}],"collection":[{"href":"https:\/\/beckertoys.com\/it\/wp-json\/wp\/v2\/product"}],"about":[{"href":"https:\/\/beckertoys.com\/it\/wp-json\/wp\/v2\/types\/product"}],"version-history":[{"count":1,"href":"https:\/\/beckertoys.com\/it\/wp-json\/wp\/v2\/product\/46418\/revisions"}],"predecessor-version":[{"id":48160,"href":"https:\/\/beckertoys.com\/it\/wp-json\/wp\/v2\/product\/46418\/revisions\/48160"}],"wp:featuredmedia":[{"embeddable":true,"href":"https:\/\/beckertoys.com\/it\/wp-json\/wp\/v2\/media\/46420"}],"wp:attachment":[{"href":"https:\/\/beckertoys.com\/it\/wp-json\/wp\/v2\/media?parent=46418"}],"wp:term":[{"taxonomy":"product_brand","embeddable":true,"href":"https:\/\/beckertoys.com\/it\/wp-json\/wp\/v2\/product_brand?post=46418"},{"taxonomy":"product_cat","embeddable":true,"href":"https:\/\/beckertoys.com\/it\/wp-json\/wp\/v2\/product_cat?post=46418"},{"taxonomy":"product_tag","embeddable":true,"href":"https:\/\/beckertoys.com\/it\/wp-json\/wp\/v2\/product_tag?post=46418"}],"curies":[{"name":"wp","href":"https:\/\/api.w.org\/{rel}","templated":true}]}}