{"id":47205,"date":"2026-04-27T19:59:39","date_gmt":"2026-04-27T17:59:39","guid":{"rendered":"https:\/\/beckertoys.com\/producto\/barbie-101-dalmatians-brunette-de-1998\/"},"modified":"2026-05-15T12:00:45","modified_gmt":"2026-05-15T10:00:45","slug":"barbie-101-dalmatians-brunette-de-1998","status":"publish","type":"product","link":"https:\/\/beckertoys.com\/it\/mattel\/barbie-101-dalmatians-brunette-de-1998\/","title":{"rendered":"Barbie 101 Dalmatians Brunette de 1998"},"content":{"rendered":"<h2 data-section-id=\"1em88x8\" data-start=\"0\" data-end=\"38\">Barbie 101 Dalmatians Brunette 1998<\/h2>\n<p data-start=\"40\" data-end=\"324\"><strong data-start=\"40\" data-end=\"82\">Barbie 101 Dalmatians Brunette del 1998<\/strong> en su scatola original. Esta <strong data-start=\"109\" data-end=\"128\">Special Edition<\/strong> est\u00e1 inspirada en <strong data-start=\"147\" data-end=\"175\">101 Dalmatians de Disney<\/strong>, la conocida historia de los cachorros d\u00e1lmata, y presenta una propuesta de moda tem\u00e1tica con detalles que evocan el universo visual de la pel\u00edcula.<\/p>\n<p data-start=\"326\" data-end=\"825\">La mu\u00f1eca luce cabello casta\u00f1o, camiseta roja con gr\u00e1fico <strong data-start=\"384\" data-end=\"402\">101 Dalmatians<\/strong>, chaleco con estampado d\u00e1lmata, falda negra brillante, calcetines con motivo de manchas y gafas blancas sobre la cabeza. El conjunto se completa con bolso a juego y accessori visibles en el interior, entre ellos dos peque\u00f1os cachorros, un cuenco y elementos decorativos relacionados con los d\u00e1lmatas. La scatola mantiene el dise\u00f1o original en tonos rojo, blanco, negro y amarillo, con ilustraciones de cachorros en el fondo.<\/p>\n<h3 data-section-id=\"17yn8px\" data-start=\"827\" data-end=\"846\">Caracter\u00edsticas<\/h3>\n<ul data-start=\"847\" data-end=\"1216\">\n<li data-section-id=\"19apsdk\" data-start=\"847\" data-end=\"881\">Barbie 101 Dalmatians Brunette<\/li>\n<li data-section-id=\"10lk078\" data-start=\"882\" data-end=\"895\">A\u00f1o: 1998<\/li>\n<li data-section-id=\"1lfcu17\" data-start=\"896\" data-end=\"913\">Marca: Mattel<\/li>\n<li data-section-id=\"1k1a8jh\" data-start=\"914\" data-end=\"933\">Special Edition<\/li>\n<li data-section-id=\"14o17qh\" data-start=\"934\" data-end=\"960\">Scatola original incluida<\/li>\n<li data-section-id=\"n8yni9\" data-start=\"961\" data-end=\"1002\">Inspirada en 101 Dalmatians de Disney<\/li>\n<li data-section-id=\"d3lkc8\" data-start=\"1003\" data-end=\"1022\">Cabello casta\u00f1o oscuro.<\/li>\n<li data-section-id=\"1lmr64a\" data-start=\"1023\" data-end=\"1067\">Camiseta roja con gr\u00e1fico 101 Dalmatians<\/li>\n<li data-section-id=\"1vmqrq9\" data-start=\"1068\" data-end=\"1101\">Chaleco con estampado d\u00e1lmata<\/li>\n<li data-section-id=\"zy8qla\" data-start=\"1102\" data-end=\"1127\">Falda negra brillante<\/li>\n<li data-section-id=\"8tajwq\" data-start=\"1128\" data-end=\"1145\">Gafas blancas<\/li>\n<li data-section-id=\"1srnj3a\" data-start=\"1146\" data-end=\"1163\">Bolso a juego<\/li>\n<li data-section-id=\"1sklo7l\" data-start=\"1164\" data-end=\"1216\">Include peque\u00f1os cachorros y accessori<\/li>\n<\/ul>\n<h3 data-section-id=\"g3wdou\" data-start=\"1218\" data-end=\"1228\">Estado<\/h3>\n<ul data-start=\"1229\" data-end=\"1396\">\n<li data-section-id=\"1k5e6da\" data-start=\"1229\" data-end=\"1259\">Producto con scatola original<\/li>\n<li data-section-id=\"191k5ov\" data-start=\"1260\" data-end=\"1313\">Scatola con se\u00f1ales visibles de almacenamiento y uso<\/li>\n<li data-section-id=\"15ifueg\" data-start=\"1314\" data-end=\"1355\">Desgaste visible en bordes y esquinas<\/li>\n<li data-section-id=\"1hllvsj\" data-start=\"1356\" data-end=\"1396\">Accesorios descolgados dentro de la scatola.<\/li>\n<\/ul>\n","protected":false},"excerpt":{"rendered":"<p>Bambola da collezione Disney Barbie 101 Dalmatians Brunette del 1998. Nuova, mai rimossa dalla scatola. Scatola in buone condizioni, pu\u00f2 mostrare segni del tempo.<\/p>\n<p>Articolo di seconda mano.<\/p>\n","protected":false},"featured_media":47206,"template":"","meta":{"_acf_changed":false,"_jet_sm_ready_style":"","_jet_sm_style":"","_jet_sm_controls_values":"","_jet_sm_fonts_collection":"","_jet_sm_fonts_links":""},"product_brand":[227],"product_cat":[230,310,231,309],"product_tag":[],"class_list":{"0":"post-47205","1":"product","2":"type-product","3":"status-publish","4":"has-post-thumbnail","6":"product_brand-mattel","7":"product_cat-bambole-barbie","8":"product_cat-bambole-disney","9":"product_cat-collezione-barbie","10":"product_cat-disney","11":"sales-flash-overlay","12":"woocommerce-text-align-center","13":"woocommerce-image-align-center","14":"do-quantity-buttons","15":"wc-has-gallery","17":"first","18":"instock","19":"shipping-taxable","20":"purchasable","21":"product-type-simple"},"acf":[],"_links":{"self":[{"href":"https:\/\/beckertoys.com\/it\/wp-json\/wp\/v2\/product\/47205","targetHints":{"allow":["GET"]}}],"collection":[{"href":"https:\/\/beckertoys.com\/it\/wp-json\/wp\/v2\/product"}],"about":[{"href":"https:\/\/beckertoys.com\/it\/wp-json\/wp\/v2\/types\/product"}],"version-history":[{"count":1,"href":"https:\/\/beckertoys.com\/it\/wp-json\/wp\/v2\/product\/47205\/revisions"}],"predecessor-version":[{"id":47876,"href":"https:\/\/beckertoys.com\/it\/wp-json\/wp\/v2\/product\/47205\/revisions\/47876"}],"wp:featuredmedia":[{"embeddable":true,"href":"https:\/\/beckertoys.com\/it\/wp-json\/wp\/v2\/media\/47206"}],"wp:attachment":[{"href":"https:\/\/beckertoys.com\/it\/wp-json\/wp\/v2\/media?parent=47205"}],"wp:term":[{"taxonomy":"product_brand","embeddable":true,"href":"https:\/\/beckertoys.com\/it\/wp-json\/wp\/v2\/product_brand?post=47205"},{"taxonomy":"product_cat","embeddable":true,"href":"https:\/\/beckertoys.com\/it\/wp-json\/wp\/v2\/product_cat?post=47205"},{"taxonomy":"product_tag","embeddable":true,"href":"https:\/\/beckertoys.com\/it\/wp-json\/wp\/v2\/product_tag?post=47205"}],"curies":[{"name":"wp","href":"https:\/\/api.w.org\/{rel}","templated":true}]}}