{"id":41177,"date":"2024-04-09T11:30:44","date_gmt":"2024-04-09T09:30:44","guid":{"rendered":"https:\/\/beckertoys.com\/envios\/"},"modified":"2026-05-13T22:58:16","modified_gmt":"2026-05-13T20:58:16","slug":"envios","status":"publish","type":"page","link":"https:\/\/beckertoys.com\/pt-pt\/envios\/","title":{"rendered":"Envios"},"content":{"rendered":"\t\t<div data-elementor-type=\"wp-page\" data-elementor-id=\"41177\" class=\"elementor elementor-41177 elementor-452\" data-elementor-post-type=\"page\">\n\t\t\t\t<div class=\"elementor-element elementor-element-117d697 e-flex e-con-boxed e-con e-parent\" data-id=\"117d697\" data-element_type=\"container\" data-e-type=\"container\" data-settings=\"{&quot;jet_parallax_layout_list&quot;:[]}\">\n\t\t\t\t\t<div class=\"e-con-inner\">\n\t\t<div class=\"elementor-element elementor-element-342ea60 e-con-full e-flex e-con e-child\" data-id=\"342ea60\" data-element_type=\"container\" data-e-type=\"container\" data-settings=\"{&quot;jet_parallax_layout_list&quot;:[]}\">\n\t\t\t\t<\/div>\n\t\t<div class=\"elementor-element elementor-element-b137272 e-con-full e-flex e-con e-child\" data-id=\"b137272\" data-element_type=\"container\" data-e-type=\"container\" data-settings=\"{&quot;jet_parallax_layout_list&quot;:[]}\">\n\t\t\t\t<div class=\"elementor-element elementor-element-39e044c elementor-widget elementor-widget-heading\" data-id=\"39e044c\" data-element_type=\"widget\" data-e-type=\"widget\" data-widget_type=\"heading.default\">\n\t\t\t\t<div class=\"elementor-widget-container\">\n\t\t\t\t\t<h2 class=\"elementor-heading-title elementor-size-default\">Envios<\/h2>\t\t\t\t<\/div>\n\t\t\t\t<\/div>\n\t\t\t\t<\/div>\n\t\t<div class=\"elementor-element elementor-element-ce8f7a9 e-con-full e-flex e-con e-child\" data-id=\"ce8f7a9\" data-element_type=\"container\" data-e-type=\"container\" data-settings=\"{&quot;jet_parallax_layout_list&quot;:[]}\">\n\t\t\t\t<\/div>\n\t\t\t\t\t<\/div>\n\t\t\t\t<\/div>\n\t\t<div class=\"elementor-element elementor-element-a6d8fb8 e-flex e-con-boxed e-con e-parent\" data-id=\"a6d8fb8\" data-element_type=\"container\" data-e-type=\"container\" data-settings=\"{&quot;jet_parallax_layout_list&quot;:[]}\">\n\t\t\t\t\t<div class=\"e-con-inner\">\n\t\t<div class=\"elementor-element elementor-element-2a84696 e-con-full e-flex e-con e-child\" data-id=\"2a84696\" data-element_type=\"container\" data-e-type=\"container\" data-settings=\"{&quot;jet_parallax_layout_list&quot;:[]}\">\n\t\t\t\t<\/div>\n\t\t<div class=\"elementor-element elementor-element-0adc110 e-con-full e-flex e-con e-child\" data-id=\"0adc110\" data-element_type=\"container\" data-e-type=\"container\" data-settings=\"{&quot;jet_parallax_layout_list&quot;:[]}\">\n\t\t\t\t<div class=\"elementor-element elementor-element-02b165a elementor-widget elementor-widget-text-editor\" data-id=\"02b165a\" data-element_type=\"widget\" data-e-type=\"widget\" data-widget_type=\"text-editor.default\">\n\t\t\t\t<div class=\"elementor-widget-container\">\n\t\t\t\t\t\t\t\t\t<ul><li>Os paquetes se despachan o se solicita la recogida en el mismo d\u00eda si el pago se efect\u00faa antes de las 13 pm.<\/li><li>Todos los art\u00edculos se env\u00edan en una caja de cart\u00f3n reciclado y envueltos con pl\u00e1stico de burbujas.<\/li><li>Si se ha elegido un envio a oficina o punto de recogida, indique su direcci\u00f3n en observaciones, en caso contrario se enviar\u00e1 al lugar mas pr\u00f3ximo a la direcci\u00f3n de envio.<\/li><li>Si el paquete presenta da\u00f1os por el envio, por favor documentarlo con fotograf\u00edas y enviarlas a <a href=\"mailto:info@beckertoys.com\">info@beckertoys.com<\/a>\u00a0en un plazo m\u00e1ximo de 48 horas.<\/li><\/ul>\t\t\t\t\t\t\t\t<\/div>\n\t\t\t\t<\/div>\n\t\t\t\t<\/div>\n\t\t<div class=\"elementor-element elementor-element-27aa240 e-con-full e-flex e-con e-child\" data-id=\"27aa240\" data-element_type=\"container\" data-e-type=\"container\" data-settings=\"{&quot;jet_parallax_layout_list&quot;:[]}\">\n\t\t\t\t<\/div>\n\t\t\t\t\t<\/div>\n\t\t\t\t<\/div>\n\t\t<div class=\"elementor-element elementor-element-8528720 e-flex e-con-boxed e-con e-parent\" data-id=\"8528720\" data-element_type=\"container\" data-e-type=\"container\" data-settings=\"{&quot;jet_parallax_layout_list&quot;:[]}\">\n\t\t\t\t\t<div class=\"e-con-inner\">\n\t\t<div class=\"elementor-element elementor-element-689a153 e-con-full e-flex e-con e-child\" data-id=\"689a153\" data-element_type=\"container\" data-e-type=\"container\" data-settings=\"{&quot;jet_parallax_layout_list&quot;:[]}\">\n\t\t\t\t<\/div>\n\t\t<div class=\"elementor-element elementor-element-63cf351 e-con-full e-flex e-con e-child\" data-id=\"63cf351\" data-element_type=\"container\" data-e-type=\"container\" data-settings=\"{&quot;jet_parallax_layout_list&quot;:[]}\">\n\t\t\t\t<div class=\"elementor-element elementor-element-d18f5d5 elementor-widget elementor-widget-heading\" data-id=\"d18f5d5\" data-element_type=\"widget\" data-e-type=\"widget\" data-widget_type=\"heading.default\">\n\t\t\t\t<div class=\"elementor-widget-container\">\n\t\t\t\t\t<h3 class=\"elementor-heading-title elementor-size-default\">Pre\u00e7os e condi\u00e7\u00f5es do envio gr\u00e1tis<\/h3>\t\t\t\t<\/div>\n\t\t\t\t<\/div>\n\t\t\t\t<\/div>\n\t\t<div class=\"elementor-element elementor-element-af17c34 e-con-full e-flex e-con e-child\" data-id=\"af17c34\" data-element_type=\"container\" data-e-type=\"container\" data-settings=\"{&quot;jet_parallax_layout_list&quot;:[]}\">\n\t\t\t\t<\/div>\n\t\t\t\t\t<\/div>\n\t\t\t\t<\/div>\n\t\t<div class=\"elementor-element elementor-element-a83a934 e-flex e-con-boxed e-con e-parent\" data-id=\"a83a934\" data-element_type=\"container\" data-e-type=\"container\" data-settings=\"{&quot;background_background&quot;:&quot;classic&quot;,&quot;jet_parallax_layout_list&quot;:[]}\">\n\t\t\t\t\t<div class=\"e-con-inner\">\n\t\t<div class=\"elementor-element elementor-element-b68b46a e-con-full e-flex e-con e-child\" data-id=\"b68b46a\" data-element_type=\"container\" data-e-type=\"container\" data-settings=\"{&quot;background_background&quot;:&quot;classic&quot;,&quot;jet_parallax_layout_list&quot;:[]}\">\n\t\t\t\t<div class=\"elementor-element elementor-element-9813b98 elementor-widget elementor-widget-heading\" data-id=\"9813b98\" data-element_type=\"widget\" data-e-type=\"widget\" data-widget_type=\"heading.default\">\n\t\t\t\t<div class=\"elementor-widget-container\">\n\t\t\t\t\t<h4 class=\"elementor-heading-title elementor-size-default\">Envios nacionais<\/h4>\t\t\t\t<\/div>\n\t\t\t\t<\/div>\n\t\t\t\t<div class=\"elementor-element elementor-element-138f550 elementor-widget elementor-widget-text-editor\" data-id=\"138f550\" data-element_type=\"widget\" data-e-type=\"widget\" data-widget_type=\"text-editor.default\">\n\t\t\t\t<div class=\"elementor-widget-container\">\n\t\t\t\t\t\t\t\t\t<ul><li><strong>Espa\u00f1a Peninsular:\u00a0<\/strong><br \/>Oficina correos = 2,69\u20ac<br \/>Punto InPost = 2,99\u20ac<br \/>Domicilio = 3,20\u20ac<br \/>Envio GRATIS = Pedidos superiores a 65\u20ac<br \/>(Envio Gr\u00e1tis ser\u00e1 a oficina Correos)((Se podr\u00e1 pagar un recargo de 0,60\u20ac para poder enviar a domicilio en este caso))<br \/><br \/><\/li><li><strong>Baleares:<br \/><\/strong>Oficina Correos = 2,69\u20ac<br \/>Punto InPost = 3,50\u20ac<br \/>Domicilio(paqueter\u00eda de Correos) = 8.95\u20ac<br \/>Envio Gr\u00e1tis SOLO a Oficina de Correos, (a domicilio consultar el recargo a a\u00f1adir) = Pedidos superiores a 65\u20ac<\/li><\/ul><ul><li><strong>Islas Canarias:<\/strong><br \/>Consultar gastos de envio\u00b9.<p>*En caso de que se apliquen tasas aduaneras estos gastos corren por cuenta del cliente.<\/p><\/li><li><strong>Ceuta y Melilla:<\/strong><br \/>Envio Paq Correos = 7,50\u20ac<p>*En caso de que se apliquen tasas aduaneras estos gastos corren por cuenta del cliente.<\/p><\/li><\/ul>\t\t\t\t\t\t\t\t<\/div>\n\t\t\t\t<\/div>\n\t\t\t\t<\/div>\n\t\t<div class=\"elementor-element elementor-element-05315b8 e-con-full e-flex e-con e-child\" data-id=\"05315b8\" data-element_type=\"container\" data-e-type=\"container\" data-settings=\"{&quot;background_background&quot;:&quot;classic&quot;,&quot;jet_parallax_layout_list&quot;:[]}\">\n\t\t\t\t<div class=\"elementor-element elementor-element-ced805b elementor-widget elementor-widget-heading\" data-id=\"ced805b\" data-element_type=\"widget\" data-e-type=\"widget\" data-widget_type=\"heading.default\">\n\t\t\t\t<div class=\"elementor-widget-container\">\n\t\t\t\t\t<h4 class=\"elementor-heading-title elementor-size-default\">Envios internacionais<\/h4>\t\t\t\t<\/div>\n\t\t\t\t<\/div>\n\t\t\t\t<div class=\"elementor-element elementor-element-89508c0 elementor-widget elementor-widget-text-editor\" data-id=\"89508c0\" data-element_type=\"widget\" data-e-type=\"widget\" data-widget_type=\"text-editor.default\">\n\t\t\t\t<div class=\"elementor-widget-container\">\n\t\t\t\t\t\t\t\t\t<ul><li><strong>Fran\u00e7a:<\/strong><br \/>Point Relais= 5,49\u20ac<\/li><li><strong>Portugal:<\/strong><br \/>Entrega ao domic\u00edlio= 5,99\u20ac<br \/>Ponto Pack= 3,99\u20ac<\/li><li><strong>It\u00e1lia:<\/strong><br \/>Ponto de recolha InPost= 5,99\u20ac<\/li><li><strong>Pa\u00edses Baixos:<\/strong><br \/>Ponto de recolha InPost= 5,49\u20ac<\/li><li><strong>B\u00e9lgica:<\/strong><br \/>Point Relais= 5,49\u20ac<\/li><\/ul>\t\t\t\t\t\t\t\t<\/div>\n\t\t\t\t<\/div>\n\t\t\t\t<\/div>\n\t\t\t\t\t<\/div>\n\t\t\t\t<\/div>\n\t\t<div class=\"elementor-element elementor-element-f807430 e-flex e-con-boxed e-con e-parent\" data-id=\"f807430\" data-element_type=\"container\" data-e-type=\"container\" data-settings=\"{&quot;jet_parallax_layout_list&quot;:[]}\">\n\t\t\t\t\t<div class=\"e-con-inner\">\n\t\t\t\t<div class=\"elementor-element elementor-element-d7bd506 elementor-widget elementor-widget-text-editor\" data-id=\"d7bd506\" data-element_type=\"widget\" data-e-type=\"widget\" data-widget_type=\"text-editor.default\">\n\t\t\t\t<div class=\"elementor-widget-container\">\n\t\t\t\t\t\t\t\t\t<p>\u00b9O procedimiento para el envio a las Islas Canarias es el siguiente:<br>1- Realizar el pedido con normalidad e indicar el DNI en observaciones.&nbsp;<br>2- Se proceder\u00e1 al embalado con toma de peso y medidas de longitud para calcular los gastos de envio.<br>3- Se a\u00f1adir\u00e1 el costo del envio y este se accede\/paga en la secci\u00f3n dentro de &#8220;A Minha Conta&#8221; llamada &#8220;Pedidos&#8221;.<\/p>\n<p><em>*En caso de que la zona de envio no aparezca arriba env\u00eda un email a <a href=\"mailto:info@beckertoys.com\">info@beckertoys.com<\/a> con tu direcci\u00f3n y los articulos deseados y se contestar\u00e1 con el presupuesto total.<\/em><\/p>\n<p><em>*En caso de que se desee otro tipo de envio diferente a los de arriba mencionados, env\u00eda un email a <a href=\"mailto:info@beckertoys.com\">info@beckertoys.com<\/a> con la direcci\u00f3n, el tipo de envio y art\u00edculos deseados.&nbsp;<\/em><\/p>\n<p><em>*Si no se recoge el pedido y este viene devuelto no se reembolsar\u00e1n los gastos de envio, incluso si el envio es gratuito, se le restar\u00e1 el importe de coste del envio que nos ha costado a la devoluci\u00f3n. En caso de un envio devuelto de un punto InPost, y debido a que este segundo envio debemos de abonarlo, el cliente nos adeudar\u00e1 3,99\u20ac extra de este segundo envio.<\/em><\/p>\n<p>*Cualquier otra duda relacionada con el envio puedes hac\u00e9rnosla saber en la direcci\u00f3n de correo (<a href=\"mailto:info@beckertoys.com\">info@beckertoys.com<\/a>) o cualquier otro medio de contacto.<\/p>\t\t\t\t\t\t\t\t<\/div>\n\t\t\t\t<\/div>\n\t\t\t\t\t<\/div>\n\t\t\t\t<\/div>\n\t\t\t\t<\/div>\n\t\t","protected":false},"excerpt":{"rendered":"<p>Envios Os paquetes se despachan o se solicita la recogida en el mismo d\u00eda si el pago se efect\u00faa antes de las 13 pm. Todos los art\u00edculos se env\u00edan en una caja de cart\u00f3n reciclado y envueltos con pl\u00e1stico de burbujas. Si se ha elegido un envio a oficina o punto de recogida, indique su &#8230; <a title=\"Envios\" class=\"read-more\" href=\"https:\/\/beckertoys.com\/pt-pt\/envios\/\" aria-label=\"Leia mais sobre Envios\">Ler mais<\/a><\/p>\n","protected":false},"author":1,"featured_media":0,"parent":0,"menu_order":0,"comment_status":"closed","ping_status":"closed","template":"elementor_header_footer","meta":{"_acf_changed":false,"_jet_sm_ready_style":"","_jet_sm_style":"","_jet_sm_controls_values":"","_jet_sm_fonts_collection":"","_jet_sm_fonts_links":"","footnotes":""},"class_list":["post-41177","page","type-page","status-publish"],"acf":[],"_links":{"self":[{"href":"https:\/\/beckertoys.com\/pt-pt\/wp-json\/wp\/v2\/pages\/41177","targetHints":{"allow":["GET"]}}],"collection":[{"href":"https:\/\/beckertoys.com\/pt-pt\/wp-json\/wp\/v2\/pages"}],"about":[{"href":"https:\/\/beckertoys.com\/pt-pt\/wp-json\/wp\/v2\/types\/page"}],"author":[{"embeddable":true,"href":"https:\/\/beckertoys.com\/pt-pt\/wp-json\/wp\/v2\/users\/1"}],"replies":[{"embeddable":true,"href":"https:\/\/beckertoys.com\/pt-pt\/wp-json\/wp\/v2\/comments?post=41177"}],"version-history":[{"count":10,"href":"https:\/\/beckertoys.com\/pt-pt\/wp-json\/wp\/v2\/pages\/41177\/revisions"}],"predecessor-version":[{"id":42999,"href":"https:\/\/beckertoys.com\/pt-pt\/wp-json\/wp\/v2\/pages\/41177\/revisions\/42999"}],"wp:attachment":[{"href":"https:\/\/beckertoys.com\/pt-pt\/wp-json\/wp\/v2\/media?parent=41177"}],"curies":[{"name":"wp","href":"https:\/\/api.w.org\/{rel}","templated":true}]}}